
{"id":15232,"date":"2023-10-29T14:29:24","date_gmt":"2023-10-29T14:29:24","guid":{"rendered":"https:\/\/azurefilm.com\/product\/komplet-konektorjev-jst-xh2\/"},"modified":"2026-03-10T14:05:21","modified_gmt":"2026-03-10T14:05:21","slug":"komplet-konektorjev-jst-xh2","status":"publish","type":"product","link":"https:\/\/azurefilm.com\/sl\/izdelek\/komplet-konektorjev-jst-xh2\/","title":{"rendered":"Komplet konektorjev JST-XH2"},"content":{"rendered":"<h2><strong>Klju\u010dne lastnosti:<\/strong><\/h2>\n<ul>\n<li> \u0160iroko se uporablja v elektri\u010dnih napravah, robotih, razsvetljavi, igra\u010dah, nadzornih plo\u0161\u010dah PCB, gospodinjskih aparatih itd.<\/li>\n<li>Zdru\u017eljivo z Arduino in konektorji v obliki mati\u010dne plo\u0161\u010de, kot je 3D tiskalni\u0161ka plo\u0161\u010da itd.<\/li>\n<li>Konektorje preprosto namestite v primerno orodje za stiskanje in jih pritisnite in kovinske sponke bodo popolnoma integrirane v \u017eice.<\/li>\n<li>Ta komplet vklju\u010duje 2Pin, 3Pin, 4Pin, 5Pin, 6Pin, \u017eenske in mo\u0161ke konektorje ter 2,54 mm kovinski konektor.<\/li>\n<\/ul>\n<h2><strong>Paket vklju\u010duje:<\/strong><\/h2>\n<p>\u25cf 20 kosov x JST-XH-2P vti\u010dnice.<br \/>\n\u25cf 20 kosov x JST-XH-2P priklju\u010dkov.<\/p>\n<p>\u25cf 20 kosov x JST-XH-3P vti\u010dnice.<br \/>\n\u25cf 20 kosov x JST XH 3P vti\u010d.<\/p>\n<p>\u25cf 20 kosov x JST-XH-4P vti\u010dnice.<br \/>\n\u25cf 20 kosov x JST XH 4P priklju\u010dkov.<\/p>\n<p>\u25cf 10 kosov x JST-XH-5P vti\u010dnice.<br \/>\n\u25cf 10 kosov x JST-XH-5P vti\u010d.<\/p>\n<p>\u25cf 10 kosov x JST-XH-6P vti\u010dnice.<br \/>\n\u25cf 10 kosov x JST XH 6P priklju\u010dkov.<\/p>\n<p>\u25cf 300 kosov x 2,54 mm kovinske vti\u010dnice.<br \/>\n1 x plasti\u010dna \u0161katla.<\/p>\n","protected":false},"excerpt":{"rendered":"<p><strong>Komplet konektorjev JST-XH2<\/strong>vklju\u010duje 2Pin, 3Pin, 4Pin, 5Pin, 6Pin, \u017eenske in mo\u0161ke konektorje ter 2,54 mm kovinski priklju\u010dek.<\/p>\n","protected":false},"featured_media":8378,"comment_status":"closed","ping_status":"closed","template":"","meta":{"_acf_changed":false},"product_brand":[],"product_cat":[788,760,761,759],"product_tag":[],"brand":[],"class_list":{"0":"post-15232","1":"product","2":"type-product","3":"status-publish","4":"has-post-thumbnail","6":"product_cat-drugi-predmeti","7":"product_cat-rezervni-deli","8":"product_cat-vsi-rezervni-deli","9":"product_cat-znizano","11":"first","12":"instock","13":"sale","14":"taxable","15":"shipping-taxable","16":"purchasable","17":"product-type-simple"},"acf":[],"_links":{"self":[{"href":"https:\/\/azurefilm.com\/sl\/wp-json\/wp\/v2\/product\/15232","targetHints":{"allow":["GET"]}}],"collection":[{"href":"https:\/\/azurefilm.com\/sl\/wp-json\/wp\/v2\/product"}],"about":[{"href":"https:\/\/azurefilm.com\/sl\/wp-json\/wp\/v2\/types\/product"}],"replies":[{"embeddable":true,"href":"https:\/\/azurefilm.com\/sl\/wp-json\/wp\/v2\/comments?post=15232"}],"wp:featuredmedia":[{"embeddable":true,"href":"https:\/\/azurefilm.com\/sl\/wp-json\/wp\/v2\/media\/8378"}],"wp:attachment":[{"href":"https:\/\/azurefilm.com\/sl\/wp-json\/wp\/v2\/media?parent=15232"}],"wp:term":[{"taxonomy":"product_brand","embeddable":true,"href":"https:\/\/azurefilm.com\/sl\/wp-json\/wp\/v2\/product_brand?post=15232"},{"taxonomy":"product_cat","embeddable":true,"href":"https:\/\/azurefilm.com\/sl\/wp-json\/wp\/v2\/product_cat?post=15232"},{"taxonomy":"product_tag","embeddable":true,"href":"https:\/\/azurefilm.com\/sl\/wp-json\/wp\/v2\/product_tag?post=15232"},{"taxonomy":"brand","embeddable":true,"href":"https:\/\/azurefilm.com\/sl\/wp-json\/wp\/v2\/brand?post=15232"}],"curies":[{"name":"wp","href":"https:\/\/api.w.org\/{rel}","templated":true}]}}