
{"id":15233,"date":"2023-10-29T14:29:24","date_gmt":"2023-10-29T14:29:24","guid":{"rendered":"https:\/\/azurefilm.com\/product\/krizni-kljuc-za-matice\/"},"modified":"2026-01-03T16:31:23","modified_gmt":"2026-01-03T16:31:23","slug":"krizni-kljuc-za-matice","status":"publish","type":"product","link":"https:\/\/azurefilm.com\/sl\/izdelek\/krizni-kljuc-za-matice\/","title":{"rendered":"Kri\u017eni klju\u010d za matice"},"content":{"rendered":"<h2><strong>Klju\u010dne lastnosti:<\/strong><\/h2>\n<ul>\n<li>Primerno za M2, M2.5, M3, M4 vija\u010dno matico<\/li>\n<li>S tulcem kri\u017enega klju\u010da lahko med drugimi popravili enostavno zamenjate \u0161obo na 3D-tiskalniku.<\/li>\n<li>Izdelan iz visokokakovostnih materialov, lahek in enostaven za prena\u0161anje.<\/li>\n<li>Odporen proti rji in vzdr\u017eljiv,<\/li>\n<li>Ima dolgo \u017eivljenjsko dobo in se lahko uporablja dolgo \u010dasa.<\/li>\n<li>Je majhne velikosti in ga lahko prena\u0161ate kamor koli kot prenosno orodje.<\/li>\n<li>Lahko se \u0161iroko uporablja v gospodinjskih DIY, avtomobilskih delih, obdelavi lesa, poklicni mehaniki in tako naprej.<\/li>\n<li>Barva: srebrna<\/li>\n<li>Material: kovina<\/li>\n<\/ul>\n","protected":false},"excerpt":{"rendered":"<p><strong>Kri\u017eni Klju\u010d za matice<\/strong> primeren za vija\u010dne matice M2, M2.5, M3, M4.<\/p>\n","protected":false},"featured_media":8399,"comment_status":"closed","ping_status":"closed","template":"","meta":{"_acf_changed":false},"product_brand":[],"product_cat":[788,760,761,759],"product_tag":[],"brand":[],"class_list":{"0":"post-15233","1":"product","2":"type-product","3":"status-publish","4":"has-post-thumbnail","6":"product_cat-drugi-predmeti","7":"product_cat-rezervni-deli","8":"product_cat-vsi-rezervni-deli","9":"product_cat-znizano","11":"first","12":"instock","13":"sale","14":"taxable","15":"shipping-taxable","16":"purchasable","17":"product-type-simple"},"acf":[],"_links":{"self":[{"href":"https:\/\/azurefilm.com\/sl\/wp-json\/wp\/v2\/product\/15233","targetHints":{"allow":["GET"]}}],"collection":[{"href":"https:\/\/azurefilm.com\/sl\/wp-json\/wp\/v2\/product"}],"about":[{"href":"https:\/\/azurefilm.com\/sl\/wp-json\/wp\/v2\/types\/product"}],"replies":[{"embeddable":true,"href":"https:\/\/azurefilm.com\/sl\/wp-json\/wp\/v2\/comments?post=15233"}],"wp:featuredmedia":[{"embeddable":true,"href":"https:\/\/azurefilm.com\/sl\/wp-json\/wp\/v2\/media\/8399"}],"wp:attachment":[{"href":"https:\/\/azurefilm.com\/sl\/wp-json\/wp\/v2\/media?parent=15233"}],"wp:term":[{"taxonomy":"product_brand","embeddable":true,"href":"https:\/\/azurefilm.com\/sl\/wp-json\/wp\/v2\/product_brand?post=15233"},{"taxonomy":"product_cat","embeddable":true,"href":"https:\/\/azurefilm.com\/sl\/wp-json\/wp\/v2\/product_cat?post=15233"},{"taxonomy":"product_tag","embeddable":true,"href":"https:\/\/azurefilm.com\/sl\/wp-json\/wp\/v2\/product_tag?post=15233"},{"taxonomy":"brand","embeddable":true,"href":"https:\/\/azurefilm.com\/sl\/wp-json\/wp\/v2\/brand?post=15233"}],"curies":[{"name":"wp","href":"https:\/\/api.w.org\/{rel}","templated":true}]}}