
{"id":15234,"date":"2023-10-29T14:29:24","date_gmt":"2023-10-29T14:29:24","guid":{"rendered":"https:\/\/azurefilm.com\/product\/vzmetna-sponka\/"},"modified":"2026-03-19T19:46:23","modified_gmt":"2026-03-19T19:46:23","slug":"vzmetna-sponka","status":"publish","type":"product","link":"https:\/\/azurefilm.com\/sl\/izdelek\/vzmetna-sponka\/","title":{"rendered":"Vzmetna sponka"},"content":{"rendered":"<p>Ta plasti\u010dna vzmetna sponka je obi\u010dajno orodje za vsakega doma\u010dega mojstra. Ne drsi in ima dobro vpenjalno silo, zaradi \u010desar je obdelava lesa veliko la\u017eja.<\/p>\n<h2><strong>Klju\u010dne lastnosti:<\/strong><\/h2>\n<ul>\n<li>Mo\u010dna in trpe\u017ena za vse va\u0161e potrebe po vpenjanju.<\/li>\n<li>Odporna proti rji.<\/li>\n<li>Oblikovana \u010deljust za dr\u017eanje okroglih in nenavadnih predmetov.<\/li>\n<li>Pro\u017ene blazinice zagotavljajo bolj\u0161i oprijem.<\/li>\n<li>Ro\u010daji oblikovani za udoben razpon rok.<\/li>\n<li>Visoka kakovost in vzdr\u017eljivost.<\/li>\n<li>Barva: \u010drna in oran\u017ena.<\/li>\n<li>Material: plastika.<\/li>\n<\/ul>\n","protected":false},"excerpt":{"rendered":"<p><strong>Vzmetna sponka<\/strong> je obi\u010dajno orodje za vsakega doma\u010dega mojstra. Je nedrse\u010da in ima dobro vpenjalno silo, zaradi \u010desar bo va\u0161e delo veliko la\u017eje.<\/p>\n","protected":false},"featured_media":8412,"comment_status":"closed","ping_status":"closed","template":"","meta":{"_acf_changed":false},"product_brand":[],"product_cat":[788,760,761,759],"product_tag":[],"brand":[],"class_list":{"0":"post-15234","1":"product","2":"type-product","3":"status-publish","4":"has-post-thumbnail","6":"product_cat-drugi-predmeti","7":"product_cat-rezervni-deli","8":"product_cat-vsi-rezervni-deli","9":"product_cat-znizano","11":"first","12":"instock","13":"sale","14":"taxable","15":"shipping-taxable","16":"purchasable","17":"product-type-variable"},"acf":[],"_links":{"self":[{"href":"https:\/\/azurefilm.com\/sl\/wp-json\/wp\/v2\/product\/15234","targetHints":{"allow":["GET"]}}],"collection":[{"href":"https:\/\/azurefilm.com\/sl\/wp-json\/wp\/v2\/product"}],"about":[{"href":"https:\/\/azurefilm.com\/sl\/wp-json\/wp\/v2\/types\/product"}],"replies":[{"embeddable":true,"href":"https:\/\/azurefilm.com\/sl\/wp-json\/wp\/v2\/comments?post=15234"}],"wp:featuredmedia":[{"embeddable":true,"href":"https:\/\/azurefilm.com\/sl\/wp-json\/wp\/v2\/media\/8412"}],"wp:attachment":[{"href":"https:\/\/azurefilm.com\/sl\/wp-json\/wp\/v2\/media?parent=15234"}],"wp:term":[{"taxonomy":"product_brand","embeddable":true,"href":"https:\/\/azurefilm.com\/sl\/wp-json\/wp\/v2\/product_brand?post=15234"},{"taxonomy":"product_cat","embeddable":true,"href":"https:\/\/azurefilm.com\/sl\/wp-json\/wp\/v2\/product_cat?post=15234"},{"taxonomy":"product_tag","embeddable":true,"href":"https:\/\/azurefilm.com\/sl\/wp-json\/wp\/v2\/product_tag?post=15234"},{"taxonomy":"brand","embeddable":true,"href":"https:\/\/azurefilm.com\/sl\/wp-json\/wp\/v2\/brand?post=15234"}],"curies":[{"name":"wp","href":"https:\/\/api.w.org\/{rel}","templated":true}]}}