
{"id":15235,"date":"2023-10-29T14:29:24","date_gmt":"2023-10-29T14:29:24","guid":{"rendered":"https:\/\/azurefilm.com\/product\/aluminijasti-panti\/"},"modified":"2026-03-05T17:10:07","modified_gmt":"2026-03-05T17:10:07","slug":"aluminijasti-panti","status":"publish","type":"product","link":"https:\/\/azurefilm.com\/sl\/izdelek\/aluminijasti-panti\/","title":{"rendered":"Aluminijasti panti"},"content":{"rendered":"<h2><strong>Klju\u010dne lastnosti:<\/strong><\/h2>\n<ul>\n<li>Podro\u010dja uporabe: stikalne naprave, omarice za napajanje, omarice za distribucijo elektri\u010dne energije, krmilne omarice, omarice Rittal PS, omarice GGD, mehanska oprema itd.<\/li>\n<li>Izdelani iz visokokakovostnega aluminija.<\/li>\n<li>Te\u010daji so trpe\u017eni, odporni proti koroziji in imajo dolgo \u017eivljenjsko dobo.<\/li>\n<li>Priro\u010dni za namestitev z vijaki, vijaki niso prilo\u017eeni.<\/li>\n<li>Barva: \u010drna<\/li>\n<\/ul>\n","protected":false},"excerpt":{"rendered":"<p><strong>Aluminijasti panti<\/strong> so vzdr\u017eljivi, odporni proti koroziji in imajo dolgo \u017eivljenjsko dobo.<\/p>\n","protected":false},"featured_media":8425,"comment_status":"closed","ping_status":"closed","template":"","meta":{"_acf_changed":false},"product_brand":[],"product_cat":[788,760,761,759],"product_tag":[],"brand":[],"class_list":{"0":"post-15235","1":"product","2":"type-product","3":"status-publish","4":"has-post-thumbnail","6":"product_cat-drugi-predmeti","7":"product_cat-rezervni-deli","8":"product_cat-vsi-rezervni-deli","9":"product_cat-znizano","11":"first","12":"instock","13":"sale","14":"taxable","15":"shipping-taxable","16":"purchasable","17":"product-type-simple"},"acf":[],"_links":{"self":[{"href":"https:\/\/azurefilm.com\/sl\/wp-json\/wp\/v2\/product\/15235","targetHints":{"allow":["GET"]}}],"collection":[{"href":"https:\/\/azurefilm.com\/sl\/wp-json\/wp\/v2\/product"}],"about":[{"href":"https:\/\/azurefilm.com\/sl\/wp-json\/wp\/v2\/types\/product"}],"replies":[{"embeddable":true,"href":"https:\/\/azurefilm.com\/sl\/wp-json\/wp\/v2\/comments?post=15235"}],"wp:featuredmedia":[{"embeddable":true,"href":"https:\/\/azurefilm.com\/sl\/wp-json\/wp\/v2\/media\/8425"}],"wp:attachment":[{"href":"https:\/\/azurefilm.com\/sl\/wp-json\/wp\/v2\/media?parent=15235"}],"wp:term":[{"taxonomy":"product_brand","embeddable":true,"href":"https:\/\/azurefilm.com\/sl\/wp-json\/wp\/v2\/product_brand?post=15235"},{"taxonomy":"product_cat","embeddable":true,"href":"https:\/\/azurefilm.com\/sl\/wp-json\/wp\/v2\/product_cat?post=15235"},{"taxonomy":"product_tag","embeddable":true,"href":"https:\/\/azurefilm.com\/sl\/wp-json\/wp\/v2\/product_tag?post=15235"},{"taxonomy":"brand","embeddable":true,"href":"https:\/\/azurefilm.com\/sl\/wp-json\/wp\/v2\/brand?post=15235"}],"curies":[{"name":"wp","href":"https:\/\/api.w.org\/{rel}","templated":true}]}}