
{"id":15243,"date":"2023-10-29T14:29:58","date_gmt":"2023-10-29T14:29:58","guid":{"rendered":"https:\/\/azurefilm.com\/product\/soba-mk8-10pack-2\/"},"modified":"2025-12-10T23:31:19","modified_gmt":"2025-12-10T23:31:19","slug":"soba-mk8-10pack-2","status":"publish","type":"product","link":"https:\/\/azurefilm.com\/sl\/izdelek\/soba-mk8-10pack-2\/","title":{"rendered":"Creality \u0161oba MK8 (10pack)"},"content":{"rendered":"<h4>Creality \u0161oba MK8 (10pack)<\/h4>\n<h3><strong><span style=\"vertical-align: inherit;\">Glavne zna\u010dilnosti:<\/span><\/strong><\/h3>\n<ul>\n<li><strong><span style=\"vertical-align: inherit;\">Raz\u0161irjena zdru\u017eljivost:<\/span><\/strong><span style=\"vertical-align: inherit;\"> Zasnovano za zdru\u017eljivost s 3D tiskalniki, kot so Creality CR-10 V2, Creality CR-10S, Creality Ender 3 S1 in drugimi podobnimi modeli.<\/span><\/li>\n<li><strong><span style=\"vertical-align: inherit;\">Razli\u010dni premeri:<\/span><\/strong><span style=\"vertical-align: inherit;\"> Ekstruderske \u0161obe so na voljo v premerih 1,75 mm, 0,4 mm, 0,5 mm in 0,6 mm, kar u\u010dinkovito prepre\u010duje pu\u0161\u010danje tiskalne glave.<\/span><\/li>\n<li><strong><span style=\"vertical-align: inherit;\">Vrhunska kakovost tiskanja:<\/span><\/strong><span style=\"vertical-align: inherit;\"> \u0160oba je izdelana iz visokokakovostnega nerjave\u010dega jekla in zagotavlja dosledne odtise z gladko, sijo\u010do glazuro.<\/span><\/li>\n<li><strong><span style=\"vertical-align: inherit;\">Trdnost in vzdr\u017eljivost:<\/span><\/strong><span style=\"vertical-align: inherit;\"> \u0160oba je odporna proti rji in koroziji, mo\u010dna in trpe\u017ena ter zagotavlja dolgo \u017eivljenjsko dobo.<\/span><\/li>\n<li><strong><span style=\"vertical-align: inherit;\">Enostavna namestitev:<\/span><\/strong><span style=\"vertical-align: inherit;\"> Namestitev je preprosta in enostavna ter ponuja priro\u010dno re\u0161itev za uporabnike.<\/span><\/li>\n<li><strong><em><span style=\"vertical-align: inherit;\">Optimalna zmogljivost:<\/span><\/em><\/strong><span style=\"vertical-align: inherit;\"> \u0160obe MK8 zagotavljajo zanesljivo delovanje in pomagajo dose\u010di visokokakovostne natise.<\/span><\/li>\n<li><strong><em><span style=\"vertical-align: inherit;\">Razli\u010dne mo\u017enosti:<\/span><\/em><\/strong><span style=\"vertical-align: inherit;\"> Paket 10 kosov vklju\u010duje ve\u010d mo\u017enosti premera, kar uporabnikom omogo\u010da izbiro idealne konfiguracije za njihove potrebe tiskanja.<\/span><\/li>\n<li><strong><em><span style=\"vertical-align: inherit;\">Vzdr\u017eljivost:<\/span><\/em><\/strong><span style=\"vertical-align: inherit;\"> \u0160obe so izdelane iz visokokakovostnega nerjave\u010dega jekla in so zasnovane tako, da so odporne proti koroziji, kar zagotavlja dolgo \u017eivljenjsko dobo.<\/span><\/li>\n<li><strong><em><span style=\"vertical-align: inherit;\">Namigi za kalibracijo:<\/span><\/em><\/strong><span style=\"vertical-align: inherit;\"> Po zamenjavi \u0161obe je priporo\u010dljivo, da ponovno umerite razdaljo med \u0161obo in delovno povr\u0161ino, da zagotovite kakovost va\u0161ih izpisov.<\/span><\/li>\n<li><strong><em><span style=\"vertical-align: inherit;\">Ekonomi\u010dnost embala\u017ee:<\/span><\/em><\/strong><span style=\"vertical-align: inherit;\"> Cena velja za 10 kosov, kar ponuja cenovno ugodno mo\u017enost za uporabnike, ki \u017eelijo izbolj\u0161ati delovanje svojih 3D tiskalnikov.<\/span><\/li>\n<\/ul>\n","protected":false},"excerpt":{"rendered":"<p>Creality \u0161oba MK8 (10pack) so \u0161obe ekstruderja, ki lahko u\u010dinkovito prepre\u010dujejo pu\u0161\u010danje tiskalne glave in ustvarjajo konsistentne tiske z gladkim in sijo\u010dim sijajem.<\/p>\n","protected":false},"featured_media":19966,"comment_status":"closed","ping_status":"closed","template":"","meta":{"_acf_changed":false},"product_brand":[],"product_cat":[760,785,786,761,759],"product_tag":[],"brand":[],"class_list":{"0":"post-15243","1":"product","2":"type-product","3":"status-publish","4":"has-post-thumbnail","6":"product_cat-rezervni-deli","7":"product_cat-sobe","8":"product_cat-utrjene-sobe-odporne-proti-obrabi","9":"product_cat-vsi-rezervni-deli","10":"product_cat-znizano","12":"first","13":"instock","14":"sale","15":"taxable","16":"shipping-taxable","17":"purchasable","18":"product-type-simple"},"acf":[],"_links":{"self":[{"href":"https:\/\/azurefilm.com\/sl\/wp-json\/wp\/v2\/product\/15243","targetHints":{"allow":["GET"]}}],"collection":[{"href":"https:\/\/azurefilm.com\/sl\/wp-json\/wp\/v2\/product"}],"about":[{"href":"https:\/\/azurefilm.com\/sl\/wp-json\/wp\/v2\/types\/product"}],"replies":[{"embeddable":true,"href":"https:\/\/azurefilm.com\/sl\/wp-json\/wp\/v2\/comments?post=15243"}],"wp:featuredmedia":[{"embeddable":true,"href":"https:\/\/azurefilm.com\/sl\/wp-json\/wp\/v2\/media\/19966"}],"wp:attachment":[{"href":"https:\/\/azurefilm.com\/sl\/wp-json\/wp\/v2\/media?parent=15243"}],"wp:term":[{"taxonomy":"product_brand","embeddable":true,"href":"https:\/\/azurefilm.com\/sl\/wp-json\/wp\/v2\/product_brand?post=15243"},{"taxonomy":"product_cat","embeddable":true,"href":"https:\/\/azurefilm.com\/sl\/wp-json\/wp\/v2\/product_cat?post=15243"},{"taxonomy":"product_tag","embeddable":true,"href":"https:\/\/azurefilm.com\/sl\/wp-json\/wp\/v2\/product_tag?post=15243"},{"taxonomy":"brand","embeddable":true,"href":"https:\/\/azurefilm.com\/sl\/wp-json\/wp\/v2\/brand?post=15243"}],"curies":[{"name":"wp","href":"https:\/\/api.w.org\/{rel}","templated":true}]}}