
{"id":15246,"date":"2023-10-29T14:29:58","date_gmt":"2023-10-29T14:29:58","guid":{"rendered":"https:\/\/azurefilm.com\/product\/right-anti-oozing-plate-for-flashforge-creator-3\/"},"modified":"2024-05-21T06:11:53","modified_gmt":"2024-05-21T06:11:53","slug":"nastavek-za-ciscenje-sobe-creator-3","status":"publish","type":"product","link":"https:\/\/azurefilm.com\/sl\/izdelek\/nastavek-za-ciscenje-sobe-creator-3\/","title":{"rendered":"Nastavek za \u010di\u0161\u010denje \u0161obe za Creator 3"},"content":{"rendered":"<p>Nastavek za \u010di\u0161\u010denje \u0161obe za Flashforge Creator 3\u00a03D printer.<\/p>\n","protected":false},"excerpt":{"rendered":"<p>Nastavek za \u010di\u0161\u010denje \u0161obe za Flashforge Creator 3\u00a03D printer.<\/p>\n","protected":false},"featured_media":8540,"comment_status":"closed","ping_status":"closed","template":"","meta":{"_acf_changed":false},"product_brand":[],"product_cat":[760,761],"product_tag":[],"brand":[],"class_list":{"0":"post-15246","1":"product","2":"type-product","3":"status-publish","4":"has-post-thumbnail","6":"product_cat-rezervni-deli","7":"product_cat-vsi-rezervni-deli","9":"first","10":"outofstock","11":"taxable","12":"shipping-taxable","13":"purchasable","14":"product-type-variable"},"acf":[],"_links":{"self":[{"href":"https:\/\/azurefilm.com\/sl\/wp-json\/wp\/v2\/product\/15246","targetHints":{"allow":["GET"]}}],"collection":[{"href":"https:\/\/azurefilm.com\/sl\/wp-json\/wp\/v2\/product"}],"about":[{"href":"https:\/\/azurefilm.com\/sl\/wp-json\/wp\/v2\/types\/product"}],"replies":[{"embeddable":true,"href":"https:\/\/azurefilm.com\/sl\/wp-json\/wp\/v2\/comments?post=15246"}],"wp:featuredmedia":[{"embeddable":true,"href":"https:\/\/azurefilm.com\/sl\/wp-json\/wp\/v2\/media\/8540"}],"wp:attachment":[{"href":"https:\/\/azurefilm.com\/sl\/wp-json\/wp\/v2\/media?parent=15246"}],"wp:term":[{"taxonomy":"product_brand","embeddable":true,"href":"https:\/\/azurefilm.com\/sl\/wp-json\/wp\/v2\/product_brand?post=15246"},{"taxonomy":"product_cat","embeddable":true,"href":"https:\/\/azurefilm.com\/sl\/wp-json\/wp\/v2\/product_cat?post=15246"},{"taxonomy":"product_tag","embeddable":true,"href":"https:\/\/azurefilm.com\/sl\/wp-json\/wp\/v2\/product_tag?post=15246"},{"taxonomy":"brand","embeddable":true,"href":"https:\/\/azurefilm.com\/sl\/wp-json\/wp\/v2\/brand?post=15246"}],"curies":[{"name":"wp","href":"https:\/\/api.w.org\/{rel}","templated":true}]}}