
{"id":15307,"date":"2023-10-29T14:31:41","date_gmt":"2023-10-29T14:31:41","guid":{"rendered":"https:\/\/azurefilm.com\/product\/crne-scipalke\/"},"modified":"2025-11-24T08:08:16","modified_gmt":"2025-11-24T08:08:16","slug":"crne-scipalke-4-ali-10-pack","status":"publish","type":"product","link":"https:\/\/azurefilm.com\/sl\/izdelek\/crne-scipalke-4-ali-10-pack\/","title":{"rendered":"\u010crne \u0161\u010dipalke (4 ali 10 pack)"},"content":{"rendered":"<h2><strong>Klju\u010dne lastnosti:<\/strong><\/h2>\n<p>\u010crne \u0161\u010dipalke za pritrditev steklene plo\u0161\u010de na 3D tiskalnik.<\/p>\n<ul>\n<li>\u010crne \u0161\u010dipalke 22 mm 10 kosov<\/li>\n<li>\u010crne \u0161\u010dipalke 31 mm 10 kosov<\/li>\n<li>\u010crne \u0161\u010dipalke 38 mm 10 kosov<\/li>\n<li>\u010crne \u0161\u010dipalke 50 mm 10 kosov<\/li>\n<li>\u010crne \u0161\u010dipalke 63 mm 4 kosi<\/li>\n<\/ul>\n","protected":false},"excerpt":{"rendered":"<p><strong>\u010crne \u0161\u010dipalke<\/strong>za pritjevanje steklene podloge na 3D printer.<\/p>\n","protected":false},"featured_media":9065,"comment_status":"closed","ping_status":"closed","template":"","meta":{"_acf_changed":false},"product_brand":[],"product_cat":[788,760,761,759],"product_tag":[],"brand":[],"class_list":{"0":"post-15307","1":"product","2":"type-product","3":"status-publish","4":"has-post-thumbnail","6":"product_cat-drugi-predmeti","7":"product_cat-rezervni-deli","8":"product_cat-vsi-rezervni-deli","9":"product_cat-znizano","11":"first","12":"instock","13":"sale","14":"taxable","15":"shipping-taxable","16":"purchasable","17":"product-type-variable"},"acf":[],"_links":{"self":[{"href":"https:\/\/azurefilm.com\/sl\/wp-json\/wp\/v2\/product\/15307","targetHints":{"allow":["GET"]}}],"collection":[{"href":"https:\/\/azurefilm.com\/sl\/wp-json\/wp\/v2\/product"}],"about":[{"href":"https:\/\/azurefilm.com\/sl\/wp-json\/wp\/v2\/types\/product"}],"replies":[{"embeddable":true,"href":"https:\/\/azurefilm.com\/sl\/wp-json\/wp\/v2\/comments?post=15307"}],"wp:featuredmedia":[{"embeddable":true,"href":"https:\/\/azurefilm.com\/sl\/wp-json\/wp\/v2\/media\/9065"}],"wp:attachment":[{"href":"https:\/\/azurefilm.com\/sl\/wp-json\/wp\/v2\/media?parent=15307"}],"wp:term":[{"taxonomy":"product_brand","embeddable":true,"href":"https:\/\/azurefilm.com\/sl\/wp-json\/wp\/v2\/product_brand?post=15307"},{"taxonomy":"product_cat","embeddable":true,"href":"https:\/\/azurefilm.com\/sl\/wp-json\/wp\/v2\/product_cat?post=15307"},{"taxonomy":"product_tag","embeddable":true,"href":"https:\/\/azurefilm.com\/sl\/wp-json\/wp\/v2\/product_tag?post=15307"},{"taxonomy":"brand","embeddable":true,"href":"https:\/\/azurefilm.com\/sl\/wp-json\/wp\/v2\/brand?post=15307"}],"curies":[{"name":"wp","href":"https:\/\/api.w.org\/{rel}","templated":true}]}}