
{"id":15308,"date":"2023-10-29T14:31:41","date_gmt":"2023-10-29T14:31:41","guid":{"rendered":"https:\/\/azurefilm.com\/product\/enovrstni-konektorji\/"},"modified":"2026-02-10T17:27:09","modified_gmt":"2026-02-10T17:27:09","slug":"enovrstni-konektorji","status":"publish","type":"product","link":"https:\/\/azurefilm.com\/sl\/izdelek\/enovrstni-konektorji\/","title":{"rendered":"Enovrstni konektorji"},"content":{"rendered":"<h2><b>Klju\u010dne lastnosti:<\/b><\/h2>\n<ul>\n<li>Razmik: 2,54mm<\/li>\n<li>Spol konektorja: mo\u0161ki\/\u017eenski<\/li>\n<li>\u0160tevilo \u017eeblji\u010dkov: 40 \u017eeblji\u010dkov<\/li>\n<li>Vrsta vrstice: enovrsti\u010dna<\/li>\n<li>Barva: \u010drna<\/li>\n<\/ul>\n","protected":false},"excerpt":{"rendered":"<p><strong>Enovrstni konektorji<\/strong> v \u010drni barvi v 40 no\u017eicami.<\/p>\n","protected":false},"featured_media":9074,"comment_status":"closed","ping_status":"closed","template":"","meta":{"_acf_changed":false},"product_brand":[],"product_cat":[788,760,761,759],"product_tag":[],"brand":[],"class_list":{"0":"post-15308","1":"product","2":"type-product","3":"status-publish","4":"has-post-thumbnail","6":"product_cat-drugi-predmeti","7":"product_cat-rezervni-deli","8":"product_cat-vsi-rezervni-deli","9":"product_cat-znizano","11":"first","12":"instock","13":"sale","14":"taxable","15":"shipping-taxable","16":"purchasable","17":"product-type-simple"},"acf":[],"_links":{"self":[{"href":"https:\/\/azurefilm.com\/sl\/wp-json\/wp\/v2\/product\/15308","targetHints":{"allow":["GET"]}}],"collection":[{"href":"https:\/\/azurefilm.com\/sl\/wp-json\/wp\/v2\/product"}],"about":[{"href":"https:\/\/azurefilm.com\/sl\/wp-json\/wp\/v2\/types\/product"}],"replies":[{"embeddable":true,"href":"https:\/\/azurefilm.com\/sl\/wp-json\/wp\/v2\/comments?post=15308"}],"wp:featuredmedia":[{"embeddable":true,"href":"https:\/\/azurefilm.com\/sl\/wp-json\/wp\/v2\/media\/9074"}],"wp:attachment":[{"href":"https:\/\/azurefilm.com\/sl\/wp-json\/wp\/v2\/media?parent=15308"}],"wp:term":[{"taxonomy":"product_brand","embeddable":true,"href":"https:\/\/azurefilm.com\/sl\/wp-json\/wp\/v2\/product_brand?post=15308"},{"taxonomy":"product_cat","embeddable":true,"href":"https:\/\/azurefilm.com\/sl\/wp-json\/wp\/v2\/product_cat?post=15308"},{"taxonomy":"product_tag","embeddable":true,"href":"https:\/\/azurefilm.com\/sl\/wp-json\/wp\/v2\/product_tag?post=15308"},{"taxonomy":"brand","embeddable":true,"href":"https:\/\/azurefilm.com\/sl\/wp-json\/wp\/v2\/brand?post=15308"}],"curies":[{"name":"wp","href":"https:\/\/api.w.org\/{rel}","templated":true}]}}