
{"id":15309,"date":"2023-10-29T14:31:41","date_gmt":"2023-10-29T14:31:41","guid":{"rendered":"https:\/\/azurefilm.com\/product\/objemka-s-plasticnim-rocajem\/"},"modified":"2025-08-28T16:15:32","modified_gmt":"2025-08-28T16:15:32","slug":"objemka-s-plasticnim-rocajem","status":"publish","type":"product","link":"https:\/\/azurefilm.com\/sl\/izdelek\/objemka-s-plasticnim-rocajem\/","title":{"rendered":"Objemka s plasti\u010dnim ro\u010dajem"},"content":{"rendered":"<h2><strong>Klju\u010dne lastnosti:<\/strong><\/h2>\n<ul>\n<li>25mm<\/li>\n<li>Klju\u010dne objemke za cev z dr\u017ealom.<\/li>\n<li>Cevna objemka je opremljena z ro\u010dajem. Enostaven za uporabo in namestitev, odporen proti koroziji.<\/li>\n<li>Dobra kakovost nerjave\u010dega jekla.<\/li>\n<li>Uporablja se za cevi za gorivo, vakuum, zrak ali pritrjevanje cevi okoli cevi.<\/li>\n<li>Notranjost je gladka in ne grize v cev.<\/li>\n<li>Prilagodljiv, odporen na zvijanje in vzdr\u017eljiv.<\/li>\n<li>Material: nerjave\u010de jeklo + plasti\u010dni ro\u010daj.<\/li>\n<\/ul>\n","protected":false},"excerpt":{"rendered":"<p><strong>Objemka s plasti\u010dnim ro\u010dajem<\/strong>, ki je enostavna za uporabo in namestitev ter odporna proti koroziji.<\/p>\n","protected":false},"featured_media":9079,"comment_status":"closed","ping_status":"closed","template":"","meta":{"_acf_changed":false},"product_brand":[],"product_cat":[788,760,761,759],"product_tag":[],"brand":[],"class_list":{"0":"post-15309","1":"product","2":"type-product","3":"status-publish","4":"has-post-thumbnail","6":"product_cat-drugi-predmeti","7":"product_cat-rezervni-deli","8":"product_cat-vsi-rezervni-deli","9":"product_cat-znizano","11":"first","12":"instock","13":"sale","14":"taxable","15":"shipping-taxable","16":"purchasable","17":"product-type-simple"},"acf":[],"_links":{"self":[{"href":"https:\/\/azurefilm.com\/sl\/wp-json\/wp\/v2\/product\/15309","targetHints":{"allow":["GET"]}}],"collection":[{"href":"https:\/\/azurefilm.com\/sl\/wp-json\/wp\/v2\/product"}],"about":[{"href":"https:\/\/azurefilm.com\/sl\/wp-json\/wp\/v2\/types\/product"}],"replies":[{"embeddable":true,"href":"https:\/\/azurefilm.com\/sl\/wp-json\/wp\/v2\/comments?post=15309"}],"wp:featuredmedia":[{"embeddable":true,"href":"https:\/\/azurefilm.com\/sl\/wp-json\/wp\/v2\/media\/9079"}],"wp:attachment":[{"href":"https:\/\/azurefilm.com\/sl\/wp-json\/wp\/v2\/media?parent=15309"}],"wp:term":[{"taxonomy":"product_brand","embeddable":true,"href":"https:\/\/azurefilm.com\/sl\/wp-json\/wp\/v2\/product_brand?post=15309"},{"taxonomy":"product_cat","embeddable":true,"href":"https:\/\/azurefilm.com\/sl\/wp-json\/wp\/v2\/product_cat?post=15309"},{"taxonomy":"product_tag","embeddable":true,"href":"https:\/\/azurefilm.com\/sl\/wp-json\/wp\/v2\/product_tag?post=15309"},{"taxonomy":"brand","embeddable":true,"href":"https:\/\/azurefilm.com\/sl\/wp-json\/wp\/v2\/brand?post=15309"}],"curies":[{"name":"wp","href":"https:\/\/api.w.org\/{rel}","templated":true}]}}