
{"id":15329,"date":"2023-10-29T14:32:13","date_gmt":"2023-10-29T14:32:13","guid":{"rendered":"https:\/\/azurefilm.com\/product\/creality-podaljsani-nosilec\/"},"modified":"2023-10-29T17:08:15","modified_gmt":"2023-10-29T17:08:15","slug":"creality-podaljsani-nosilec","status":"publish","type":"product","link":"https:\/\/azurefilm.com\/sl\/izdelek\/creality-podaljsani-nosilec\/","title":{"rendered":"Creality podalj\u0161ani nosilec"},"content":{"rendered":"<h2><strong>Klju\u010dne lastnosti:<\/strong><\/h2>\n<ul>\n<li>Creality podalj\u0161ani nosilec iz surovega materiala iz nerjave\u010dega jekla 304 vrhunske kakovosti z gladko ravno povr\u0161ino in stabilno zmogljivostjo, odporen proti rjavenju &amp; Nosite<\/li>\n<li>Odporen, enostaven za namestitev, trpe\u017ena struktura<\/li>\n<li>Zdru\u017eljivo z: Creality 3D CR-30 Print Mill<\/li>\n<li>Material: nerjave\u010de jeklo SUS 304<\/li>\n<li>Barva: srebrna<\/li>\n<li>\u0160tevilo valjev: 6 valjev<\/li>\n<li>Velikost: 25 x 320mm<\/li>\n<li>Dol\u017eina podalj\u0161anega nosilca: 650mm<\/li>\n<li>Te\u017ea podalj\u0161anega nosilca: 2540 gramov<\/li>\n<li>Velikost paketa: 730x270x85mm<\/li>\n<li>Te\u017ea paketa: 2880 gramov<\/li>\n<\/ul>\n<h2><strong>Paket vklju\u010duje:<\/strong><\/h2>\n<ul>\n<li>01 x levi podalj\u0161ani valj\u010dni nosilec<\/li>\n<li>01 x desni podalj\u0161ani valj\u010dni nosilec<\/li>\n<li>06 x 25 x 320 mm valj iz nerjave\u010dega jekla<\/li>\n<li>04 x \u0161estrobi vijaki M5x30<\/li>\n<li>04 x M5x14 \u0161estrobi vijaki<\/li>\n<li>16 x M5x12 \u0161estrobi vijaki<\/li>\n<li>04 x nosilna plo\u0161\u010da<\/li>\n<\/ul>\n","protected":false},"excerpt":{"rendered":"<p><strong>Creality podalj\u0161ani nosilec<\/strong>izdelan iz kakovostnega nerjave\u010dega jekla z gladko ravno povr\u0161ino in stabilnim delovanjem.<\/p>\n","protected":false},"featured_media":9283,"comment_status":"closed","ping_status":"closed","template":"","meta":{"_acf_changed":false},"product_brand":[],"product_cat":[760,761,759],"product_tag":[],"brand":[],"class_list":{"0":"post-15329","1":"product","2":"type-product","3":"status-publish","4":"has-post-thumbnail","6":"product_cat-rezervni-deli","7":"product_cat-vsi-rezervni-deli","8":"product_cat-znizano","9":"pa_compatible-with-creality-fdm-3d-printers","10":"pa_fits-printer-creality-cr-30-printmill","12":"first","13":"instock","14":"sale","15":"taxable","16":"shipping-taxable","17":"purchasable","18":"product-type-simple"},"acf":[],"_links":{"self":[{"href":"https:\/\/azurefilm.com\/sl\/wp-json\/wp\/v2\/product\/15329","targetHints":{"allow":["GET"]}}],"collection":[{"href":"https:\/\/azurefilm.com\/sl\/wp-json\/wp\/v2\/product"}],"about":[{"href":"https:\/\/azurefilm.com\/sl\/wp-json\/wp\/v2\/types\/product"}],"replies":[{"embeddable":true,"href":"https:\/\/azurefilm.com\/sl\/wp-json\/wp\/v2\/comments?post=15329"}],"wp:featuredmedia":[{"embeddable":true,"href":"https:\/\/azurefilm.com\/sl\/wp-json\/wp\/v2\/media\/9283"}],"wp:attachment":[{"href":"https:\/\/azurefilm.com\/sl\/wp-json\/wp\/v2\/media?parent=15329"}],"wp:term":[{"taxonomy":"product_brand","embeddable":true,"href":"https:\/\/azurefilm.com\/sl\/wp-json\/wp\/v2\/product_brand?post=15329"},{"taxonomy":"product_cat","embeddable":true,"href":"https:\/\/azurefilm.com\/sl\/wp-json\/wp\/v2\/product_cat?post=15329"},{"taxonomy":"product_tag","embeddable":true,"href":"https:\/\/azurefilm.com\/sl\/wp-json\/wp\/v2\/product_tag?post=15329"},{"taxonomy":"brand","embeddable":true,"href":"https:\/\/azurefilm.com\/sl\/wp-json\/wp\/v2\/brand?post=15329"}],"curies":[{"name":"wp","href":"https:\/\/api.w.org\/{rel}","templated":true}]}}