
{"id":15354,"date":"2023-10-29T14:32:52","date_gmt":"2023-10-29T14:32:52","guid":{"rendered":"https:\/\/azurefilm.com\/product\/napajalnik-za-creality\/"},"modified":"2025-10-11T09:50:11","modified_gmt":"2025-10-11T09:50:11","slug":"napajalnik-za-creality","status":"publish","type":"product","link":"https:\/\/azurefilm.com\/sl\/izdelek\/napajalnik-za-creality\/","title":{"rendered":"Napajalnik za Creality"},"content":{"rendered":"<h2><strong>Klju\u010dne lastnosti:<\/strong><\/h2>\n<ul>\n<li>Varno za delovanje, z varovalko za za\u0161\u010dito, za\u0161\u010dito pred preobremenitvijo in za\u0161\u010dito pred prenapetostjo.<\/li>\n<li>Izbrana vhodna napetost, stalna izhodna napetost.<\/li>\n<li>Idealen napajalni transformator za 3D tiskalnik.<\/li>\n<li><strong>Primerno za: Ender 3 V3 SE, <\/strong>Ender-3 V2, Ender 5 S1, CR-6 SE, Ender-3 S1, Ender-3 Pro, CR-5 PRO H<\/li>\n<\/ul>\n","protected":false},"excerpt":{"rendered":"<p><strong>Napajalnik za Creality <\/strong>zdru\u017eljiv z Ender 3 V3 SE, Ender-3 V2, Ender 5 S1, CR-6 SE, Ender-3 S1, Ender-3 Pro, CR-5 PRO H.<\/p>\n","protected":false},"featured_media":47429,"comment_status":"closed","ping_status":"closed","template":"","meta":{"_acf_changed":false},"product_brand":[],"product_cat":[760,761,759],"product_tag":[],"brand":[],"class_list":{"0":"post-15354","1":"product","2":"type-product","3":"status-publish","4":"has-post-thumbnail","6":"product_cat-rezervni-deli","7":"product_cat-vsi-rezervni-deli","8":"product_cat-znizano","9":"pa_compatible-with-creality-fdm-3d-printers","10":"pa_fits-printer-creality-ender-3-v3-se","12":"first","13":"outofstock","14":"sale","15":"taxable","16":"shipping-taxable","17":"purchasable","18":"product-type-simple"},"acf":[],"_links":{"self":[{"href":"https:\/\/azurefilm.com\/sl\/wp-json\/wp\/v2\/product\/15354","targetHints":{"allow":["GET"]}}],"collection":[{"href":"https:\/\/azurefilm.com\/sl\/wp-json\/wp\/v2\/product"}],"about":[{"href":"https:\/\/azurefilm.com\/sl\/wp-json\/wp\/v2\/types\/product"}],"replies":[{"embeddable":true,"href":"https:\/\/azurefilm.com\/sl\/wp-json\/wp\/v2\/comments?post=15354"}],"wp:featuredmedia":[{"embeddable":true,"href":"https:\/\/azurefilm.com\/sl\/wp-json\/wp\/v2\/media\/47429"}],"wp:attachment":[{"href":"https:\/\/azurefilm.com\/sl\/wp-json\/wp\/v2\/media?parent=15354"}],"wp:term":[{"taxonomy":"product_brand","embeddable":true,"href":"https:\/\/azurefilm.com\/sl\/wp-json\/wp\/v2\/product_brand?post=15354"},{"taxonomy":"product_cat","embeddable":true,"href":"https:\/\/azurefilm.com\/sl\/wp-json\/wp\/v2\/product_cat?post=15354"},{"taxonomy":"product_tag","embeddable":true,"href":"https:\/\/azurefilm.com\/sl\/wp-json\/wp\/v2\/product_tag?post=15354"},{"taxonomy":"brand","embeddable":true,"href":"https:\/\/azurefilm.com\/sl\/wp-json\/wp\/v2\/brand?post=15354"}],"curies":[{"name":"wp","href":"https:\/\/api.w.org\/{rel}","templated":true}]}}