
{"id":15355,"date":"2023-10-29T14:32:52","date_gmt":"2023-10-29T14:32:52","guid":{"rendered":"https:\/\/azurefilm.com\/product\/kamera-za-creality-printerje\/"},"modified":"2026-01-04T19:17:08","modified_gmt":"2026-01-04T19:17:08","slug":"kamera-za-creality-printerje","status":"publish","type":"product","link":"https:\/\/azurefilm.com\/sl\/izdelek\/kamera-za-creality-printerje\/","title":{"rendered":"Kamera za Creality printerje"},"content":{"rendered":"<h2><span style=\"text-decoration: underline;\"><strong>Klju\u010dne funkcije:<\/strong><\/span><\/h2>\n<p>Spletna kamera CRCC-S7 HD 1080P<\/p>\n<h3><strong>Pogled v realnem \u010dasu osvobodi va\u0161e tiskanje<\/strong><\/h3>\n<p>Spletno kamero HD1080P je mogo\u010de uporabiti za dodatno daljinsko upravljanje tiskalnika s Creality Box za spremljanje 3D tiskalnikov na spletu v <strong>Creality Cloud APP<\/strong>.<br \/>\nCreality Box deluje samo s spletno kamero HD 1080P. Ni zdru\u017eljiv z drugimi kamerami na trgu.<\/p>\n<h3><strong>Preprosto in izvrstno<\/strong><\/h3>\n<p>Gladke linije, dizajn v \u017eepni velikosti, majhen in izvrsten 180\u00b0 nastavljiv gumb, prilagodite najbolj\u0161i kot pri svojem delu s stativom, slika je bolj stabilna. Spletna kamera CRCC-S7 HD 1080P je najnovej\u0161a kamera podjetja Creality za spremljanje in nadzor 3D tiskanja na daljavo prek Creality Cloud. S pomo\u010djo kamere in <strong>Wi-Fi Boxa<\/strong> boste lahko svoj 3D tiskalnik uporabljali tako reko\u010d s svojega kav\u010da!<\/p>\n<h2><span style=\"text-decoration: underline;\"><strong>Primerno za:<\/strong><\/span><\/h2>\n<p>CR-10 V3, CR-10S Pro V2, CR-6 SE, CR-10 V2, CR-10S, CR-10 Max, CR-10, CR-10mini, CP-01, CR20 Pro, CR-10 S5, CR-10S Pro, CR-X Pro, CR-30, CR-10 S4, CR20, CR-XB, CP-01, CR-6 Max, CR-X, CR-XB, CR-8S, CR-6 Pro , CR-10 S5 Pro, CR-Z2, CR-Z1, CR-H, CR20 ProB, CR-30L, CR-10 Smart Pro<\/p>\n<p>Ender-3 V2, Ender-3 Pro-B, Ender-3-B, Ender-5 Pro, Ender-3 Max, Ender-5 Plus, Ender-6, Ender-5, Ender-3 Pro<\/p>\n<h2><span style=\"text-decoration: underline;\"><strong>Specifikacije:<\/strong><\/span><\/h2>\n<ul>\n<li>Velikost izdelka: 69,23 x 30,7 x 24,5mm<\/li>\n<li>Vhodna napetost: 5V<\/li>\n<li>Video format: H.265\/MJPG\/YUY2<\/li>\n<li>Izostritev: 40 cm<\/li>\n<li>Procesor: FH8852<\/li>\n<li>Minimalna osvetlitev: &lt;10 LUX<\/li>\n<li>Kot gledanja: D=70,6\u00b0\/V=63,6\u00b0\/V=38\u00b0<\/li>\n<li>Standard podpore: UVC\/V4L2<\/li>\n<\/ul>\n","protected":false},"excerpt":{"rendered":"<p><strong>Kamera za Creality printerje\u00a0<\/strong>z gladkimi linijami, \u017eepne velikosti, majhna in izvrstna, nastavljiva za najbolj\u0161i kot snemanja.<\/p>\n","protected":false},"featured_media":9549,"comment_status":"closed","ping_status":"closed","template":"","meta":{"_acf_changed":false},"product_brand":[],"product_cat":[760,761,759],"product_tag":[],"brand":[],"class_list":{"0":"post-15355","1":"product","2":"type-product","3":"status-publish","4":"has-post-thumbnail","6":"product_cat-rezervni-deli","7":"product_cat-vsi-rezervni-deli","8":"product_cat-znizano","10":"first","11":"outofstock","12":"sale","13":"taxable","14":"shipping-taxable","15":"purchasable","16":"product-type-simple"},"acf":[],"_links":{"self":[{"href":"https:\/\/azurefilm.com\/sl\/wp-json\/wp\/v2\/product\/15355","targetHints":{"allow":["GET"]}}],"collection":[{"href":"https:\/\/azurefilm.com\/sl\/wp-json\/wp\/v2\/product"}],"about":[{"href":"https:\/\/azurefilm.com\/sl\/wp-json\/wp\/v2\/types\/product"}],"replies":[{"embeddable":true,"href":"https:\/\/azurefilm.com\/sl\/wp-json\/wp\/v2\/comments?post=15355"}],"wp:featuredmedia":[{"embeddable":true,"href":"https:\/\/azurefilm.com\/sl\/wp-json\/wp\/v2\/media\/9549"}],"wp:attachment":[{"href":"https:\/\/azurefilm.com\/sl\/wp-json\/wp\/v2\/media?parent=15355"}],"wp:term":[{"taxonomy":"product_brand","embeddable":true,"href":"https:\/\/azurefilm.com\/sl\/wp-json\/wp\/v2\/product_brand?post=15355"},{"taxonomy":"product_cat","embeddable":true,"href":"https:\/\/azurefilm.com\/sl\/wp-json\/wp\/v2\/product_cat?post=15355"},{"taxonomy":"product_tag","embeddable":true,"href":"https:\/\/azurefilm.com\/sl\/wp-json\/wp\/v2\/product_tag?post=15355"},{"taxonomy":"brand","embeddable":true,"href":"https:\/\/azurefilm.com\/sl\/wp-json\/wp\/v2\/brand?post=15355"}],"curies":[{"name":"wp","href":"https:\/\/api.w.org\/{rel}","templated":true}]}}