
{"id":15370,"date":"2023-10-29T14:33:26","date_gmt":"2023-10-29T14:33:26","guid":{"rendered":"https:\/\/azurefilm.com\/product\/brusilna-pila\/"},"modified":"2026-03-15T13:55:03","modified_gmt":"2026-03-15T13:55:03","slug":"brusilna-pila","status":"publish","type":"product","link":"https:\/\/azurefilm.com\/sl\/izdelek\/brusilna-pila\/","title":{"rendered":"Brusilna pila"},"content":{"rendered":"<h2><strong>Klju\u010dne lastnosti:<\/strong><\/h2>\n<ul>\n<li>Dvostranska<\/li>\n<li>Bistveno orodje za vse ljubitelje 3D tiskanja<\/li>\n<li>Dvostranska brusilna pila je namenjena bru\u0161enju va\u0161ega 3D tiska za lep\u0161i kon\u010dni izdelek brez nepravilnosti<\/li>\n<li>Za \u0161iroko paleto nalog za obdelavo va\u0161ega 3D tiska, od odstranjevanja podpornega materiala do popravljanja nepravilnosti pri tiskanju<\/li>\n<\/ul>\n","protected":false},"excerpt":{"rendered":"<p><strong>Brusilna pila<\/strong> za najrazli\u010dnej\u0161e obdelave 3D tiskov, od odstranjevanja podpornega materiala do popravljanja nepravilnosti pri tiskanju.<\/p>\n","protected":false},"featured_media":9708,"comment_status":"closed","ping_status":"closed","template":"","meta":{"_acf_changed":false},"product_brand":[],"product_cat":[814,790,760,761,759],"product_tag":[],"brand":[],"class_list":{"0":"post-15370","1":"product","2":"type-product","3":"status-publish","4":"has-post-thumbnail","6":"product_cat-naknadna-obdelava","7":"product_cat-orodja","8":"product_cat-rezervni-deli","9":"product_cat-vsi-rezervni-deli","10":"product_cat-znizano","12":"first","13":"instock","14":"sale","15":"taxable","16":"shipping-taxable","17":"purchasable","18":"product-type-simple"},"acf":[],"_links":{"self":[{"href":"https:\/\/azurefilm.com\/sl\/wp-json\/wp\/v2\/product\/15370","targetHints":{"allow":["GET"]}}],"collection":[{"href":"https:\/\/azurefilm.com\/sl\/wp-json\/wp\/v2\/product"}],"about":[{"href":"https:\/\/azurefilm.com\/sl\/wp-json\/wp\/v2\/types\/product"}],"replies":[{"embeddable":true,"href":"https:\/\/azurefilm.com\/sl\/wp-json\/wp\/v2\/comments?post=15370"}],"wp:featuredmedia":[{"embeddable":true,"href":"https:\/\/azurefilm.com\/sl\/wp-json\/wp\/v2\/media\/9708"}],"wp:attachment":[{"href":"https:\/\/azurefilm.com\/sl\/wp-json\/wp\/v2\/media?parent=15370"}],"wp:term":[{"taxonomy":"product_brand","embeddable":true,"href":"https:\/\/azurefilm.com\/sl\/wp-json\/wp\/v2\/product_brand?post=15370"},{"taxonomy":"product_cat","embeddable":true,"href":"https:\/\/azurefilm.com\/sl\/wp-json\/wp\/v2\/product_cat?post=15370"},{"taxonomy":"product_tag","embeddable":true,"href":"https:\/\/azurefilm.com\/sl\/wp-json\/wp\/v2\/product_tag?post=15370"},{"taxonomy":"brand","embeddable":true,"href":"https:\/\/azurefilm.com\/sl\/wp-json\/wp\/v2\/brand?post=15370"}],"curies":[{"name":"wp","href":"https:\/\/api.w.org\/{rel}","templated":true}]}}