
{"id":15377,"date":"2023-10-29T14:33:26","date_gmt":"2023-10-29T14:33:26","guid":{"rendered":"https:\/\/azurefilm.com\/product\/utrjena-soba-za-flashforge\/"},"modified":"2025-12-08T13:15:42","modified_gmt":"2025-12-08T13:15:42","slug":"komplet-utrjenih-sob-za-flashforge","status":"publish","type":"product","link":"https:\/\/azurefilm.com\/sl\/izdelek\/komplet-utrjenih-sob-za-flashforge\/","title":{"rendered":"Komplet utrjenih \u0161ob za Flashforge"},"content":{"rendered":"<h2><b>Klju\u010dne lastnosti:<\/b><\/h2>\n<ul>\n<li>Originalne \u0161obe za 3D tiskalnik Flashforge Creator 3 Pro.<\/li>\n<li>Ta \u0161oba je primerna za tiskanje tehni\u010dnih filamentov, kot so Carbon Fibre, najlon, ASA in ABS. \u0160oba je iz jekla in se ne obrabi tako hitro kot navadna medenina.<\/li>\n<li>Toplotna prevodnost \u0161obe iz kaljenega jekla ni tako dobra kot medeninasta \u0161oba. Zato boste morda morali povi\u0161ati temperaturo ekstruderja za 5-15 \u00b0C.<\/li>\n<li>Pri tiskanju abrazivnih filamentov upo\u010dasnite hitrost tiskanja prve plasti na 10 mm\/s.<\/li>\n<\/ul>\n<h2><strong>V paketu prejmete:<\/strong><\/h2>\n<ul>\n<li>2x \u0161oba 0,4<\/li>\n<li>2x \u0161oba 0,6<\/li>\n<li>2x \u0161oba 0,8<\/li>\n<\/ul>\n","protected":false},"excerpt":{"rendered":"<p><strong>Komplet utrjenih \u0161ob za Flashforge<\/strong> za 3D tiskalnik Creator 3 Pro.<\/p>\n","protected":false},"featured_media":9807,"comment_status":"closed","ping_status":"closed","template":"","meta":{"_acf_changed":false},"product_brand":[],"product_cat":[760,785,786,761,759],"product_tag":[],"brand":[],"class_list":{"0":"post-15377","1":"product","2":"type-product","3":"status-publish","4":"has-post-thumbnail","6":"product_cat-rezervni-deli","7":"product_cat-sobe","8":"product_cat-utrjene-sobe-odporne-proti-obrabi","9":"product_cat-vsi-rezervni-deli","10":"product_cat-znizano","12":"first","13":"instock","14":"sale","15":"taxable","16":"shipping-taxable","17":"purchasable","18":"product-type-simple"},"acf":[],"_links":{"self":[{"href":"https:\/\/azurefilm.com\/sl\/wp-json\/wp\/v2\/product\/15377","targetHints":{"allow":["GET"]}}],"collection":[{"href":"https:\/\/azurefilm.com\/sl\/wp-json\/wp\/v2\/product"}],"about":[{"href":"https:\/\/azurefilm.com\/sl\/wp-json\/wp\/v2\/types\/product"}],"replies":[{"embeddable":true,"href":"https:\/\/azurefilm.com\/sl\/wp-json\/wp\/v2\/comments?post=15377"}],"wp:featuredmedia":[{"embeddable":true,"href":"https:\/\/azurefilm.com\/sl\/wp-json\/wp\/v2\/media\/9807"}],"wp:attachment":[{"href":"https:\/\/azurefilm.com\/sl\/wp-json\/wp\/v2\/media?parent=15377"}],"wp:term":[{"taxonomy":"product_brand","embeddable":true,"href":"https:\/\/azurefilm.com\/sl\/wp-json\/wp\/v2\/product_brand?post=15377"},{"taxonomy":"product_cat","embeddable":true,"href":"https:\/\/azurefilm.com\/sl\/wp-json\/wp\/v2\/product_cat?post=15377"},{"taxonomy":"product_tag","embeddable":true,"href":"https:\/\/azurefilm.com\/sl\/wp-json\/wp\/v2\/product_tag?post=15377"},{"taxonomy":"brand","embeddable":true,"href":"https:\/\/azurefilm.com\/sl\/wp-json\/wp\/v2\/brand?post=15377"}],"curies":[{"name":"wp","href":"https:\/\/api.w.org\/{rel}","templated":true}]}}