
{"id":15384,"date":"2023-10-29T14:34:12","date_gmt":"2023-10-29T14:34:12","guid":{"rendered":"https:\/\/azurefilm.com\/product\/soba-e3d-v5-v6-m6-02mm\/"},"modified":"2025-11-30T05:42:32","modified_gmt":"2025-11-30T05:42:32","slug":"soba-e3d-v5-v6-m6","status":"publish","type":"product","link":"https:\/\/azurefilm.com\/sl\/izdelek\/soba-e3d-v5-v6-m6\/","title":{"rendered":"\u0160oba E3D V5-V6 M6 (10 pack)"},"content":{"rendered":"<h4><span style=\"vertical-align: inherit;\">Ugello E3D V5-V6 M6 (konf. 10)<\/span><\/h4>\n<h3><b><span style=\"vertical-align: inherit;\">Glavne lasnosti:<\/span><\/b><\/h3>\n<ul>\n<li><strong><span style=\"vertical-align: inherit;\">Vsestranska zdru\u017eljivost filamentov:<\/span><\/strong><span style=\"vertical-align: inherit;\"> \u0160oba E3D V5-V6 M6 podpira vstopni premer 1,75 mm, kar omogo\u010da ve\u010d vrst filamentov za prilagodljivost optimalnega tiskanja.<\/span><\/li>\n<li><strong><span style=\"vertical-align: inherit;\">Mo\u017enosti natan\u010dnega tiskanja:<\/span><\/strong><span style=\"vertical-align: inherit;\"> Z izhodnimi premeri od 0,2 mm do 1,00 mm lahko uporabniki izberejo popolno velikost \u0161ob za doseganje \u017eelene ravni podrobnosti in debeline sloja v svojih 3D-natisih .<\/span><\/li>\n<li><strong><span style=\"vertical-align: inherit;\">Univerzalni navoj M6:<\/span><\/strong><span style=\"vertical-align: inherit;\"> Navoj M6 zagotavlja \u0161iroko zdru\u017eljivost, kar omogo\u010da popolno integracijo z razli\u010dnimi 3D tiskalniki, posebej prilagojenimi za modele E3D V5 V6.<\/span><\/li>\n<li><strong><span style=\"vertical-align: inherit;\">Visokokakovostna medeninasta konstrukcija:<\/span><\/strong><span style=\"vertical-align: inherit;\"> Te \u0161obe, izdelane iz visokokakovostnega medeninastega materiala, niso samo vzdr\u017eljive, temve\u010d zagotavljajo tudi trdno re\u0161itev za dolge seje 3D tiskanja, kar zagotavlja dolgo \u017eivljenjsko dobo in zanesljivost. &lt; \/span&gt;<\/span><\/li>\n<li><strong><span style=\"vertical-align: inherit;\">\u0160irok nabor aplikacij:<\/span><\/strong><span style=\"vertical-align: inherit;\"> Te \u0161obe so zdru\u017eljive z 1,75 mm filamenti PLA in ABS, zato so primerne za \u0161irok nabor aplikacij 3D-tiskanja in izpolnjujejo potrebe tako ljubiteljev kot profesionalcev. &lt; \/span&gt;<\/span><\/li>\n<li><strong><span style=\"vertical-align: inherit;\">Vzdr\u017eljivost in odpornost:<\/span><\/strong><span style=\"vertical-align: inherit;\"> \u0160obe&#8217; Visokokakovostna medeninasta konstrukcija ne zagotavlja le trdnosti, ampak tudi vzdr\u017eljivost, zaradi \u010desar lahko prenesejo zahteve razli\u010dnih velikih in zapletenih tiskarskih projektov.<\/span><\/li>\n<\/ul>\n<p><span style=\"vertical-align: inherit;\">Skratka, \u0161oba E3D V5-V6 M6 ponuja popoln paket funkcij, zaradi \u010desar je nepogre\u0161ljivo orodje za navdu\u0161ence nad 3D-tiskanjem, ki i\u0161\u010dejo natan\u010dnost, prilagodljivost in vzdr\u017eljivost pri svojih opravilih tiskanja.<\/span><\/p>\n","protected":false},"excerpt":{"rendered":"<p><strong>\u0160oba E3D V5-V6 M6 <\/strong>izdelana iz visokokakovostnega medeninastega materiala, visoka vzdr\u017eljivost.<\/p>\n","protected":false},"featured_media":9886,"comment_status":"closed","ping_status":"closed","template":"","meta":{"_acf_changed":false},"product_brand":[],"product_cat":[787,760,785,761,759],"product_tag":[],"brand":[270],"class_list":{"0":"post-15384","1":"product","2":"type-product","3":"status-publish","4":"has-post-thumbnail","6":"product_cat-navadne-sobe","7":"product_cat-rezervni-deli","8":"product_cat-sobe","9":"product_cat-vsi-rezervni-deli","10":"product_cat-znizano","11":"pa_nozzle-diameter-0-2mm","12":"pa_nozzle-diameter-0-3mm","13":"pa_nozzle-diameter-0-4mm","14":"pa_nozzle-diameter-0-5mm","15":"pa_nozzle-diameter-0-6mm","16":"pa_nozzle-diameter-0-8mm","17":"pa_nozzle-diameter-1-0mm","18":"brand-creality","20":"first","21":"instock","22":"sale","23":"taxable","24":"shipping-taxable","25":"purchasable","26":"product-type-variable"},"acf":[],"_links":{"self":[{"href":"https:\/\/azurefilm.com\/sl\/wp-json\/wp\/v2\/product\/15384","targetHints":{"allow":["GET"]}}],"collection":[{"href":"https:\/\/azurefilm.com\/sl\/wp-json\/wp\/v2\/product"}],"about":[{"href":"https:\/\/azurefilm.com\/sl\/wp-json\/wp\/v2\/types\/product"}],"replies":[{"embeddable":true,"href":"https:\/\/azurefilm.com\/sl\/wp-json\/wp\/v2\/comments?post=15384"}],"wp:featuredmedia":[{"embeddable":true,"href":"https:\/\/azurefilm.com\/sl\/wp-json\/wp\/v2\/media\/9886"}],"wp:attachment":[{"href":"https:\/\/azurefilm.com\/sl\/wp-json\/wp\/v2\/media?parent=15384"}],"wp:term":[{"taxonomy":"product_brand","embeddable":true,"href":"https:\/\/azurefilm.com\/sl\/wp-json\/wp\/v2\/product_brand?post=15384"},{"taxonomy":"product_cat","embeddable":true,"href":"https:\/\/azurefilm.com\/sl\/wp-json\/wp\/v2\/product_cat?post=15384"},{"taxonomy":"product_tag","embeddable":true,"href":"https:\/\/azurefilm.com\/sl\/wp-json\/wp\/v2\/product_tag?post=15384"},{"taxonomy":"brand","embeddable":true,"href":"https:\/\/azurefilm.com\/sl\/wp-json\/wp\/v2\/brand?post=15384"}],"curies":[{"name":"wp","href":"https:\/\/api.w.org\/{rel}","templated":true}]}}