
{"id":15401,"date":"2023-10-29T14:35:02","date_gmt":"2023-10-29T14:35:02","guid":{"rendered":"https:\/\/azurefilm.com\/product\/soba-mk8-10pack-3\/"},"modified":"2025-12-17T14:56:35","modified_gmt":"2025-12-17T14:56:35","slug":"soba-mk8-10pack-3","status":"publish","type":"product","link":"https:\/\/azurefilm.com\/sl\/izdelek\/soba-mk8-10pack-3\/","title":{"rendered":"Jeklena \u0161oba MK8 (paket 10 kosov)"},"content":{"rendered":"<h4><span style=\"vertical-align: inherit;\">Jeklena \u0161oba MK8 (paket 10 kosov)<\/span><\/h4>\n<h3><b><span style=\"vertical-align: inherit;\">Glavne zna\u010dilnosti:<\/span><\/b><\/h3>\n<p><span style=\"vertical-align: inherit;\">MK8 Steel Nozzle (10-Pack) je zanesljiva izbira za navdu\u0161ence nad 3D-tiskanjem, saj ponuja klju\u010dne funkcije, prilagojene za izbolj\u0161anje zmogljivosti tiskanja:<\/span><\/p>\n<ul>\n<li><strong><span style=\"vertical-align: inherit;\">Optimalna velikost in ekstrudiranje:<\/span><\/strong><span style=\"vertical-align: inherit;\"> Ta komplet \u0161ob z velikostjo vstopne odprtine 1,75 mm in \u0161obami ekstruderja 0,4 mm u\u010dinkovito prepre\u010duje pu\u0161\u010danje tiskalne glave ter zagotavlja dosleden in natan\u010den postopek ekstrudiranja. Rezultat so gladki, sijajni natisi, ki izpolnjujejo visoke standarde, pri\u010dakovane pri 3D-tiskanju.<\/span><\/li>\n<li><strong><span style=\"vertical-align: inherit;\">Visokokakovostno nerjave\u010de jeklo:<\/span><\/strong><span style=\"vertical-align: inherit;\"> Te \u0161obe so izdelane iz visokokakovostnega nerjave\u010dega jekla in so odporne proti rji in koroziji ter zagotavljajo vzdr\u017eljivost in dolgo \u017eivljenjsko dobo. Trdna struktura zagotavlja zanesljivo in stabilno izku\u0161njo tiskanja skozi \u010das.<\/span><\/li>\n<li><strong><span style=\"vertical-align: inherit;\">\u0160iroka zdru\u017eljivost:<\/span><\/strong><span style=\"vertical-align: inherit;\"> Zdru\u017eljivo z vrsto priljubljenih 3D-tiskalnikov Creality, vklju\u010dno s Creality CR-10 V2, serijo Creality Ender in drugimi. Ta \u0161iroka zdru\u017eljivost zagotavlja, da lahko uporabniki z razli\u010dnimi modeli Creality izkoristijo zmogljivost in zanesljivost teh \u0161ob iz nerjave\u010dega jekla.<\/span><\/li>\n<li><strong><span style=\"vertical-align: inherit;\">Enostavna namestitev:<\/span><\/strong><span style=\"vertical-align: inherit;\"> \u0160obe so zasnovane za enostavno namestitev, kar uporabnikom omogo\u010da enostavno zamenjavo ali nadgradnjo obstoje\u010dih \u0161ob brez zapletov.<\/span><\/li>\n<li><strong><span style=\"vertical-align: inherit;\">Economic Pack of 10:<\/span><\/strong><span style=\"vertical-align: inherit;\"> Paket vklju\u010duje 10 \u0161ob iz nerjave\u010dega jekla, ki uporabnikom ponujajo priro\u010dno re\u0161itev za ve\u010d zamenjav ali za tiste, ki imajo raje rezervne \u0161obe pri roki. Ta ogromna mo\u017enost ponuja dolgoro\u010dno vrednost za navdu\u0161ence nad 3D-tiskanjem.<\/span><\/li>\n<\/ul>\n<p><span style=\"vertical-align: inherit;\">\u010ce povzamemo, jeklena \u0161oba MK8 (10 paketov) zdru\u017euje natan\u010dno ekstruzijo, visokokakovostne materiale, \u0161iroko zdru\u017eljivost in cenovno dostopnost, zaradi \u010desar je odli\u010dna izbira za uporabnike 3D tiskalnikov Creality, ki i\u0161\u010dejo zanesljive rezultate 3D tiskanja in koherentnost.<\/span><\/p>\n","protected":false},"excerpt":{"rendered":"<h4><span style=\"vertical-align: inherit;\">Jeklena \u0161oba MK8 (paket 10 kosov)<\/span>\u00a0so \u0161obe ekstruderja, ki lahko u\u010dinkovito prepre\u010dujejo pu\u0161\u010danje tiskalne glave in ustvarjajo konsistentne tiske z gladkim in sijo\u010dim sijajem.<\/h4>\n","protected":false},"featured_media":17681,"comment_status":"closed","ping_status":"closed","template":"","meta":{"_acf_changed":false},"product_brand":[],"product_cat":[787,760,785,761,759],"product_tag":[],"brand":[],"class_list":{"0":"post-15401","1":"product","2":"type-product","3":"status-publish","4":"has-post-thumbnail","6":"product_cat-navadne-sobe","7":"product_cat-rezervni-deli","8":"product_cat-sobe","9":"product_cat-vsi-rezervni-deli","10":"product_cat-znizano","11":"pa_compatible-with-creality-fdm-3d-printers","12":"pa_fits-printer-creality-cr-10","13":"pa_fits-printer-creality-ender-3","15":"first","16":"instock","17":"sale","18":"taxable","19":"shipping-taxable","20":"purchasable","21":"product-type-simple"},"acf":[],"_links":{"self":[{"href":"https:\/\/azurefilm.com\/sl\/wp-json\/wp\/v2\/product\/15401","targetHints":{"allow":["GET"]}}],"collection":[{"href":"https:\/\/azurefilm.com\/sl\/wp-json\/wp\/v2\/product"}],"about":[{"href":"https:\/\/azurefilm.com\/sl\/wp-json\/wp\/v2\/types\/product"}],"replies":[{"embeddable":true,"href":"https:\/\/azurefilm.com\/sl\/wp-json\/wp\/v2\/comments?post=15401"}],"wp:featuredmedia":[{"embeddable":true,"href":"https:\/\/azurefilm.com\/sl\/wp-json\/wp\/v2\/media\/17681"}],"wp:attachment":[{"href":"https:\/\/azurefilm.com\/sl\/wp-json\/wp\/v2\/media?parent=15401"}],"wp:term":[{"taxonomy":"product_brand","embeddable":true,"href":"https:\/\/azurefilm.com\/sl\/wp-json\/wp\/v2\/product_brand?post=15401"},{"taxonomy":"product_cat","embeddable":true,"href":"https:\/\/azurefilm.com\/sl\/wp-json\/wp\/v2\/product_cat?post=15401"},{"taxonomy":"product_tag","embeddable":true,"href":"https:\/\/azurefilm.com\/sl\/wp-json\/wp\/v2\/product_tag?post=15401"},{"taxonomy":"brand","embeddable":true,"href":"https:\/\/azurefilm.com\/sl\/wp-json\/wp\/v2\/brand?post=15401"}],"curies":[{"name":"wp","href":"https:\/\/api.w.org\/{rel}","templated":true}]}}