
{"id":15498,"date":"2023-10-29T14:38:51","date_gmt":"2023-10-29T14:38:51","guid":{"rendered":"https:\/\/azurefilm.com\/product\/pla-silk-filament-rainbow-amber\/"},"modified":"2025-11-18T11:18:50","modified_gmt":"2025-11-18T11:18:50","slug":"pla-silk-filament-rainbow-amber","status":"publish","type":"product","link":"https:\/\/azurefilm.com\/sl\/izdelek\/pla-silk-filament-rainbow-amber\/","title":{"rendered":"PLA Silk filament Rainbow Amber"},"content":{"rendered":"<h2><b>PLA Silk<\/b><\/h2>\n<p><span style=\"font-weight: 400;\">Spoznajte na\u0161e PLA Silk filamente, posebno izdajo na\u0161e PLA Original linije. PLA Silk filamenti imajo posebne dodatke h klasi\u010dnim PLA filamentom, ki dajejo videz <\/span><b>sijo\u010de, rahlo prosojne in svilnate povr\u0161ine<\/b><span style=\"font-weight: 400;\">. Poleg tega ta material <\/span><b>dobro prekriva prehode med plastmi<\/b><span style=\"font-weight: 400;\">, ki nastajajo pri tiskanju. PLA Silk filamenti imajo vse tradicionalne PLA lastnosti in zagotavljajo <\/span><b>konsistentne rezultate<\/b><span style=\"font-weight: 400;\">. So najbolj\u0161a izbira za 3D tiskanje okrasnih elementov, kot so vaze, figurice, dodatki, pripomo\u010dki za dom in \u0161e veliko ve\u010d.<\/span><\/p>\n<h2><b>PLA Silk Rainbow<\/b><\/h2>\n<p><span style=\"font-weight: 400;\">Spoznajte kolekcijo PLA Silk Rainbow, ki je raz\u0161iritev na\u0161e ponudbe Silk filamentov. Ta kolekcija temelji na na\u0161ih Silk filamentih, ki so znani po svojem sijajnem, prosojnem in svilnatem zaklju\u010dku in<\/span><b> predstavlja \u010dudovit prehod med paleto razli\u010dnih barv.<\/b><span style=\"font-weight: 400;\"> Silk Rainbow filamenti zagotavljajo naravne barvne prehode vsakih nekaj metrov na kolutu. Potopite se v svet mavric!<\/span><\/p>\n<h2><strong>PLA Silk filament Rainbow Amber<\/strong><\/h2>\n<p>Razi\u0161\u010dite bogatstvo PLA Silk filament Rainbow Amber. Mavrico sestavljajo zlata, olivno zlata in temno bakrena barva. <b>Barve se spremenijo vsakih 10 metrov filamenta<\/b><span style=\"font-weight: 400;\">, kar ustvarja dinami\u010dne in nenehno spreminjajo\u010de se barvne kombinacije v va\u0161ih 3D projektih.<\/span><\/p>\n<p><span style=\"font-weight: 400;\">\u010ce \u017eelite izvedeti ve\u010d o PLA filamentih, preberite na\u0161 <a href=\"https:\/\/azurefilm.com\/sl\/2023\/07\/04\/pla-filamenti\/\" target=\"_blank\" rel=\"noopener\">blog<\/a>. <\/span><\/p>\n<p><span style=\"font-weight: 400;\">Tukaj lahko dostopate do <a href=\"https:\/\/azurefilm.com\/sl\/technical-data-sheets\/\" target=\"_blank\" rel=\"noopener\">tehni\u010dnega lista<\/a>.<\/span><\/p>\n<h3><strong>Priporo\u010dila za tiskanje:<\/strong><\/h3>\n<ul>\n<li style=\"font-weight: 400;\" aria-level=\"1\"><span style=\"font-weight: 400;\">Za najbolj\u0161e rezultate tiskajte pri temperaturi 220\u2013240 \u00b0C. <\/span><\/li>\n<li style=\"font-weight: 400;\" aria-level=\"1\"><span style=\"font-weight: 400;\">Priporo\u010dena temperatura grelne mize je 80 \u00b0C. <\/span><\/li>\n<li style=\"font-weight: 400;\" aria-level=\"1\"><span style=\"font-weight: 400;\">Uporabite stekleno plo\u0161\u010do, PEI folijo, kapton ali modri trak za tiskalno povr\u0161ino s pr\u0161ilom 3Dlac.<\/span><\/li>\n<\/ul>\n<p><i><span style=\"font-weight: 400;\">*Idealna temperatura se lahko razlikuje pri uporabi razli\u010dnih tiskalnikov.<\/span><\/i><\/p>\n","protected":false},"excerpt":{"rendered":"<p>Razi\u0161\u010dite bogatstvo PLA Silk filament Rainbow Amber. Mavrico sestavljajo zlata, olivno zlata in temno bakrena barva.<\/p>\n","protected":false},"featured_media":10718,"comment_status":"closed","ping_status":"closed","template":"","meta":{"_acf_changed":false},"product_brand":[],"product_cat":[802,659,685,692,661],"product_tag":[],"brand":[267],"class_list":{"0":"post-15498","1":"product","2":"type-product","3":"status-publish","4":"has-post-thumbnail","6":"product_cat-pla-svila-mavrica-sl","7":"product_cat-3d-filamenti","8":"product_cat-pla-filament-sl","9":"product_cat-pla-svila-sl","10":"product_cat-vsi-filamenti","11":"pa_colour-gold","12":"pa_colour-multicolour","13":"pa_filament-diameter-1-75mm","14":"pa_filament-weight-1000g","15":"brand-azurefilm","17":"first","18":"instock","19":"taxable","20":"shipping-taxable","21":"purchasable","22":"product-type-variable","23":"has-default-attributes"},"acf":[],"_links":{"self":[{"href":"https:\/\/azurefilm.com\/sl\/wp-json\/wp\/v2\/product\/15498","targetHints":{"allow":["GET"]}}],"collection":[{"href":"https:\/\/azurefilm.com\/sl\/wp-json\/wp\/v2\/product"}],"about":[{"href":"https:\/\/azurefilm.com\/sl\/wp-json\/wp\/v2\/types\/product"}],"replies":[{"embeddable":true,"href":"https:\/\/azurefilm.com\/sl\/wp-json\/wp\/v2\/comments?post=15498"}],"wp:featuredmedia":[{"embeddable":true,"href":"https:\/\/azurefilm.com\/sl\/wp-json\/wp\/v2\/media\/10718"}],"wp:attachment":[{"href":"https:\/\/azurefilm.com\/sl\/wp-json\/wp\/v2\/media?parent=15498"}],"wp:term":[{"taxonomy":"product_brand","embeddable":true,"href":"https:\/\/azurefilm.com\/sl\/wp-json\/wp\/v2\/product_brand?post=15498"},{"taxonomy":"product_cat","embeddable":true,"href":"https:\/\/azurefilm.com\/sl\/wp-json\/wp\/v2\/product_cat?post=15498"},{"taxonomy":"product_tag","embeddable":true,"href":"https:\/\/azurefilm.com\/sl\/wp-json\/wp\/v2\/product_tag?post=15498"},{"taxonomy":"brand","embeddable":true,"href":"https:\/\/azurefilm.com\/sl\/wp-json\/wp\/v2\/brand?post=15498"}],"curies":[{"name":"wp","href":"https:\/\/api.w.org\/{rel}","templated":true}]}}