
{"id":15503,"date":"2023-10-29T14:39:30","date_gmt":"2023-10-29T14:39:30","guid":{"rendered":"https:\/\/azurefilm.com\/product\/3d-pen-5-pack-silk-fusion\/"},"modified":"2025-08-22T10:26:57","modified_gmt":"2025-08-22T10:26:57","slug":"3d-pen-5-pack-silk-fusion","status":"publish","type":"product","link":"https:\/\/azurefilm.com\/sl\/izdelek\/3d-pen-5-pack-silk-fusion\/","title":{"rendered":"3D Pen 5-pack Silk Fusion"},"content":{"rendered":"<h2><b>PLA Silk<\/b><\/h2>\n<p><span style=\"font-weight: 400;\">Spoznajte na\u0161e PLA Silk filamente, posebno izdajo na\u0161e PLA Original linije. PLA Silk filamenti imajo posebne dodatke h klasi\u010dnim PLA filamentom, ki dajejo videz <\/span><b>sijo\u010de, rahlo prosojne in svilnate povr\u0161ine<\/b><span style=\"font-weight: 400;\">. Poleg tega ta material <\/span><b>dobro prekriva prehode med plastmi<\/b><span style=\"font-weight: 400;\">, ki nastajajo pri tiskanju. PLA Silk filamenti imajo vse tradicionalne PLA lastnosti in zagotavljajo <\/span><b>konsistentne rezultate<\/b><span style=\"font-weight: 400;\">. So najbolj\u0161a izbira za 3D tiskanje okrasnih elementov, kot so vaze, figurice, dodatki, pripomo\u010dki za dom in \u0161e veliko ve\u010d.<\/span><\/p>\n<h2><strong>3D Pen 5-pack Silk Fusion<\/strong><\/h2>\n<p>Izrazite svoj eleganten navdih z na\u0161im 3D Pen 5-pack Silk Fusion. Paket vsebuje PLA Silk barve: white, silver, lila, aquamarine in yellow.<\/p>\n<p><span style=\"font-weight: 400;\">\u010ce \u017eelite izvedeti ve\u010d o PLA filamentih, preberite na\u0161 <a href=\"https:\/\/azurefilm.com\/sl\/2023\/07\/04\/pla-filamenti\/\" target=\"_blank\" rel=\"noopener\">blog<\/a>.\u00a0<\/span><\/p>\n<p><span style=\"font-weight: 400;\">Tukaj lahko dostopate do <a href=\"https:\/\/azurefilm.com\/sl\/technical-data-sheets\/\" target=\"_blank\" rel=\"noopener\">tehni\u010dnega lista<\/a>.<\/span><\/p>\n<h3><strong>Priporo\u010dila za tiskanje:<\/strong><\/h3>\n<ul>\n<li style=\"font-weight: 400;\" aria-level=\"1\"><span style=\"font-weight: 400;\">Za najbolj\u0161e rezultate tiskajte pri temperaturi 220\u2013240 \u00b0C.\u00a0<\/span><\/li>\n<li style=\"font-weight: 400;\" aria-level=\"1\"><span style=\"font-weight: 400;\">Priporo\u010dena temperatura grelne mize je 80 \u00b0C. <\/span><\/li>\n<li style=\"font-weight: 400;\" aria-level=\"1\"><span style=\"font-weight: 400;\">Uporabite stekleno plo\u0161\u010do, PEI folijo, kapton ali modri trak za tiskalno povr\u0161ino s pr\u0161ilom 3Dlac.<\/span><\/li>\n<\/ul>\n<p><i><span style=\"font-weight: 400;\">*Idealna temperatura se lahko razlikuje pri uporabi razli\u010dnih tiskalnikov.<\/span><\/i><\/p>\n","protected":false},"excerpt":{"rendered":"<p>Izrazite svoj eleganten navdih z na\u0161im 3D Pen 5-pack Silk Fusion. Paket vsebuje PLA Silk barve: white, silver, lila, aquamarine in yellow.<\/p>\n","protected":false},"featured_media":10790,"comment_status":"closed","ping_status":"closed","template":"","meta":{"_acf_changed":false},"product_brand":[],"product_cat":[660,659,663,661,759],"product_tag":[],"brand":[],"class_list":{"0":"post-15503","1":"product","2":"type-product","3":"status-publish","4":"has-post-thumbnail","6":"product_cat-polnilo-za-3d-pisalo-filament","7":"product_cat-3d-filamenti","8":"product_cat-paketi","9":"product_cat-vsi-filamenti","10":"product_cat-znizano","12":"first","13":"outofstock","14":"sale","15":"taxable","16":"shipping-taxable","17":"purchasable","18":"product-type-simple"},"acf":[],"_links":{"self":[{"href":"https:\/\/azurefilm.com\/sl\/wp-json\/wp\/v2\/product\/15503","targetHints":{"allow":["GET"]}}],"collection":[{"href":"https:\/\/azurefilm.com\/sl\/wp-json\/wp\/v2\/product"}],"about":[{"href":"https:\/\/azurefilm.com\/sl\/wp-json\/wp\/v2\/types\/product"}],"replies":[{"embeddable":true,"href":"https:\/\/azurefilm.com\/sl\/wp-json\/wp\/v2\/comments?post=15503"}],"wp:featuredmedia":[{"embeddable":true,"href":"https:\/\/azurefilm.com\/sl\/wp-json\/wp\/v2\/media\/10790"}],"wp:attachment":[{"href":"https:\/\/azurefilm.com\/sl\/wp-json\/wp\/v2\/media?parent=15503"}],"wp:term":[{"taxonomy":"product_brand","embeddable":true,"href":"https:\/\/azurefilm.com\/sl\/wp-json\/wp\/v2\/product_brand?post=15503"},{"taxonomy":"product_cat","embeddable":true,"href":"https:\/\/azurefilm.com\/sl\/wp-json\/wp\/v2\/product_cat?post=15503"},{"taxonomy":"product_tag","embeddable":true,"href":"https:\/\/azurefilm.com\/sl\/wp-json\/wp\/v2\/product_tag?post=15503"},{"taxonomy":"brand","embeddable":true,"href":"https:\/\/azurefilm.com\/sl\/wp-json\/wp\/v2\/brand?post=15503"}],"curies":[{"name":"wp","href":"https:\/\/api.w.org\/{rel}","templated":true}]}}