
{"id":15511,"date":"2023-10-29T14:39:30","date_gmt":"2023-10-29T14:39:30","guid":{"rendered":"https:\/\/azurefilm.com\/product\/pla-glitter-filament-cork\/"},"modified":"2025-08-22T10:32:05","modified_gmt":"2025-08-22T10:32:05","slug":"lumberlay-glitter-filament-cork","status":"publish","type":"product","link":"https:\/\/azurefilm.com\/sl\/izdelek\/lumberlay-glitter-filament-cork\/","title":{"rendered":"LumberLay Glitter filament Cork"},"content":{"rendered":"<h2><b>PLA Glitter<\/b><\/h2>\n<p><span style=\"font-weight: 400;\">PLA Glitter filamenti so izdelani iz na\u0161ega PLA Original in vsebujejo <\/span><b>ble\u0161\u010de\u010de delce<\/b><span style=\"font-weight: 400;\"> za bolj ble\u0161\u010de\u010d u\u010dinek na va\u0161ih odtisih. PLA Glitter je podoben PLA Original, kar pomeni, da je <\/span><b>biolo\u0161ko razgradljiv<\/b><span style=\"font-weight: 400;\">, se <\/span><b>enostavno tiska<\/b><span style=\"font-weight: 400;\"> in daje <\/span><b>dosledne rezultate<\/b><span style=\"font-weight: 400;\">.\u00a0 Pri tiskanju s PLA Glitter filamenti pa morate biti previdni, saj so ble\u0161\u010de\u010di delci rahlo abrazivni in lahko obrabijo \u0161obo. Priporo\u010damo <\/span><b>uporabo 0,6 mm \u0161obe, ki je odporna proti obrabi<\/b><span style=\"font-weight: 400;\">.\u00a0<\/span><\/p>\n<h2><b>LumberLay<\/b><\/h2>\n<p><span style=\"font-weight: 400;\">Spoznajte na\u0161e LumberLay filamente &#8211; to je edinstven material, ki ima <\/span><b>videz in ob\u010dutek pravega lesa<\/b><span style=\"font-weight: 400;\">. LumberLay zdru\u017euje <\/span><b>40 % recikliranega lesa <\/b><span style=\"font-weight: 400;\">in 60 % PLA filamenta. Zaradi te me\u0161anice bodo imeli va\u0161i tiski <\/span><b>videz naravnega lesa<\/b><span style=\"font-weight: 400;\">, fizikalne lastnosti izdelka pa bodo izjemno podobne naravnemu lesu. Edina slaba stran tega filamenta je, da se zaradi svoje strukture nagiba k obrabi \u0161obe. Zato <\/span><b>priporo\u010damo uporabo vsaj 0,6 mm \u0161obe, odporne proti obrabi<\/b><span style=\"font-weight: 400;\">.<\/span><\/p>\n<h2><strong>LumberLay Glitter filament Cork<\/strong><\/h2>\n<p>Prebudite ob\u010dutek prijetnega doma\u010dega vzdu\u0161ja in tiskajte z na\u0161im LumberLay Glitter filament Cork.<\/p>\n<p><span style=\"font-weight: 400;\">\u010ce \u017eelite izvedeti ve\u010d o PLA filamentih, preberite na\u0161 <a href=\"https:\/\/azurefilm.com\/sl\/2023\/07\/04\/pla-filamenti\/\" target=\"_blank\" rel=\"noopener\">blog<\/a>.\u00a0<\/span><\/p>\n<p><span style=\"font-weight: 400;\">Tukaj lahko dostopate do <a href=\"https:\/\/azurefilm.com\/sl\/technical-data-sheets\/\" target=\"_blank\" rel=\"noopener\">tehni\u010dnega lista<\/a>.<\/span><\/p>\n<h3><strong>Priporo\u010dila za tiskanje:<\/strong><\/h3>\n<ul>\n<li><strong>Filament mora biti pred uporabo posu\u0161en (8 ur pri 55\u00b0C).<\/strong><\/li>\n<li><b>Priporo\u010damo uporabo vsaj 0,6 mm \u0161obe, kar prepre\u010duje zama\u0161itev<\/b><b><i>.<\/i><\/b><\/li>\n<li><span style=\"font-weight: 400;\">Za najbolj\u0161e rezultate tiskajte pri temperaturi 220\u2013230 \u00b0C*.\u00a0<\/span><\/li>\n<li><span style=\"font-weight: 400;\">Ogrevane tiskalne plo\u0161\u010de ne potrebujete, vendar priporo\u010damo, da jo segrejete na 50\u201360 \u00b0C.\u00a0<\/span><\/li>\n<li><span style=\"font-weight: 400;\">Uporabite stekleno plo\u0161\u010do, PEI folijo, kapton ali modri trak za tiskalno povr\u0161ino s pr\u0161ilom 3Dlac.<\/span><\/li>\n<\/ul>\n<p><i><span style=\"font-weight: 400;\">*Idealna temperatura se lahko razlikuje pri uporabi razli\u010dnih tiskalnikov.<\/span><\/i><\/p>\n","protected":false},"excerpt":{"rendered":"<p>Prebudite ob\u010dutek prijetnega doma\u010dega vzdu\u0161ja in tiskajte z na\u0161im LumberLay Glitter filament Cork.<\/p>\n<p><b>Opozorilo: <\/b><span style=\"font-weight: 400;\">Zaradi naravnih razlik v lesnih vlaknih lahko med serijami filamentov LumberLay pride do rahlih odstopanj v barvi.<\/span><\/p>\n","protected":false},"featured_media":10830,"comment_status":"closed","ping_status":"closed","template":"","meta":{"_acf_changed":false},"product_brand":[],"product_cat":[686,659,696,685,661],"product_tag":[],"brand":[267],"class_list":{"0":"post-15511","1":"product","2":"type-product","3":"status-publish","4":"has-post-thumbnail","6":"product_cat-pla-blesceci-sl","7":"product_cat-3d-filamenti","8":"product_cat-leseni-filament-lumberlay","9":"product_cat-pla-filament-sl","10":"product_cat-vsi-filamenti","11":"pa_colour-brown","12":"pa_filament-diameter-1-75mm","13":"pa_filament-weight-750g","14":"brand-azurefilm","16":"first","17":"outofstock","18":"taxable","19":"shipping-taxable","20":"purchasable","21":"product-type-variable","22":"has-default-attributes"},"acf":[],"_links":{"self":[{"href":"https:\/\/azurefilm.com\/sl\/wp-json\/wp\/v2\/product\/15511","targetHints":{"allow":["GET"]}}],"collection":[{"href":"https:\/\/azurefilm.com\/sl\/wp-json\/wp\/v2\/product"}],"about":[{"href":"https:\/\/azurefilm.com\/sl\/wp-json\/wp\/v2\/types\/product"}],"replies":[{"embeddable":true,"href":"https:\/\/azurefilm.com\/sl\/wp-json\/wp\/v2\/comments?post=15511"}],"wp:featuredmedia":[{"embeddable":true,"href":"https:\/\/azurefilm.com\/sl\/wp-json\/wp\/v2\/media\/10830"}],"wp:attachment":[{"href":"https:\/\/azurefilm.com\/sl\/wp-json\/wp\/v2\/media?parent=15511"}],"wp:term":[{"taxonomy":"product_brand","embeddable":true,"href":"https:\/\/azurefilm.com\/sl\/wp-json\/wp\/v2\/product_brand?post=15511"},{"taxonomy":"product_cat","embeddable":true,"href":"https:\/\/azurefilm.com\/sl\/wp-json\/wp\/v2\/product_cat?post=15511"},{"taxonomy":"product_tag","embeddable":true,"href":"https:\/\/azurefilm.com\/sl\/wp-json\/wp\/v2\/product_tag?post=15511"},{"taxonomy":"brand","embeddable":true,"href":"https:\/\/azurefilm.com\/sl\/wp-json\/wp\/v2\/brand?post=15511"}],"curies":[{"name":"wp","href":"https:\/\/api.w.org\/{rel}","templated":true}]}}