
{"id":15512,"date":"2023-10-29T14:39:30","date_gmt":"2023-10-29T14:39:30","guid":{"rendered":"https:\/\/azurefilm.com\/product\/flexible-filament-98a-black\/"},"modified":"2025-08-25T23:01:33","modified_gmt":"2025-08-25T23:01:33","slug":"flexible-filament-98a-black","status":"publish","type":"product","link":"https:\/\/azurefilm.com\/sl\/izdelek\/flexible-filament-98a-black\/","title":{"rendered":"Flexible filament 98A Black"},"content":{"rendered":"<h2><b>Flexible 98A<\/b><\/h2>\n<p><span style=\"font-weight: 400;\">Flexible 98A filamenti so narejeni iz <\/span><b>TPU<\/b><span style=\"font-weight: 400;\"> (termoplasti\u010dnega poliuretana)<\/span> <span style=\"font-weight: 400;\">in imajo <\/span><b>lastnosti, podobne gumi<\/b><span style=\"font-weight: 400;\">. To pomeni, da je material izjemno <\/span><b>fleksibilen <\/b><span style=\"font-weight: 400;\">, a tudi zelo <\/span><b>vzdr\u017eljiv<\/b><span style=\"font-weight: 400;\">. Flexible filamenti se pogosto uporabljajo za proizvodnjo gospodinjskih aparatov, igra\u010d, etuijev za telefone, zapestnic, avtomobilskih delov in medicinskih materialov. \u010ce potrebujete nekaj, kar se mora upogibati, raztezati ali stiskati, bo ta filament kos tej nalogi.<\/span><\/p>\n<p><span style=\"font-weight: 400;\">Obstajajo <\/span><b>razli\u010dne vrste trdot<\/b><span style=\"font-weight: 400;\"> Flexible filamentov, ozna\u010dene s \u0161tevilkami od 0 do 100 in \u010drkami od A do D. Material postaja tr\u0161i in tr\u0161i, ko se \u0161tevilo ali \u010drka pove\u010duje. <\/span><b>98A Shore pomeni<\/b><span style=\"font-weight: 400;\"> , da je filament zelo trd in ga je mogo\u010de primerjati s trdoto kolesa nakupovalnega vozi\u010dka.<\/span><\/p>\n<p><b>Opozorilo:<\/b><span style=\"font-weight: 400;\"> \u010ce med 3D tiskanjem sli\u0161ite pokanje filamenta, to pomeni, da je filament vla\u017een in ga je treba za bolj\u0161e rezultate posu\u0161iti. Uporabite su\u0161ilnik filamentov, kot je <a href=\"https:\/\/azurefilm.com\/sl\/izdelek\/creality-filament-dry-box-2-0\/\" target=\"_blank\" rel=\"noopener\"><strong>Creality Dry Box<\/strong><\/a>.<\/span><\/p>\n<p>&nbsp;<\/p>\n<h2 style=\"font-size: 23.04px;\"><b><img decoding=\"async\" class=\"size-medium wp-image-17898 alignnone\" src=\"https:\/\/azurefilm.com\/wp-content\/uploads\/2023\/10\/Flexible-filament-table.jpg\" alt=\" width=\" height=\"400\" title=\"\"><\/b><\/h2>\n<h2 style=\"font-size: 23.04px;\"><strong>Flexible filament 98A Black<\/strong><\/h2>\n<p>Odkrijte popolno ravnovesje med pro\u017enostjo in vzdr\u017eljivostjo z na\u0161im Flexible filament 98A Black.<\/p>\n<p><span style=\"font-weight: 400;\">\u010ce \u017eelite izvedeti ve\u010d o Flexible filamentih, preberite na\u0161 <a href=\"https:\/\/azurefilm.com\/sl\/2023\/08\/09\/flexible-filamenti\/\" target=\"_blank\" rel=\"noopener\"><strong>blog<\/strong><\/a>.\u00a0<\/span><\/p>\n<p><span style=\"font-weight: 400;\">Tukaj lahko dostopate do <a href=\"https:\/\/azurefilm.com\/sl\/technical-data-sheets\/\" target=\"_blank\" rel=\"noopener\"><strong> tehni\u010dnega lista<\/strong><\/a>.<\/span><\/p>\n<h3><strong>Priporo\u010dila za tiskanje:<\/strong><\/h3>\n<ul>\n<li><span style=\"font-weight: 400;\">Za najbolj\u0161e rezultate tiskajte pri temperaturi 220\u2013240 \u00b0C*.<\/span><\/li>\n<li><span style=\"font-weight: 400;\">Priporo\u010dena temperatura grelne mize je 80 \u00b0C.<\/span><\/li>\n<li><b>Tiskajte pri nizki hitrosti 10\u201330 mm\/s<\/b><\/li>\n<li><span style=\"font-weight: 400;\">Uporabite stekleno plo\u0161\u010do, PEI folijo, kapton ali modri trak za tiskalno povr\u0161ino s pr\u0161ilom 3Dlac<\/span><i><span style=\"font-weight: 400;\">.<\/span><\/i><\/li>\n<\/ul>\n<p><i><span style=\"font-weight: 400;\">*Idealna temperatura se lahko razlikuje pri uporabi razli\u010dnih tiskalnikov.<\/span><\/i><\/p>\n","protected":false},"excerpt":{"rendered":"<p>Odkrijte popolno ravnovesje med pro\u017enostjo in vzdr\u017eljivostjo z na\u0161im Flexible filament 98A Black.<\/p>\n","protected":false},"featured_media":10845,"comment_status":"closed","ping_status":"closed","template":"","meta":{"_acf_changed":false},"product_brand":[],"product_cat":[669,659,667,661],"product_tag":[],"brand":[267],"class_list":{"0":"post-15512","1":"product","2":"type-product","3":"status-publish","4":"has-post-thumbnail","6":"product_cat-tpu-98a-sl","7":"product_cat-3d-filamenti","8":"product_cat-fleksibilni-tpu-filament","9":"product_cat-vsi-filamenti","10":"pa_colour-black","11":"pa_filament-diameter-1-75mm","12":"pa_filament-weight-1000g","13":"pa_filament-weight-650g","14":"brand-azurefilm","16":"first","17":"outofstock","18":"taxable","19":"shipping-taxable","20":"purchasable","21":"product-type-variable","22":"has-default-attributes"},"acf":[],"_links":{"self":[{"href":"https:\/\/azurefilm.com\/sl\/wp-json\/wp\/v2\/product\/15512","targetHints":{"allow":["GET"]}}],"collection":[{"href":"https:\/\/azurefilm.com\/sl\/wp-json\/wp\/v2\/product"}],"about":[{"href":"https:\/\/azurefilm.com\/sl\/wp-json\/wp\/v2\/types\/product"}],"replies":[{"embeddable":true,"href":"https:\/\/azurefilm.com\/sl\/wp-json\/wp\/v2\/comments?post=15512"}],"wp:featuredmedia":[{"embeddable":true,"href":"https:\/\/azurefilm.com\/sl\/wp-json\/wp\/v2\/media\/10845"}],"wp:attachment":[{"href":"https:\/\/azurefilm.com\/sl\/wp-json\/wp\/v2\/media?parent=15512"}],"wp:term":[{"taxonomy":"product_brand","embeddable":true,"href":"https:\/\/azurefilm.com\/sl\/wp-json\/wp\/v2\/product_brand?post=15512"},{"taxonomy":"product_cat","embeddable":true,"href":"https:\/\/azurefilm.com\/sl\/wp-json\/wp\/v2\/product_cat?post=15512"},{"taxonomy":"product_tag","embeddable":true,"href":"https:\/\/azurefilm.com\/sl\/wp-json\/wp\/v2\/product_tag?post=15512"},{"taxonomy":"brand","embeddable":true,"href":"https:\/\/azurefilm.com\/sl\/wp-json\/wp\/v2\/brand?post=15512"}],"curies":[{"name":"wp","href":"https:\/\/api.w.org\/{rel}","templated":true}]}}