
{"id":15527,"date":"2023-10-29T14:41:10","date_gmt":"2023-10-29T14:41:10","guid":{"rendered":"https:\/\/azurefilm.com\/product\/flexible-filament-85a-white\/"},"modified":"2025-08-25T23:00:59","modified_gmt":"2025-08-25T23:00:59","slug":"flexible-filament-85a-white","status":"publish","type":"product","link":"https:\/\/azurefilm.com\/sl\/izdelek\/flexible-filament-85a-white\/","title":{"rendered":"Flexible filament 85A White"},"content":{"rendered":"<h2><b>Flexible 85A<\/b><\/h2>\n<p><span style=\"font-weight: 400;\">Flexible 85A filamenti so narejeni iz <\/span><b>TPU <\/b><span style=\"font-weight: 400;\">(termoplasti\u010dnega poliuretana) in imajo <\/span><b>lastnosti, podobne gumi<\/b><span style=\"font-weight: 400;\">. To pomeni, da je material izjemno <\/span><b>fleksibilen <\/b><span style=\"font-weight: 400;\">, a tudi zelo <\/span><b>vzdr\u017eljiv<\/b><span style=\"font-weight: 400;\">. Flexible filamenti se pogosto uporabljajo za proizvodnjo gospodinjskih aparatov, igra\u010d, etuijev za telefone, zapestnic, avtomobilskih delov in medicinskih materialov. \u010ce potrebujete nekaj, kar se mora upogibati, raztezati ali stiskati, bo ta filament kos tej nalogi.<\/span><\/p>\n<p><span style=\"font-weight: 400;\">Obstajajo <\/span><b>razli\u010dne vrste trdot<\/b><span style=\"font-weight: 400;\"> Flexible filamentov, ozna\u010dene s \u0161tevilkami od 0 do 100 in \u010drkami od A do D. Material postaja tr\u0161i in tr\u0161i, ko se \u0161tevilo ali \u010drka pove\u010duje. <\/span><b>85A shore<\/b><span style=\"font-weight: 400;\"> pomeni, da je filament precej trd in ga lahko primerjamo s trdoto pete \u010devlja\u00a0<\/span><\/p>\n<p><span style=\"font-weight: 400;\">Z ekstruderjem z direktnim pogonom lahko tiskate obe vrsti Flexible filamentov. \u010ce pa ima va\u0161 3D tiskalnik Bowdenovo cev, se boste morali nekoliko poigrati z nastavitvami. Tiskalniki z bowdenovo cevjo se pogosto zama\u0161ijo med tiskanjem Flexible filamentov. \u010ce imate Bowdenovo cev, priporo\u010damo uporabo Flexible filamenta 98A Shore (nekoliko tr\u0161e od 85A Shore) za la\u017eje tiskanje.<\/span><\/p>\n<p><b>Opozorilo:<\/b><span style=\"font-weight: 400;\"> \u010ce med 3D tiskanjem sli\u0161ite pokanje filamenta, to pomeni, da je filament vla\u017een in ga je treba za bolj\u0161e rezultate posu\u0161iti. Uporabite su\u0161ilnik filamentov, kot je <a href=\"https:\/\/azurefilm.com\/sl\/izdelek\/creality-filament-dry-box-2-0\/\" target=\"_blank\" rel=\"noopener\"><strong>Creality Dry Box<\/strong><\/a>.<\/span><\/p>\n<p>&nbsp;<\/p>\n<p><img decoding=\"async\" class=\"alignnone size-medium wp-image-17898\" src=\"https:\/\/azurefilm.com\/wp-content\/uploads\/2023\/10\/Flexible-filament-table.jpg\" alt=\" width=\" height=\"400\" title=\"\"><\/p>\n<h2><strong>Flexible filament 85A White<\/strong><\/h2>\n<p>Osredoto\u010dite se na ustvarjanje briljantnih 3D izdelkov z na\u0161im zanesljivim Flexible filament 85A White.<\/p>\n<p><span style=\"font-weight: 400;\">\u010ce \u017eelite izvedeti ve\u010d o Flexible filamentih, preberite na\u0161 <a href=\"https:\/\/azurefilm.com\/sl\/2023\/08\/09\/flexible-filamenti\/\" target=\"_blank\" rel=\"noopener\"><strong>blog<\/strong><\/a>. <\/span><\/p>\n<p><span style=\"font-weight: 400;\">Tukaj lahko dostopate do <a href=\"https:\/\/azurefilm.com\/sl\/technical-data-sheets\/\" target=\"_blank\" rel=\"noopener\"><strong> tehni\u010dnega lista<\/strong><\/a>.<\/span><\/p>\n<h3><strong>Priporo\u010dila za tiskanje:<\/strong><\/h3>\n<ul>\n<li><span style=\"font-weight: 400;\">Za najbolj\u0161e rezultate tiskajte pri temperaturi 220\u2013240 \u00b0C*.<\/span><\/li>\n<li><span style=\"font-weight: 400;\">Priporo\u010dena temperatura grelne mize je 80 \u00b0C.<\/span><\/li>\n<li><b>Tiskajte pri nizki hitrosti 10\u201330 mm\/s<\/b><\/li>\n<li><span style=\"font-weight: 400;\">Uporabite stekleno plo\u0161\u010do, PEI folijo, kapton ali modri trak za tiskalno povr\u0161ino s pr\u0161ilom 3Dlac<\/span><i><span style=\"font-weight: 400;\">.<\/span><\/i><\/li>\n<\/ul>\n<p><i><span style=\"font-weight: 400;\">*Idealna temperatura se lahko razlikuje pri uporabi razli\u010dnih tiskalnikov.<\/span><\/i><\/p>\n","protected":false},"excerpt":{"rendered":"<p>Osredoto\u010dite se na ustvarjanje briljantnih 3D izdelkov z na\u0161im zanesljivim Flexible filament 85A White.<\/p>\n","protected":false},"featured_media":11022,"comment_status":"closed","ping_status":"closed","template":"","meta":{"_acf_changed":false},"product_brand":[],"product_cat":[668,659,667,661],"product_tag":[],"brand":[267],"class_list":{"0":"post-15527","1":"product","2":"type-product","3":"status-publish","4":"has-post-thumbnail","6":"product_cat-tpu-85a-sl","7":"product_cat-3d-filamenti","8":"product_cat-fleksibilni-tpu-filament","9":"product_cat-vsi-filamenti","10":"pa_colour-white","11":"pa_filament-diameter-1-75mm","12":"pa_filament-weight-650g","13":"brand-azurefilm","15":"first","16":"outofstock","17":"taxable","18":"shipping-taxable","19":"purchasable","20":"product-type-variable","21":"has-default-attributes"},"acf":[],"_links":{"self":[{"href":"https:\/\/azurefilm.com\/sl\/wp-json\/wp\/v2\/product\/15527","targetHints":{"allow":["GET"]}}],"collection":[{"href":"https:\/\/azurefilm.com\/sl\/wp-json\/wp\/v2\/product"}],"about":[{"href":"https:\/\/azurefilm.com\/sl\/wp-json\/wp\/v2\/types\/product"}],"replies":[{"embeddable":true,"href":"https:\/\/azurefilm.com\/sl\/wp-json\/wp\/v2\/comments?post=15527"}],"wp:featuredmedia":[{"embeddable":true,"href":"https:\/\/azurefilm.com\/sl\/wp-json\/wp\/v2\/media\/11022"}],"wp:attachment":[{"href":"https:\/\/azurefilm.com\/sl\/wp-json\/wp\/v2\/media?parent=15527"}],"wp:term":[{"taxonomy":"product_brand","embeddable":true,"href":"https:\/\/azurefilm.com\/sl\/wp-json\/wp\/v2\/product_brand?post=15527"},{"taxonomy":"product_cat","embeddable":true,"href":"https:\/\/azurefilm.com\/sl\/wp-json\/wp\/v2\/product_cat?post=15527"},{"taxonomy":"product_tag","embeddable":true,"href":"https:\/\/azurefilm.com\/sl\/wp-json\/wp\/v2\/product_tag?post=15527"},{"taxonomy":"brand","embeddable":true,"href":"https:\/\/azurefilm.com\/sl\/wp-json\/wp\/v2\/brand?post=15527"}],"curies":[{"name":"wp","href":"https:\/\/api.w.org\/{rel}","templated":true}]}}