
{"id":15528,"date":"2023-10-29T14:41:10","date_gmt":"2023-10-29T14:41:10","guid":{"rendered":"https:\/\/azurefilm.com\/product\/pva-filament\/"},"modified":"2026-03-26T08:46:10","modified_gmt":"2026-03-26T08:46:10","slug":"pva-filament","status":"publish","type":"product","link":"https:\/\/azurefilm.com\/sl\/izdelek\/pva-filament\/","title":{"rendered":"PVA filament"},"content":{"rendered":"<h2><b>PVA filamenti<\/b><\/h2>\n<p><span style=\"font-weight: 400;\">PVA (polivinil alkohol) je <\/span><b>topni podporni filament<\/b><span style=\"font-weight: 400;\">, ki ima pomembno vlogo pri 3D tiskanju. Pri tiskanju predmetov z ve\u010djimi, nagnjenimi koti <\/span><b>podporni filamenti zagotavljajo podporo in prepre\u010dujejo previse<\/b><span style=\"font-weight: 400;\">. PVA je priljubljen podporni filament, ki se <\/span><b>popolnoma raztopi v vodi v 24 urah<\/b><span style=\"font-weight: 400;\">, natisnjeni predmet pa ostane nedotaknjen in nepo\u0161kodovan. Ta material ima podobne lastnosti tiskanja kot PLA, zaradi \u010desar se dobro ujemata.\u00a0<\/span><\/p>\n<p><span style=\"font-weight: 400;\">PVA se najpogosteje uporablja pri 3D tiskalnikih z <\/span><b>dvojnim ekstruderjem<\/b><span style=\"font-weight: 400;\">, kjer ena glava tiska osnovni material (npr. PLA, PETG ali ABS), medtem ko druga tiska PVA, da zagotovi podporo pod vsemi ve\u010djimi koti, kjer bi sicer bil osnovni material.\u00a0 <\/span><b>Po tiskanju vstavite izdelek v mla\u010dno vodo in v 12-24 urah se bo PVA material raztopil, va\u0161 osnovni material pa bo ostal v obliki \u010dudovitega izdelka.<\/b><\/p>\n<h2><strong>PVA filament<\/strong><\/h2>\n<p>Pustite, da se PVA filament raztopi v vodi in odkrijte izjemne rezultate.<\/p>\n<p><span style=\"font-weight: 400;\">\u010ce \u017eelite izvedeti ve\u010d o podpornih filamentih, preberite <a href=\"https:\/\/azurefilm.com\/sl\/3d-filamenti\/support-filamenti\/\">tukaj<\/a>.\u00a0<\/span><\/p>\n<p><span style=\"font-weight: 400;\">Tukaj lahko dostopate do <a href=\"https:\/\/azurefilm.com\/sl\/technical-data-sheets\/\" target=\"_blank\" rel=\"noopener\"><strong> tehni\u010dnega lista<\/strong><\/a>.<\/span><\/p>\n<h3><strong>Priporo\u010dila za tiskanje:<\/strong><\/h3>\n<ul>\n<li style=\"font-weight: 400;\" aria-level=\"1\"><span style=\"font-weight: 400;\">Za najbolj\u0161e rezultate tiskajte pri temperaturi 190\u2013210 \u00b0C*.\u00a0<\/span><\/li>\n<li style=\"font-weight: 400;\" aria-level=\"1\"><span style=\"font-weight: 400;\">Priporo\u010dena temperatura grelne mize je 50\u2013160 \u00b0C.\u00a0<\/span><\/li>\n<li style=\"font-weight: 400;\" aria-level=\"1\"><span style=\"font-weight: 400;\">Uporabite stekleno plo\u0161\u010do, PEI folijo, kapton ali modri trak za tiskalno povr\u0161ino s pr\u0161ilom 3Dlac.<\/span><\/li>\n<\/ul>\n<p><i><span style=\"font-weight: 400;\">*Idealna temperatura se lahko razlikuje pri uporabi razli\u010dnih tiskalnikov.<\/span><\/i><\/p>\n","protected":false},"excerpt":{"rendered":"<p>Pustite, da se PVA filament raztopi v vodi in odkrijte izjemne rezultate.<\/p>\n","protected":false},"featured_media":451,"comment_status":"closed","ping_status":"closed","template":"","meta":{"_acf_changed":false},"product_brand":[],"product_cat":[659,723,724,661],"product_tag":[],"brand":[267],"class_list":{"0":"post-15528","1":"product","2":"type-product","3":"status-publish","4":"has-post-thumbnail","6":"product_cat-3d-filamenti","7":"product_cat-podporni-pva-filament-sl","8":"product_cat-pva-sl","9":"product_cat-vsi-filamenti","10":"pa_colour-transparent","11":"pa_filament-diameter-1-75mm","12":"pa_filament-diameter-2-85mm","13":"pa_filament-weight-500g","14":"brand-azurefilm","16":"first","17":"instock","18":"taxable","19":"shipping-taxable","20":"purchasable","21":"product-type-variable"},"acf":[],"_links":{"self":[{"href":"https:\/\/azurefilm.com\/sl\/wp-json\/wp\/v2\/product\/15528","targetHints":{"allow":["GET"]}}],"collection":[{"href":"https:\/\/azurefilm.com\/sl\/wp-json\/wp\/v2\/product"}],"about":[{"href":"https:\/\/azurefilm.com\/sl\/wp-json\/wp\/v2\/types\/product"}],"replies":[{"embeddable":true,"href":"https:\/\/azurefilm.com\/sl\/wp-json\/wp\/v2\/comments?post=15528"}],"wp:featuredmedia":[{"embeddable":true,"href":"https:\/\/azurefilm.com\/sl\/wp-json\/wp\/v2\/media\/451"}],"wp:attachment":[{"href":"https:\/\/azurefilm.com\/sl\/wp-json\/wp\/v2\/media?parent=15528"}],"wp:term":[{"taxonomy":"product_brand","embeddable":true,"href":"https:\/\/azurefilm.com\/sl\/wp-json\/wp\/v2\/product_brand?post=15528"},{"taxonomy":"product_cat","embeddable":true,"href":"https:\/\/azurefilm.com\/sl\/wp-json\/wp\/v2\/product_cat?post=15528"},{"taxonomy":"product_tag","embeddable":true,"href":"https:\/\/azurefilm.com\/sl\/wp-json\/wp\/v2\/product_tag?post=15528"},{"taxonomy":"brand","embeddable":true,"href":"https:\/\/azurefilm.com\/sl\/wp-json\/wp\/v2\/brand?post=15528"}],"curies":[{"name":"wp","href":"https:\/\/api.w.org\/{rel}","templated":true}]}}