
{"id":15933,"date":"2023-10-29T14:41:10","date_gmt":"2023-10-29T14:41:10","guid":{"rendered":"https:\/\/azurefilm.com\/product\/elegoo-neptune-3-max\/"},"modified":"2025-03-12T09:24:35","modified_gmt":"2025-03-12T09:24:35","slug":"elegoo-neptune-3-max","status":"publish","type":"product","link":"https:\/\/azurefilm.com\/sl\/izdelek\/elegoo-neptune-3-max\/","title":{"rendered":"Elegoo Neptune 4 Max"},"content":{"rendered":"<p><span style=\"font-weight: 400;\">Spoznajte ELEGOO Neptune 4 Max &#8211; natan\u010den in inovativen FDM 3D tiskalnik. Ekstruder z direktnim pogonom in dvojnim zobnikom, nastavljiva mo\u010d iztiskanja in redukcijsko razmerje 3 : 1, zagotavljajo preciznost in brezhibno dovajanje filamenta.<\/span><\/p>\n<h2><b>Ekstruder z direktnim pogonom in dvojnim zobnikom<\/b><\/h2>\n<p><span style=\"font-weight: 400;\">Tiskalnik uporablja ekstruder z direktnim pogonom in dvojnim zobnikom, zasnovan z zobniki iz nerjave\u010dega jekla SUS303. Ima <\/span><b>nastavljivo mo\u010d iztiskanja<\/b><span style=\"font-weight: 400;\"> in deluje v skladu z redukcijskim razmerjem 3 : 1. Ta konfiguracija zagotavlja <\/span><b>nemoteno dovajanje filamenta<\/b><span style=\"font-weight: 400;\"> in s tem natan\u010dno tiskanje. Idealen je za materiale, kot so PLA, PETG, ABS in za tiskanje s pro\u017enimi filamenti, kot je TPU.<\/span><\/p>\n<p><span style=\"font-weight: 400;\">Neptune 3 Max zagotavlja <\/span><b>mo\u010dno iztiskanje<\/b><span style=\"font-weight: 400;\"> in <\/span><b>u\u010dinkovito odvajanje toplote<\/b><span style=\"font-weight: 400;\">. Ekstruder z direktnim pogonom in dvojnim zobnikom zagotavlja nastavljivo mo\u010d iztiskanja. Za prepre\u010devanje zama\u0161itve \u0161ob ima ta model tiskalnika raz\u0161irjen toplotni zbiralnik, uporabljen pa je tudi hladilni ventilator. Poleg tega so ventilatorji strate\u0161ko name\u0161\u010deni, da zagotavljajo <\/span><b>hitro hlajenje<\/b><span style=\"font-weight: 400;\"> natisnjenih slojev.<\/span><\/p>\n<h2><b>Velik obseg tiska<\/b><\/h2>\n<p><span style=\"font-weight: 400;\">Ta tiskalnik vam ponuja prostor za tiskanje s <\/span><b>prostornino 420x420x500mm<\/b><span style=\"font-weight: 400;\">. U\u017eivajte v tiskanju ve\u010djih modelov ali serij z lahkoto.<\/span><\/p>\n<h2><b>Samodejno izravnavanje postelje + pomo\u017eno izravnavanje<\/b><\/h2>\n<p><span style=\"font-weight: 400;\">Brezkontaktni visokoprecizni senzor <\/span><b>samodejno<\/b><span style=\"font-weight: 400;\"> skenira 63 to\u010dk vro\u010de postelje in tako izravna morebitne neravnine in neskladnosti tiskalne plo\u0161\u010de. Za pomo\u017eno izravnavo lahko uporabite tudi <\/span><b>ro\u010dne vrtljive gumbe<\/b><span style=\"font-weight: 400;\"> pod tiskalno plo\u0161\u010do ter s tem dose\u017eete lep prvi sloj.<\/span><\/p>\n<h2><b>Stabilno in tiho tiskanje\u00a0<\/b><\/h2>\n<p><span style=\"font-weight: 400;\">Os Z ima <\/span><b>dvojne vodilne vijake<\/b><span style=\"font-weight: 400;\"> in <\/span><b>pogonski sistem z dvema motorjema<\/b><span style=\"font-weight: 400;\">, kar zagotavlja veliko stabilnost med delovanjem. Z integracijo <\/span><b>32-bitne tihe mati\u010dne plo\u0161\u010de STM<\/b><span style=\"font-weight: 400;\"> in zelo natan\u010dnih kora\u010dnih motorjev je hrup pri delovanju u\u010dinkovito zmanj\u0161an na <\/span><b>manj kot 50 dB<\/b><span style=\"font-weight: 400;\">.<\/span><\/p>\n<p><span style=\"font-weight: 400;\">Gibanje tiskalnika je dodatno poenostavljajo preko <\/span><b>gumijastih le\u017eajev<\/b><span style=\"font-weight: 400;\">, ki zagotavljajo gladko, na obrabo odporno in natan\u010dno gibanje. Za ve\u010djo varnost je brezhibno vgrajen tudi <\/span><b>500W visokonapetostni napajalnik<\/b><span style=\"font-weight: 400;\">.<\/span><\/p>\n<p><span style=\"font-weight: 400;\">Os Z se pona\u0161a z <\/span><b>dvojnim vretenom<\/b><span style=\"font-weight: 400;\"> za ve\u010djo natan\u010dnost tiskanja. Sinhronizirana motorja z <\/span><b>dvojno Z osjo<\/b><span style=\"font-weight: 400;\"> ki jih povezuje jermen pove\u010dujeta splo\u0161no stabilnost.<\/span> <span style=\"font-weight: 400;\">Za optimalno delovanje je napenjalec jermena osi XY nastavljiv, profie osi Y pa poganjajo 6V kolesa.<\/span><\/p>\n<h2><b>PEI Magnetna platforma\u00a0<\/b><\/h2>\n<p><span style=\"font-weight: 400;\">Platforma ima <\/span><b>poseben premaz <\/b><span style=\"font-weight: 400;\">in je <\/span><b>narejena iz jekla<\/b><span style=\"font-weight: 400;\">, kar zagotavlja mo\u010dan oprijem in prepre\u010duje izkrivljanje. Predmete je zelo enostavno odstraniti z rahlim upogibanjem folije PEI. Ta visokozmogljiva 420W vro\u010da plo\u0161\u010da se lahko <\/span><b>hitro segreje do 100 \u00b0C<\/b><span style=\"font-weight: 400;\">.<\/span><\/p>\n<h2><b>Pametno nadaljevanje tiskanja<\/b><\/h2>\n<p><span style=\"font-weight: 400;\">Nadaljujte s tiskanjem tudi po izpadu elektri\u010dne energije. Senzor za zaznavanje filamenta prepre\u010duje nastajanje odpadkov in izmet modelov.<\/span><\/p>\n<h2><b>Odstranljiv kapacitivni zaslon na dotik<\/b><\/h2>\n<p><span style=\"font-weight: 400;\">4,3-pal\u010dni <\/span><b>odstranljivi magnetni zaslon na dotik<\/b><span style=\"font-weight: 400;\"> lahko upravljate z roko ali ga pritrdite na podstavek. S funkcijo predogleda modela za tiskanje pa si lahko med tiskanjem ogledate sliko modela in spremljate potek tiskanja.<\/span><\/p>\n<h2><b>Ve\u010d prakti\u010dnih funkcij\u00a0<\/b><\/h2>\n<ul>\n<li style=\"font-weight: 400;\" aria-level=\"1\"><b>Svetlobni LED trak<\/b><span style=\"font-weight: 400;\"> lahko upravljate z gumbom na zaslonu, kar vam omogo\u010da, da lahko udobno opazujete model v zatemnjenem okolju.<\/span><\/li>\n<li style=\"font-weight: 400;\" aria-level=\"1\"><b>Ventilatorji<\/b><span style=\"font-weight: 400;\"> se po tiskanju <\/span><b>samodejno ustavijo<\/b><span style=\"font-weight: 400;\">, s \u010dimer se prihrani energija, zmanj\u0161a hrup in podalj\u0161a \u017eivljenjska doba ventilatorja.<\/span><\/li>\n<li style=\"font-weight: 400;\" aria-level=\"1\"><b>Predal za orodje<\/b><span style=\"font-weight: 400;\"> na podstavku naprave je odli\u010den prostor za shranjevanje orodij, ki se uporabljajo v tiskalniku.<\/span><\/li>\n<\/ul>\n","protected":false},"excerpt":{"rendered":"<p><span style=\"font-weight: 400;\"><strong>Elegoo Neptune 3 Max<\/strong> &#8211; 3D tiskalnik z veliko tiskalno povr\u0161ino za neomejeno kreativnost.<\/span><\/p>\n","protected":false},"featured_media":11050,"comment_status":"closed","ping_status":"closed","template":"","meta":{"_acf_changed":false},"product_brand":[],"product_cat":[733,740,736,735,759],"product_tag":[],"brand":[],"class_list":{"0":"post-15933","1":"product","2":"type-product","3":"status-publish","4":"has-post-thumbnail","6":"product_cat-3d-tiskalnik","7":"product_cat-elegoo","8":"product_cat-fdm-tiskalnik","9":"product_cat-vsi-3d-tiskalniki","10":"product_cat-znizano","12":"first","13":"instock","14":"sale","15":"taxable","16":"shipping-taxable","17":"purchasable","18":"product-type-simple"},"acf":[],"_links":{"self":[{"href":"https:\/\/azurefilm.com\/sl\/wp-json\/wp\/v2\/product\/15933","targetHints":{"allow":["GET"]}}],"collection":[{"href":"https:\/\/azurefilm.com\/sl\/wp-json\/wp\/v2\/product"}],"about":[{"href":"https:\/\/azurefilm.com\/sl\/wp-json\/wp\/v2\/types\/product"}],"replies":[{"embeddable":true,"href":"https:\/\/azurefilm.com\/sl\/wp-json\/wp\/v2\/comments?post=15933"}],"wp:featuredmedia":[{"embeddable":true,"href":"https:\/\/azurefilm.com\/sl\/wp-json\/wp\/v2\/media\/11050"}],"wp:attachment":[{"href":"https:\/\/azurefilm.com\/sl\/wp-json\/wp\/v2\/media?parent=15933"}],"wp:term":[{"taxonomy":"product_brand","embeddable":true,"href":"https:\/\/azurefilm.com\/sl\/wp-json\/wp\/v2\/product_brand?post=15933"},{"taxonomy":"product_cat","embeddable":true,"href":"https:\/\/azurefilm.com\/sl\/wp-json\/wp\/v2\/product_cat?post=15933"},{"taxonomy":"product_tag","embeddable":true,"href":"https:\/\/azurefilm.com\/sl\/wp-json\/wp\/v2\/product_tag?post=15933"},{"taxonomy":"brand","embeddable":true,"href":"https:\/\/azurefilm.com\/sl\/wp-json\/wp\/v2\/brand?post=15933"}],"curies":[{"name":"wp","href":"https:\/\/api.w.org\/{rel}","templated":true}]}}