
{"id":15938,"date":"2023-10-29T14:41:10","date_gmt":"2023-10-29T14:41:10","guid":{"rendered":"https:\/\/azurefilm.com\/product\/liqcreate-premium-model-skin-tone-smola\/"},"modified":"2025-08-22T10:32:18","modified_gmt":"2025-08-22T10:32:18","slug":"liqcreate-premium-model-skin-tone-smola","status":"publish","type":"product","link":"https:\/\/azurefilm.com\/sl\/izdelek\/liqcreate-premium-model-skin-tone-smola\/","title":{"rendered":"Liqcreate Premium Model Skin tone smola"},"content":{"rendered":"<h2><b>Liqcreate Premium Model Skin tone<\/b><\/h2>\n<p><span style=\"font-weight: 400;\">Liqcreate Premium Model Skin tone smola je odli\u010dna izbira za izdelavo <\/span><b>zobnih modelov<\/b><span style=\"font-weight: 400;\">. Odlikuje jo mat odtenek ko\u017ee, ki <\/span><b>okrepi globino in podrobnosti<\/b><span style=\"font-weight: 400;\"> va\u0161ih modelov ter zagotavlja jasen pogled na podreze. Njena mo\u010dna temperaturna odpornost podpira vakuumsko oblikovanje za proizvodnjo nastavkov za poravnavo zob.<\/span><\/p>\n<p><span style=\"font-weight: 400;\">Ta smola ima <\/span><b>odli\u010dno dimenzijsko stabilnost<\/b><span style=\"font-weight: 400;\"> in <\/span><b>minimalno kr\u010denje<\/b><span style=\"font-weight: 400;\"> med tiskanjem, kar zagotavlja natan\u010dnost. \u010ceprav Premium model smola <\/span><b>ni primerna za uporabo v \u010dlove\u0161kem telesu<\/b><span style=\"font-weight: 400;\">, ponuja <\/span><b>hitro tiskanje<\/b><span style=\"font-weight: 400;\"> in <\/span><b>uporabniku prijazno<\/b><span style=\"font-weight: 400;\"> rokovanje na odprtih MSLA\/LCD in DLP 3D tiskalnikih (obseg 385 \u2013 420 nm).<\/span><\/p>\n<h3><strong>Lastnosti:<\/strong><\/h3>\n<ul>\n<li style=\"font-weight: 400;\" aria-level=\"1\"><span style=\"font-weight: 400;\">\u0160ibek vonj<\/span><\/li>\n<li style=\"font-weight: 400;\" aria-level=\"1\"><span style=\"font-weight: 400;\">Hitro LCD tiskanje<\/span><\/li>\n<li style=\"font-weight: 400;\" aria-level=\"1\"><span style=\"font-weight: 400;\">Visoka natan\u010dnost in dimenzijska stabilnost<\/span><\/li>\n<li style=\"font-weight: 400;\" aria-level=\"1\"><span style=\"font-weight: 400;\">Nizka stopnja kr\u010denja<\/span><\/li>\n<li style=\"font-weight: 400;\" aria-level=\"1\"><span style=\"font-weight: 400;\">Ni primerna za uporabo v \u010dlove\u0161kem telesu<\/span><\/li>\n<\/ul>\n<p><img decoding=\"async\" class=\"alignnone size-medium wp-image-18468\" src=\"https:\/\/azurefilm.com\/wp-content\/uploads\/2023\/10\/Liqcreate_Premium_Model_Properties-Enhanced-SR.jpg\" alt=\" width=\" height=\"400\" title=\"\"><\/p>\n","protected":false},"excerpt":{"rendered":"<p>Posnemajte mat, popolnoma prekriven odtenek ko\u017ee, kot nala\u0161\u010d za zobne modele z Liqcreate Premium Model Skin tone smolo (1000 g).<\/p>\n","protected":false},"featured_media":11121,"comment_status":"closed","ping_status":"closed","template":"","meta":{"_acf_changed":false},"product_brand":[],"product_cat":[659,701,699,661],"product_tag":[],"brand":[],"class_list":{"0":"post-15938","1":"product","2":"type-product","3":"status-publish","4":"has-post-thumbnail","6":"product_cat-3d-filamenti","7":"product_cat-dental-resin-sl","8":"product_cat-smola","9":"product_cat-vsi-filamenti","10":"pa_colour-brown","11":"pa_resin-technology-dlp","12":"pa_resin-technology-lcd-msla","13":"pa_resin-type-dental","14":"pa_resin-weight-1000g","16":"first","17":"instock","18":"taxable","19":"shipping-taxable","20":"purchasable","21":"product-type-simple"},"acf":[],"_links":{"self":[{"href":"https:\/\/azurefilm.com\/sl\/wp-json\/wp\/v2\/product\/15938","targetHints":{"allow":["GET"]}}],"collection":[{"href":"https:\/\/azurefilm.com\/sl\/wp-json\/wp\/v2\/product"}],"about":[{"href":"https:\/\/azurefilm.com\/sl\/wp-json\/wp\/v2\/types\/product"}],"replies":[{"embeddable":true,"href":"https:\/\/azurefilm.com\/sl\/wp-json\/wp\/v2\/comments?post=15938"}],"wp:featuredmedia":[{"embeddable":true,"href":"https:\/\/azurefilm.com\/sl\/wp-json\/wp\/v2\/media\/11121"}],"wp:attachment":[{"href":"https:\/\/azurefilm.com\/sl\/wp-json\/wp\/v2\/media?parent=15938"}],"wp:term":[{"taxonomy":"product_brand","embeddable":true,"href":"https:\/\/azurefilm.com\/sl\/wp-json\/wp\/v2\/product_brand?post=15938"},{"taxonomy":"product_cat","embeddable":true,"href":"https:\/\/azurefilm.com\/sl\/wp-json\/wp\/v2\/product_cat?post=15938"},{"taxonomy":"product_tag","embeddable":true,"href":"https:\/\/azurefilm.com\/sl\/wp-json\/wp\/v2\/product_tag?post=15938"},{"taxonomy":"brand","embeddable":true,"href":"https:\/\/azurefilm.com\/sl\/wp-json\/wp\/v2\/brand?post=15938"}],"curies":[{"name":"wp","href":"https:\/\/api.w.org\/{rel}","templated":true}]}}