
{"id":15939,"date":"2023-10-29T14:41:10","date_gmt":"2023-10-29T14:41:10","guid":{"rendered":"https:\/\/azurefilm.com\/product\/liqcreate-premium-flex-turquoise-blue-smola\/"},"modified":"2025-08-22T10:32:20","modified_gmt":"2025-08-22T10:32:20","slug":"liqcreate-premium-flex-turquoise-blue-smola","status":"publish","type":"product","link":"https:\/\/azurefilm.com\/sl\/izdelek\/liqcreate-premium-flex-turquoise-blue-smola\/","title":{"rendered":"Liqcreate Premium Flex Turquoise Blue smola"},"content":{"rendered":"<h2><b>Liqcreate Premium Flex Turquoise Blue<\/b><b><br \/>\n<\/b><\/h2>\n<p><span style=\"font-weight: 400;\">Liqcreate Premium Flex Turquoise Blue smola je neverjetno <\/span><b>pro\u017ena <\/b><span style=\"font-weight: 400;\">in <\/span><b>mehka<\/b><span style=\"font-weight: 400;\"> smola. Ta prosojni turkizno modri fotopolimer je vsestranska re\u0161itev za izdelavo mehkih in elasti\u010dnih prototipov.<\/span><\/p>\n<p><span style=\"font-weight: 400;\">Izdelek ima izjemno fleksibilnost in <\/span><b>nizko povr\u0161insko trdoto 63 Shore A<\/b><span style=\"font-weight: 400;\">, zaradi \u010desar je idealen za \u0161tevilne aplikacije. Ponuja izjemno raztegljivost in enostavnost tiskanja. Ta smola je zdru\u017eljiva z odprtokodnimi DLP in LCD 3D tiskalniki v obmo\u010dju 385 \u2013 420 nm, zato vam omogo\u010da ustvarjanje prototipov z razli\u010dnimi stopnjami mehkosti.<\/span><\/p>\n<h3><strong>Lastnosti:<\/strong><\/h3>\n<ul>\n<li style=\"font-weight: 400;\" aria-level=\"1\"><span style=\"font-weight: 400;\">Visoka razteznost<\/span><\/li>\n<li style=\"font-weight: 400;\" aria-level=\"1\"><span style=\"font-weight: 400;\">Mehka na dotik<\/span><\/li>\n<li style=\"font-weight: 400;\" aria-level=\"1\"><span style=\"font-weight: 400;\">Enostavno tiskanje<\/span><\/li>\n<li style=\"font-weight: 400;\" aria-level=\"1\"><span style=\"font-weight: 400;\">Vrhunska fleksibilnost<\/span><\/li>\n<\/ul>\n<p><img decoding=\"async\" class=\"alignnone size-medium wp-image-18488\" src=\"https:\/\/azurefilm.com\/wp-content\/uploads\/2023\/10\/Liqcreate_Premium_Flex_Properties-Enhanced-SR.jpg\" alt=\" width=\" height=\"258\" title=\"\"><\/p>\n","protected":false},"excerpt":{"rendered":"<p>Izdelajte elasti\u010dne prototipe s smolo Liqcreate Premium Flex Turquoise Blue (1000 g).<\/p>\n","protected":false},"featured_media":11138,"comment_status":"closed","ping_status":"closed","template":"","meta":{"_acf_changed":false},"product_brand":[],"product_cat":[659,702,699,661,759],"product_tag":[],"brand":[],"class_list":{"0":"post-15939","1":"product","2":"type-product","3":"status-publish","4":"has-post-thumbnail","6":"product_cat-3d-filamenti","7":"product_cat-flexible-resin-sl","8":"product_cat-smola","9":"product_cat-vsi-filamenti","10":"product_cat-znizano","11":"pa_colour-blue","12":"pa_resin-technology-dlp","13":"pa_resin-technology-lcd-msla","14":"pa_resin-type-flexible","15":"pa_resin-weight-1000g","17":"first","18":"outofstock","19":"sale","20":"taxable","21":"shipping-taxable","22":"purchasable","23":"product-type-simple"},"acf":[],"_links":{"self":[{"href":"https:\/\/azurefilm.com\/sl\/wp-json\/wp\/v2\/product\/15939","targetHints":{"allow":["GET"]}}],"collection":[{"href":"https:\/\/azurefilm.com\/sl\/wp-json\/wp\/v2\/product"}],"about":[{"href":"https:\/\/azurefilm.com\/sl\/wp-json\/wp\/v2\/types\/product"}],"replies":[{"embeddable":true,"href":"https:\/\/azurefilm.com\/sl\/wp-json\/wp\/v2\/comments?post=15939"}],"wp:featuredmedia":[{"embeddable":true,"href":"https:\/\/azurefilm.com\/sl\/wp-json\/wp\/v2\/media\/11138"}],"wp:attachment":[{"href":"https:\/\/azurefilm.com\/sl\/wp-json\/wp\/v2\/media?parent=15939"}],"wp:term":[{"taxonomy":"product_brand","embeddable":true,"href":"https:\/\/azurefilm.com\/sl\/wp-json\/wp\/v2\/product_brand?post=15939"},{"taxonomy":"product_cat","embeddable":true,"href":"https:\/\/azurefilm.com\/sl\/wp-json\/wp\/v2\/product_cat?post=15939"},{"taxonomy":"product_tag","embeddable":true,"href":"https:\/\/azurefilm.com\/sl\/wp-json\/wp\/v2\/product_tag?post=15939"},{"taxonomy":"brand","embeddable":true,"href":"https:\/\/azurefilm.com\/sl\/wp-json\/wp\/v2\/brand?post=15939"}],"curies":[{"name":"wp","href":"https:\/\/api.w.org\/{rel}","templated":true}]}}