
{"id":15941,"date":"2023-10-29T14:41:10","date_gmt":"2023-10-29T14:41:10","guid":{"rendered":"https:\/\/azurefilm.com\/product\/liqcreate-premium-white-smola\/"},"modified":"2025-08-22T10:32:22","modified_gmt":"2025-08-22T10:32:22","slug":"liqcreate-premium-white-smola","status":"publish","type":"product","link":"https:\/\/azurefilm.com\/sl\/izdelek\/liqcreate-premium-white-smola\/","title":{"rendered":"Liqcreate Premium White smola"},"content":{"rendered":"<h2><b>Liqcreate Premium White<\/b><b><\/b><b><\/b><\/h2>\n<p><span style=\"font-weight: 400;\">Liqcreate Premium <\/span><span style=\"font-weight: 400;\">White smola<\/span><span style=\"font-weight: 400;\"> je fotopolimer z <\/span><b>izjemno barvno stabilnostjo<\/b><span style=\"font-weight: 400;\">, popoln za hitro izdelavo prototipov in razvoj izdelkov. 3D natisnjeni deli iz tega materiala ka\u017eejo izjemno <\/span><b>dimenzijsko stabilnost<\/b><span style=\"font-weight: 400;\"> in <\/span><b>minimalno kr\u010denje<\/b><span style=\"font-weight: 400;\"> med tiskanjem.<\/span><\/p>\n<p><span style=\"font-weight: 400;\">Zdru\u017eljiv z odprtokodnimi tiskalniki MSLA\/LCD in DLP 3D (385 \u2013 420 nm) se pona\u0161a z odli\u010dnimi lastnostmi kot sta \u0161ibek vonj in minimalno kr\u010denje.<\/span><\/p>\n<h3><strong>Lastnosti:<\/strong><\/h3>\n<ul>\n<li style=\"font-weight: 400;\" aria-level=\"1\"><span style=\"font-weight: 400;\">\u0160ibek vonj<\/span><\/li>\n<li style=\"font-weight: 400;\" aria-level=\"1\"><span style=\"font-weight: 400;\">Hitro LCD tiskanje<\/span><\/li>\n<li style=\"font-weight: 400;\" aria-level=\"1\"><span style=\"font-weight: 400;\">Visoka natan\u010dnost<\/span><\/li>\n<\/ul>\n<p><img decoding=\"async\" class=\"alignnone size-medium wp-image-18535\" src=\"https:\/\/azurefilm.com\/wp-content\/uploads\/2023\/10\/Liqcreate_Premium_White_Properties-Enhanced-SR-\u2013-kopija.jpg\" alt=\" width=\" height=\"336\" title=\"\"><\/p>\n","protected":false},"excerpt":{"rendered":"<p>Poskusite Liqcreate Premium White smolo (1000 g) in odkrijte dimenzijsko stabilnost in minimalno kr\u010denje med postopkom tiskanja.<\/p>\n","protected":false},"featured_media":11169,"comment_status":"closed","ping_status":"closed","template":"","meta":{"_acf_changed":false},"product_brand":[],"product_cat":[659,703,699,705,661],"product_tag":[],"brand":[],"class_list":{"0":"post-15941","1":"product","2":"type-product","3":"status-publish","4":"has-post-thumbnail","6":"product_cat-3d-filamenti","7":"product_cat-industrial-resin-sl","8":"product_cat-smola","9":"product_cat-standard-resin-sl","10":"product_cat-vsi-filamenti","11":"pa_colour-white","12":"pa_resin-technology-dlp","13":"pa_resin-technology-lcd-msla","14":"pa_resin-type-industrial","15":"pa_resin-type-standard","16":"pa_resin-weight-1000g","18":"first","19":"instock","20":"taxable","21":"shipping-taxable","22":"purchasable","23":"product-type-simple"},"acf":[],"_links":{"self":[{"href":"https:\/\/azurefilm.com\/sl\/wp-json\/wp\/v2\/product\/15941","targetHints":{"allow":["GET"]}}],"collection":[{"href":"https:\/\/azurefilm.com\/sl\/wp-json\/wp\/v2\/product"}],"about":[{"href":"https:\/\/azurefilm.com\/sl\/wp-json\/wp\/v2\/types\/product"}],"replies":[{"embeddable":true,"href":"https:\/\/azurefilm.com\/sl\/wp-json\/wp\/v2\/comments?post=15941"}],"wp:featuredmedia":[{"embeddable":true,"href":"https:\/\/azurefilm.com\/sl\/wp-json\/wp\/v2\/media\/11169"}],"wp:attachment":[{"href":"https:\/\/azurefilm.com\/sl\/wp-json\/wp\/v2\/media?parent=15941"}],"wp:term":[{"taxonomy":"product_brand","embeddable":true,"href":"https:\/\/azurefilm.com\/sl\/wp-json\/wp\/v2\/product_brand?post=15941"},{"taxonomy":"product_cat","embeddable":true,"href":"https:\/\/azurefilm.com\/sl\/wp-json\/wp\/v2\/product_cat?post=15941"},{"taxonomy":"product_tag","embeddable":true,"href":"https:\/\/azurefilm.com\/sl\/wp-json\/wp\/v2\/product_tag?post=15941"},{"taxonomy":"brand","embeddable":true,"href":"https:\/\/azurefilm.com\/sl\/wp-json\/wp\/v2\/brand?post=15941"}],"curies":[{"name":"wp","href":"https:\/\/api.w.org\/{rel}","templated":true}]}}