
{"id":15943,"date":"2023-10-29T14:42:00","date_gmt":"2023-10-29T14:42:00","guid":{"rendered":"https:\/\/azurefilm.com\/product\/liqcreate-composite-x-white-smola\/"},"modified":"2025-08-22T10:32:47","modified_gmt":"2025-08-22T10:32:47","slug":"liqcreate-composite-x-white-smola","status":"publish","type":"product","link":"https:\/\/azurefilm.com\/sl\/izdelek\/liqcreate-composite-x-white-smola\/","title":{"rendered":"Liqcreate Composite-X White smola"},"content":{"rendered":"<h2><b>Liqcreate Composite-X White<\/b><b><br \/>\n<\/b><\/h2>\n<p><span style=\"font-weight: 400;\">Liqcreate Composite-X White smola je <\/span><b>izjemno toga<\/b><span style=\"font-weight: 400;\"> in <\/span><b>visoko zmogljiva oja\u010dana nano-mikro kompozitna smola<\/b><span style=\"font-weight: 400;\">, zasnovana za SLA, DLP in LCD\/MSLA 3D tiskalnike (385 \u2013 420 nm). Z <\/span><b>upogibnim modulom, ki presega 9000 MPa, in upogibno trdnostjo v razponu od 150 do 170 MPa<\/b><span style=\"font-weight: 400;\">, Composite-X izstopa kot eden najtrdnej\u0161ih in najmo\u010dnej\u0161ih materialov na voljo. Uporabite jo lahko po utrjevanju z UV \u017earki ali okrepite s termi\u010dnim strjevanjem, saj nudi odli\u010dno kemi\u010dno odpornost, visoko trdnost in togost.<\/span><\/p>\n<p><span style=\"font-weight: 400;\">Ta smola je vsestranska, <\/span><b>zdru\u017eljiva z razli\u010dnimi modeli 3D tiskalnikov<\/b><span style=\"font-weight: 400;\"> (385 \u2013 420 nm) in primerna za aplikacije, kot so testiranje v vetrovniku, komponente pretoka teko\u010dine, avtomobilska in te\u017eka industrijska uporaba.<\/span><\/p>\n<h3><strong>Lastnosti:<\/strong><\/h3>\n<ul>\n<li style=\"font-weight: 400;\" aria-level=\"1\"><span style=\"font-weight: 400;\">Zelo mo\u010dna in trdna<\/span><\/li>\n<li style=\"font-weight: 400;\" aria-level=\"1\"><span style=\"font-weight: 400;\">Nano oja\u010dana<\/span><\/li>\n<li style=\"font-weight: 400;\" aria-level=\"1\"><span style=\"font-weight: 400;\">Nizka stopnja kr\u010denja<\/span><\/li>\n<\/ul>\n<p><img decoding=\"async\" class=\"alignnone size-medium wp-image-18560\" src=\"https:\/\/azurefilm.com\/wp-content\/uploads\/2023\/10\/Liqcreate_Composite_X_Properties_1-Enhanced-SR.jpg\" alt=\" width=\" height=\"400\" title=\"\"><\/p>\n","protected":false},"excerpt":{"rendered":"<p>Pridobite Liqcreate Composite-X White smolo (357 g\u00f7250 ml\/1500 g\u00f71 l), ki je en najbolj togih in najmo\u010dnej\u0161ih materialov na voljo.<\/p>\n","protected":false},"featured_media":11178,"comment_status":"closed","ping_status":"closed","template":"","meta":{"_acf_changed":false},"product_brand":[],"product_cat":[659,702,703,699,661],"product_tag":[],"brand":[],"class_list":{"0":"post-15943","1":"product","2":"type-product","3":"status-publish","4":"has-post-thumbnail","6":"product_cat-3d-filamenti","7":"product_cat-flexible-resin-sl","8":"product_cat-industrial-resin-sl","9":"product_cat-smola","10":"product_cat-vsi-filamenti","11":"pa_colour-white","12":"pa_resin-technology-dlp","13":"pa_resin-technology-lcd-msla","14":"pa_resin-technology-sla","15":"pa_resin-type-flexible","16":"pa_resin-type-industrial","17":"pa_resin-weight-1500g","18":"pa_resin-weight-375g","20":"first","21":"instock","22":"taxable","23":"shipping-taxable","24":"purchasable","25":"product-type-variable"},"acf":[],"_links":{"self":[{"href":"https:\/\/azurefilm.com\/sl\/wp-json\/wp\/v2\/product\/15943","targetHints":{"allow":["GET"]}}],"collection":[{"href":"https:\/\/azurefilm.com\/sl\/wp-json\/wp\/v2\/product"}],"about":[{"href":"https:\/\/azurefilm.com\/sl\/wp-json\/wp\/v2\/types\/product"}],"replies":[{"embeddable":true,"href":"https:\/\/azurefilm.com\/sl\/wp-json\/wp\/v2\/comments?post=15943"}],"wp:featuredmedia":[{"embeddable":true,"href":"https:\/\/azurefilm.com\/sl\/wp-json\/wp\/v2\/media\/11178"}],"wp:attachment":[{"href":"https:\/\/azurefilm.com\/sl\/wp-json\/wp\/v2\/media?parent=15943"}],"wp:term":[{"taxonomy":"product_brand","embeddable":true,"href":"https:\/\/azurefilm.com\/sl\/wp-json\/wp\/v2\/product_brand?post=15943"},{"taxonomy":"product_cat","embeddable":true,"href":"https:\/\/azurefilm.com\/sl\/wp-json\/wp\/v2\/product_cat?post=15943"},{"taxonomy":"product_tag","embeddable":true,"href":"https:\/\/azurefilm.com\/sl\/wp-json\/wp\/v2\/product_tag?post=15943"},{"taxonomy":"brand","embeddable":true,"href":"https:\/\/azurefilm.com\/sl\/wp-json\/wp\/v2\/brand?post=15943"}],"curies":[{"name":"wp","href":"https:\/\/api.w.org\/{rel}","templated":true}]}}