
{"id":15950,"date":"2023-10-29T14:42:00","date_gmt":"2023-10-29T14:42:00","guid":{"rendered":"https:\/\/azurefilm.com\/product\/liqcreate-dental-model-pro-beige\/"},"modified":"2025-08-22T10:32:37","modified_gmt":"2025-08-22T10:32:37","slug":"liqcreate-dental-model-pro-beige","status":"publish","type":"product","link":"https:\/\/azurefilm.com\/sl\/izdelek\/liqcreate-dental-model-pro-beige\/","title":{"rendered":"Liqcreate Dental Model Pro Beige"},"content":{"rendered":"<h2><b>Liqcreate Dental Model Pro<\/b><\/h2>\n<p><span style=\"font-weight: 400;\">Liqcreate Dental Model Pro je matiran fotopolimer, ki je <\/span><b>popoln za zobne modele<\/b><span style=\"font-weight: 400;\">. Njegov mat zaklju\u010dek <\/span><b>poudari globino in podrobnosti<\/b><span style=\"font-weight: 400;\">, zaradi \u010desar je idealen za ogled podrezov in skeniranih odtisov. 3D natisnjeni deli iz tega materiala so osupljivo stabilni in se med tiskanjem minimalno kr\u010dijo.<\/span><\/p>\n<p><span style=\"font-weight: 400;\">To smolo je enostavno uporabljati z odprtimi SLA, MSLA in DLP 3D tiskalniki v obmo\u010dju 385 \u2013 420 nm. Ponuja <\/span><b>nizko stopnjo kr\u010denja, \u0161ibek vonj ter izjemno natan\u010dnost in dimenzijsko stabilnost<\/b><span style=\"font-weight: 400;\">. Zaradi teh lastnosti je najbolj\u0161a izbira za ustvarjanje zobnih modelov, termoformiranje in modele za poravnavo.<\/span><\/p>\n<h3><strong>Lastnosti:<\/strong><\/h3>\n<ul>\n<li style=\"font-weight: 400;\" aria-level=\"1\"><span style=\"font-weight: 400;\">Odli\u010dna dimenzijska stabilnost<\/span><\/li>\n<li style=\"font-weight: 400;\" aria-level=\"1\"><span style=\"font-weight: 400;\">Ponuja odli\u010dne podrobnosti in mat povr\u0161ino<\/span><\/li>\n<li style=\"font-weight: 400;\" aria-level=\"1\"><span style=\"font-weight: 400;\">Nizka stopnja kr\u010denja<\/span><\/li>\n<li style=\"font-weight: 400;\" aria-level=\"1\"><span style=\"font-weight: 400;\">\u0160ibek vonj<\/span><\/li>\n<\/ul>\n<p><img decoding=\"async\" class=\"alignnone size-medium wp-image-18635\" src=\"https:\/\/azurefilm.com\/wp-content\/uploads\/2023\/10\/Liqcreate_Dental_Model_Pro_Beige_Properties-Enhanced-SR.jpg\" alt=\" width=\" height=\"371\" title=\"\"><\/p>\n","protected":false},"excerpt":{"rendered":"<p>S tem osupljivo stabilnim Liqcreate Dental Model Pro Beige (1000 g) lahko ustvarite zobne modele, modele za poravnavo termoformirate.<\/p>\n","protected":false},"featured_media":11248,"comment_status":"closed","ping_status":"closed","template":"","meta":{"_acf_changed":false},"product_brand":[],"product_cat":[659,701,699,661],"product_tag":[],"brand":[],"class_list":{"0":"post-15950","1":"product","2":"type-product","3":"status-publish","4":"has-post-thumbnail","6":"product_cat-3d-filamenti","7":"product_cat-dental-resin-sl","8":"product_cat-smola","9":"product_cat-vsi-filamenti","10":"pa_colour-brown","11":"pa_resin-technology-dlp","12":"pa_resin-technology-lcd-msla","13":"pa_resin-technology-sla","14":"pa_resin-type-dental","15":"pa_resin-weight-1000g","17":"first","18":"instock","19":"taxable","20":"shipping-taxable","21":"purchasable","22":"product-type-simple"},"acf":[],"_links":{"self":[{"href":"https:\/\/azurefilm.com\/sl\/wp-json\/wp\/v2\/product\/15950","targetHints":{"allow":["GET"]}}],"collection":[{"href":"https:\/\/azurefilm.com\/sl\/wp-json\/wp\/v2\/product"}],"about":[{"href":"https:\/\/azurefilm.com\/sl\/wp-json\/wp\/v2\/types\/product"}],"replies":[{"embeddable":true,"href":"https:\/\/azurefilm.com\/sl\/wp-json\/wp\/v2\/comments?post=15950"}],"wp:featuredmedia":[{"embeddable":true,"href":"https:\/\/azurefilm.com\/sl\/wp-json\/wp\/v2\/media\/11248"}],"wp:attachment":[{"href":"https:\/\/azurefilm.com\/sl\/wp-json\/wp\/v2\/media?parent=15950"}],"wp:term":[{"taxonomy":"product_brand","embeddable":true,"href":"https:\/\/azurefilm.com\/sl\/wp-json\/wp\/v2\/product_brand?post=15950"},{"taxonomy":"product_cat","embeddable":true,"href":"https:\/\/azurefilm.com\/sl\/wp-json\/wp\/v2\/product_cat?post=15950"},{"taxonomy":"product_tag","embeddable":true,"href":"https:\/\/azurefilm.com\/sl\/wp-json\/wp\/v2\/product_tag?post=15950"},{"taxonomy":"brand","embeddable":true,"href":"https:\/\/azurefilm.com\/sl\/wp-json\/wp\/v2\/brand?post=15950"}],"curies":[{"name":"wp","href":"https:\/\/api.w.org\/{rel}","templated":true}]}}