
{"id":15951,"date":"2023-10-29T14:42:00","date_gmt":"2023-10-29T14:42:00","guid":{"rendered":"https:\/\/azurefilm.com\/product\/liqcreate-standard-clear-impact-smola\/"},"modified":"2025-08-22T10:32:38","modified_gmt":"2025-08-22T10:32:38","slug":"liqcreate-standard-clear-impact-smola","status":"publish","type":"product","link":"https:\/\/azurefilm.com\/sl\/izdelek\/liqcreate-standard-clear-impact-smola\/","title":{"rendered":"Liqcreate Standard Clear Impact smola"},"content":{"rendered":"<h2><b>Liqcreate Standard Clear Impact<\/b><\/h2>\n<p><span style=\"font-weight: 400;\">Liqcreate Clear Impact je specializirana fotopolimerna smola, zasnovana za tehnologije 3D tiskanja SLA, DLP in MSLA v obmo\u010dju 385 \u2013 405 nm. Predmeti, izdelani s to smolo, se pona\u0161ajo s <\/span><b>popolno transparentnostjo, rahlo pro\u017enostjo in izjemno odpornostjo na udarce<\/b><span style=\"font-weight: 400;\">.<\/span><\/p>\n<p><span style=\"font-weight: 400;\">Ta edinstvena prozorna smola je zaradi <\/span><b>svoje visoke \u017eilavosti prilagojena za ustvarjanje prozornih funkcionalnih delov<\/b><span style=\"font-weight: 400;\">, ki prena\u0161ajo ponavljajo\u010de se obremenitve. Poleg tega ima nizko absorpcijo vode, odpornost na vremenske vplive in minimalno porumenelost, zaradi \u010desar je <\/span><b>odli\u010dna izbira tako za uporabo na prostem kot za predstavne aplikacije<\/b><span style=\"font-weight: 400;\">. Pridobite jasnost in mo\u010d, ki ju potrebujete, z Liqcreate Clear Impact.<\/span><\/p>\n<h3><strong>Lastnosti:<\/strong><\/h3>\n<ul>\n<li style=\"font-weight: 400;\" aria-level=\"1\"><span style=\"font-weight: 400;\">Odporna na udarce<\/span><\/li>\n<li style=\"font-weight: 400;\" aria-level=\"1\"><span style=\"font-weight: 400;\">Opti\u010dno prosojna<\/span><\/li>\n<li style=\"font-weight: 400;\" aria-level=\"1\"><span style=\"font-weight: 400;\">Odporna na vremenske vplive<\/span><\/li>\n<\/ul>\n<p><img decoding=\"async\" class=\"alignnone size-medium wp-image-18675\" src=\"https:\/\/azurefilm.com\/wp-content\/uploads\/2023\/10\/Liqcreate_Clear_Impact_Properties-Enhanced-SR.jpg\" alt=\" width=\" height=\"357\" title=\"\"><\/p>\n","protected":false},"excerpt":{"rendered":"<p>Izkusite popolno prosojnost, rahlo pro\u017enost in izjemno odpornost na udarce s smolo Liqcreate Standard Clear Impact.<\/p>\n","protected":false},"featured_media":11266,"comment_status":"closed","ping_status":"closed","template":"","meta":{"_acf_changed":false},"product_brand":[],"product_cat":[659,703,699,705,661],"product_tag":[],"brand":[],"class_list":{"0":"post-15951","1":"product","2":"type-product","3":"status-publish","4":"has-post-thumbnail","6":"product_cat-3d-filamenti","7":"product_cat-industrial-resin-sl","8":"product_cat-smola","9":"product_cat-standard-resin-sl","10":"product_cat-vsi-filamenti","11":"pa_colour-transparent","12":"pa_resin-technology-dlp","13":"pa_resin-technology-lcd-msla","14":"pa_resin-technology-sla","15":"pa_resin-type-industrial","16":"pa_resin-type-standard","17":"pa_resin-weight-1000g","19":"first","20":"instock","21":"taxable","22":"shipping-taxable","23":"purchasable","24":"product-type-simple"},"acf":[],"_links":{"self":[{"href":"https:\/\/azurefilm.com\/sl\/wp-json\/wp\/v2\/product\/15951","targetHints":{"allow":["GET"]}}],"collection":[{"href":"https:\/\/azurefilm.com\/sl\/wp-json\/wp\/v2\/product"}],"about":[{"href":"https:\/\/azurefilm.com\/sl\/wp-json\/wp\/v2\/types\/product"}],"replies":[{"embeddable":true,"href":"https:\/\/azurefilm.com\/sl\/wp-json\/wp\/v2\/comments?post=15951"}],"wp:featuredmedia":[{"embeddable":true,"href":"https:\/\/azurefilm.com\/sl\/wp-json\/wp\/v2\/media\/11266"}],"wp:attachment":[{"href":"https:\/\/azurefilm.com\/sl\/wp-json\/wp\/v2\/media?parent=15951"}],"wp:term":[{"taxonomy":"product_brand","embeddable":true,"href":"https:\/\/azurefilm.com\/sl\/wp-json\/wp\/v2\/product_brand?post=15951"},{"taxonomy":"product_cat","embeddable":true,"href":"https:\/\/azurefilm.com\/sl\/wp-json\/wp\/v2\/product_cat?post=15951"},{"taxonomy":"product_tag","embeddable":true,"href":"https:\/\/azurefilm.com\/sl\/wp-json\/wp\/v2\/product_tag?post=15951"},{"taxonomy":"brand","embeddable":true,"href":"https:\/\/azurefilm.com\/sl\/wp-json\/wp\/v2\/brand?post=15951"}],"curies":[{"name":"wp","href":"https:\/\/api.w.org\/{rel}","templated":true}]}}