
{"id":15952,"date":"2023-10-29T14:42:00","date_gmt":"2023-10-29T14:42:00","guid":{"rendered":"https:\/\/azurefilm.com\/product\/creality-jewelry-transparent-green-smola\/"},"modified":"2025-08-22T10:32:39","modified_gmt":"2025-08-22T10:32:39","slug":"creality-jewelry-transparent-green-smola","status":"publish","type":"product","link":"https:\/\/azurefilm.com\/sl\/izdelek\/creality-jewelry-transparent-green-smola\/","title":{"rendered":"Creality Jewelry Transparent Green smola"},"content":{"rendered":"<h2><b>Creality Jewelry Transparent Green<\/b><\/h2>\n<p><span style=\"font-weight: 400;\">Prozorna Creality Castable Jewelry Green smola je zasnovana za zdru\u017eljivost s \u0161irokim naborom LCD\/DLP 3D tiskalnikov, ki zagotavljajo hitro in natan\u010dno tiskanje zapletenih modelov nakita, ki jih je mogo\u010de uliti.<\/span><\/p>\n<p><span style=\"font-weight: 400;\">Dosezite hitro ulivanje z <\/span><b>natan\u010dnimi detajli za zapletene kose nakita<\/b><span style=\"font-weight: 400;\">. Zagotovite, da imajo va\u0161i kosi nakita <\/span><b>brezhibno povr\u0161ino<\/b><span style=\"font-weight: 400;\">, ki ustreza najvi\u0161jim standardom kakovosti. Izdelujte z okoljsko zavestjo, saj je ta smola <\/span><b>okolju prijazna<\/b><span style=\"font-weight: 400;\">. Zdru\u017eljiva z ve\u010dino LCD\/DLP 3D tiskalnikov, zaradi \u010desar je vsestranska izbira za izdelovalce nakita.<\/span><\/p>\n<h3><strong>Lastnosti:<\/strong><\/h3>\n<ul>\n<li style=\"font-weight: 400;\" aria-level=\"1\"><span style=\"font-weight: 400;\">Gladka kon\u010dna povr\u0161ina<\/span><\/li>\n<li style=\"font-weight: 400;\" aria-level=\"1\"><span style=\"font-weight: 400;\">Nizka stopnja kr\u010denja<\/span><\/li>\n<li style=\"font-weight: 400;\" aria-level=\"1\"><span style=\"font-weight: 400;\">Okolju prijazna<\/span><\/li>\n<\/ul>\n<p><img decoding=\"async\" class=\"alignnone size-medium wp-image-18695\" src=\"https:\/\/azurefilm.com\/wp-content\/uploads\/2023\/10\/Jewelry_Cast_Resin_10-0-3.jpg\" alt=\" width=\" height=\"400\" title=\"\"><\/p>\n","protected":false},"excerpt":{"rendered":"<p>Poskrbite za brezhibno povr\u0161insko obdelavo va\u0161ih kosov nakita in bodite ekolo\u0161ko ozave\u0161\u010deni s Creality Jewelry Transparent Green smolo (500 g).<\/p>\n","protected":false},"featured_media":11279,"comment_status":"closed","ping_status":"closed","template":"","meta":{"_acf_changed":false},"product_brand":[],"product_cat":[659,704,699,661],"product_tag":[],"brand":[],"class_list":{"0":"post-15952","1":"product","2":"type-product","3":"status-publish","4":"has-post-thumbnail","6":"product_cat-3d-filamenti","7":"product_cat-jewellery-resin-sl","8":"product_cat-smola","9":"product_cat-vsi-filamenti","10":"pa_colour-green","11":"pa_resin-technology-dlp","12":"pa_resin-technology-lcd-msla","13":"pa_resin-type-jewellery","14":"pa_resin-weight-500g","16":"first","17":"outofstock","18":"taxable","19":"shipping-taxable","20":"purchasable","21":"product-type-simple"},"acf":[],"_links":{"self":[{"href":"https:\/\/azurefilm.com\/sl\/wp-json\/wp\/v2\/product\/15952","targetHints":{"allow":["GET"]}}],"collection":[{"href":"https:\/\/azurefilm.com\/sl\/wp-json\/wp\/v2\/product"}],"about":[{"href":"https:\/\/azurefilm.com\/sl\/wp-json\/wp\/v2\/types\/product"}],"replies":[{"embeddable":true,"href":"https:\/\/azurefilm.com\/sl\/wp-json\/wp\/v2\/comments?post=15952"}],"wp:featuredmedia":[{"embeddable":true,"href":"https:\/\/azurefilm.com\/sl\/wp-json\/wp\/v2\/media\/11279"}],"wp:attachment":[{"href":"https:\/\/azurefilm.com\/sl\/wp-json\/wp\/v2\/media?parent=15952"}],"wp:term":[{"taxonomy":"product_brand","embeddable":true,"href":"https:\/\/azurefilm.com\/sl\/wp-json\/wp\/v2\/product_brand?post=15952"},{"taxonomy":"product_cat","embeddable":true,"href":"https:\/\/azurefilm.com\/sl\/wp-json\/wp\/v2\/product_cat?post=15952"},{"taxonomy":"product_tag","embeddable":true,"href":"https:\/\/azurefilm.com\/sl\/wp-json\/wp\/v2\/product_tag?post=15952"},{"taxonomy":"brand","embeddable":true,"href":"https:\/\/azurefilm.com\/sl\/wp-json\/wp\/v2\/brand?post=15952"}],"curies":[{"name":"wp","href":"https:\/\/api.w.org\/{rel}","templated":true}]}}