
{"id":15960,"date":"2023-10-29T14:42:00","date_gmt":"2023-10-29T14:42:00","guid":{"rendered":"https:\/\/azurefilm.com\/product\/creality-standard-blue-smola\/"},"modified":"2026-04-02T13:30:37","modified_gmt":"2026-04-02T13:30:37","slug":"creality-standard-blue-smola","status":"publish","type":"product","link":"https:\/\/azurefilm.com\/sl\/izdelek\/creality-standard-blue-smola\/","title":{"rendered":"Creality Standard Blue smola"},"content":{"rendered":"<h2><strong>Creality Standard Blue smola<\/strong><\/h2>\n<p><span style=\"font-weight: 400;\">Creality Standard Blue smola je zelo natan\u010dna smola, ki se utrjuje z UV \u017earki, zasnovana za tiskalnike LCD, ki delujejo pri 405 nm. Ta smola se odlikuje po <\/span><b>minimalnem kr\u010denju<\/b><span style=\"font-weight: 400;\"> med postopkom utrjevanja, kar zagotavlja, da va\u0161i tiskalni modeli ohranjajo <\/span><b>visoko natan\u010dnost z gladko kon\u010dno obdelavo<\/b><span style=\"font-weight: 400;\">. Prednost daje va\u0161emu udobju s svojim <\/span><b>\u0161ibkim vonjem<\/b><span style=\"font-weight: 400;\">. Poleg tega se smola Creality pona\u0161a z <\/span><b>\u017eivimi in \u010distimi barvnimi u\u010dinki<\/b><span style=\"font-weight: 400;\">, zahvaljujo\u010d visokokakovostnim pigmentom.<\/span><\/p>\n<p><span style=\"font-weight: 400;\">Ta smola je varno zapakirana v stekleni\u010dki iz odebeljenega aluminija, ki jo \u0161\u010diti pred izpostavljenostjo svetlobi. <\/span><b>Zasnova emala\u017ee, ki ne pu\u0161\u010da<\/b><span style=\"font-weight: 400;\">, je dodatno za\u0161\u010ditena s plasti\u010dno vre\u010dko z mehur\u010dki, ki zagotavlja, da va\u0161a smola ostane v popolnem stanju. <\/span><b>Zdru\u017eljiva s \u0161iroko paleto LCD tiskalnikov<\/b><span style=\"font-weight: 400;\">, kot so Elegoo Mars, Creality LD002R, Anycubic Photon, SainSmart KL9 in podobni modeli, smola Creality Standard zagotavlja vrhunske rezultate za va\u0161e potrebe 3D tiskanja.<\/span><\/p>\n<h3><strong>Lastnosti:<\/strong><\/h3>\n<ul>\n<li style=\"font-weight: 400;\" aria-level=\"1\"><span style=\"font-weight: 400;\">Nizka stopnja kr\u010denja<\/span><\/li>\n<li style=\"font-weight: 400;\" aria-level=\"1\"><span style=\"font-weight: 400;\">\u0160ibek vonj<\/span><\/li>\n<li style=\"font-weight: 400;\" aria-level=\"1\"><span style=\"font-weight: 400;\">Gladka kon\u010dna povr\u0161ina<\/span><\/li>\n<\/ul>\n","protected":false},"excerpt":{"rendered":"<p>Eksperimentirajte z visokokakovostnimi pigmenti v smoli Creality Standard Blue (500 g) in se pripravite na vrhunske rezultate.<\/p>\n","protected":false},"featured_media":11345,"comment_status":"closed","ping_status":"closed","template":"","meta":{"_acf_changed":false},"product_brand":[],"product_cat":[659,699,705,661,759],"product_tag":[],"brand":[],"class_list":{"0":"post-15960","1":"product","2":"type-product","3":"status-publish","4":"has-post-thumbnail","6":"product_cat-3d-filamenti","7":"product_cat-smola","8":"product_cat-standard-resin-sl","9":"product_cat-vsi-filamenti","10":"product_cat-znizano","11":"pa_colour-blue","12":"pa_resin-technology-dlp","13":"pa_resin-technology-lcd-msla","14":"pa_resin-type-standard","15":"pa_resin-weight-500g","17":"first","18":"instock","19":"sale","20":"taxable","21":"shipping-taxable","22":"purchasable","23":"product-type-simple"},"acf":[],"_links":{"self":[{"href":"https:\/\/azurefilm.com\/sl\/wp-json\/wp\/v2\/product\/15960","targetHints":{"allow":["GET"]}}],"collection":[{"href":"https:\/\/azurefilm.com\/sl\/wp-json\/wp\/v2\/product"}],"about":[{"href":"https:\/\/azurefilm.com\/sl\/wp-json\/wp\/v2\/types\/product"}],"replies":[{"embeddable":true,"href":"https:\/\/azurefilm.com\/sl\/wp-json\/wp\/v2\/comments?post=15960"}],"wp:featuredmedia":[{"embeddable":true,"href":"https:\/\/azurefilm.com\/sl\/wp-json\/wp\/v2\/media\/11345"}],"wp:attachment":[{"href":"https:\/\/azurefilm.com\/sl\/wp-json\/wp\/v2\/media?parent=15960"}],"wp:term":[{"taxonomy":"product_brand","embeddable":true,"href":"https:\/\/azurefilm.com\/sl\/wp-json\/wp\/v2\/product_brand?post=15960"},{"taxonomy":"product_cat","embeddable":true,"href":"https:\/\/azurefilm.com\/sl\/wp-json\/wp\/v2\/product_cat?post=15960"},{"taxonomy":"product_tag","embeddable":true,"href":"https:\/\/azurefilm.com\/sl\/wp-json\/wp\/v2\/product_tag?post=15960"},{"taxonomy":"brand","embeddable":true,"href":"https:\/\/azurefilm.com\/sl\/wp-json\/wp\/v2\/brand?post=15960"}],"curies":[{"name":"wp","href":"https:\/\/api.w.org\/{rel}","templated":true}]}}