
{"id":15982,"date":"2023-10-29T14:42:40","date_gmt":"2023-10-29T14:42:40","guid":{"rendered":"https:\/\/azurefilm.com\/product\/bambu-lab-ams-hub\/"},"modified":"2025-01-26T10:09:26","modified_gmt":"2025-01-26T10:09:26","slug":"bambu-lab-ams-hub","status":"publish","type":"product","link":"https:\/\/azurefilm.com\/sl\/izdelek\/bambu-lab-ams-hub\/","title":{"rendered":"Bambu Lab AMS Hub"},"content":{"rendered":"<h2>Raz\u0161irite svoje AMS zmogljivosti<\/h2>\n<p><span style=\"font-weight: 400;\">S sredi\u0161\u010dem AMS Hub lahko svojo povezljivost AMS dvignete na vi\u0161jo raven. Omogo\u010da vam, da pove\u017eete do \u0161tiri AMS enote (16 kanalov) na tiskalnike serije Bambu X1 ali P1, da izbolj\u0161ate hitrost nalaganja materiala in podpirate redundanco signala v medpomnilniku.<\/span><\/p>\n<h2>Namestitev brez napora<\/h2>\n<p><span style=\"font-weight: 400;\">Namestite AMS Hub na zadnjo stran tiskalnika in zamenjajtefilament, \u010de je prisoten. Pove\u017eite ga s tiskalnikom s 4-polnim kablom Bambu in uporabite 6-polni kabel Bambu, da ga pove\u017eete s prvo AMS enoto. Nadaljujte s serijskim povezovanjem dodatnih enot AMS s 6-polnim kablom.<\/span><\/p>\n<p><span style=\"font-weight: 400;\">Izbolj\u0161ajte pretok zraka in zmanj\u0161ajte upor tako, da pritrdite AMS Hub na priklju\u010dek zra\u010dne cevi na zadnji strani tiskalnika s pomo\u010djo prilo\u017eene PTFE cevi. Izberite ustrezno dol\u017eino cevi, naj bo \u010dim kraj\u0161a in se izogibajte navijanju, da zagotovite nemoteno delovanje.<\/span><\/p>\n","protected":false},"excerpt":{"rendered":"<p><span style=\"font-weight: 400;\">Izkoristite polni potencial svojih 3D tiskalnikov serije Bambu X1 ali P1 s sredi\u0161\u010dem Bambu Lab AMS Hub, dodatkom, ki spreminja igro in je zasnovan za <strong>raz\u0161iritev va\u0161ih AMS mo\u017enosti ter tiskanje z do 16 barvami hkrati!<\/strong><\/span><\/p>\n","protected":false},"featured_media":11547,"comment_status":"closed","ping_status":"closed","template":"","meta":{"_acf_changed":false},"product_brand":[],"product_cat":[788,760,761],"product_tag":[],"brand":[],"class_list":{"0":"post-15982","1":"product","2":"type-product","3":"status-publish","4":"has-post-thumbnail","6":"product_cat-drugi-predmeti","7":"product_cat-rezervni-deli","8":"product_cat-vsi-rezervni-deli","9":"pa_compatible-with-bambulab-fdm-3d-printers","10":"pa_fits-printer-all-bambu-lab-x1-series-p1-series","12":"first","13":"instock","14":"taxable","15":"shipping-taxable","16":"purchasable","17":"product-type-simple"},"acf":[],"_links":{"self":[{"href":"https:\/\/azurefilm.com\/sl\/wp-json\/wp\/v2\/product\/15982","targetHints":{"allow":["GET"]}}],"collection":[{"href":"https:\/\/azurefilm.com\/sl\/wp-json\/wp\/v2\/product"}],"about":[{"href":"https:\/\/azurefilm.com\/sl\/wp-json\/wp\/v2\/types\/product"}],"replies":[{"embeddable":true,"href":"https:\/\/azurefilm.com\/sl\/wp-json\/wp\/v2\/comments?post=15982"}],"wp:featuredmedia":[{"embeddable":true,"href":"https:\/\/azurefilm.com\/sl\/wp-json\/wp\/v2\/media\/11547"}],"wp:attachment":[{"href":"https:\/\/azurefilm.com\/sl\/wp-json\/wp\/v2\/media?parent=15982"}],"wp:term":[{"taxonomy":"product_brand","embeddable":true,"href":"https:\/\/azurefilm.com\/sl\/wp-json\/wp\/v2\/product_brand?post=15982"},{"taxonomy":"product_cat","embeddable":true,"href":"https:\/\/azurefilm.com\/sl\/wp-json\/wp\/v2\/product_cat?post=15982"},{"taxonomy":"product_tag","embeddable":true,"href":"https:\/\/azurefilm.com\/sl\/wp-json\/wp\/v2\/product_tag?post=15982"},{"taxonomy":"brand","embeddable":true,"href":"https:\/\/azurefilm.com\/sl\/wp-json\/wp\/v2\/brand?post=15982"}],"curies":[{"name":"wp","href":"https:\/\/api.w.org\/{rel}","templated":true}]}}