
{"id":16010,"date":"2023-10-29T14:44:31","date_gmt":"2023-10-29T14:44:31","guid":{"rendered":"https:\/\/azurefilm.com\/product\/creality-ender-3-v3-se\/"},"modified":"2026-03-09T19:46:03","modified_gmt":"2026-03-09T19:46:03","slug":"creality-ender-3-v3-se","status":"publish","type":"product","link":"https:\/\/azurefilm.com\/sl\/izdelek\/creality-ender-3-v3-se\/","title":{"rendered":"Creality Ender 3 V3 SE"},"content":{"rendered":"<p>3D tiskalnik Creality Ender 3 V3 SE vam prina\u0161a ve\u010djo zanesljivost s <strong>samodejnim izravnavanjem mize<\/strong>, izjemnim &#8220;Sprite&#8221; ekstruderjem z direktnim pogonom, stabilno dvojno osjo Z in prijaznim zaslonom na dotik.<\/p>\n<h2>Stabilna konstrukcija za zanesljivo delovanje<\/h2>\n<p>Ender 3 V3 SE je zasnovan za stabilnost med 3D tiskanjem. Svojo trdnost izkazuje s pomo\u010djo dvojne osi Z, ki zmanj\u0161uje nihanje ter z dvema vzdr\u017eljivima jeklenima linearnima vodiloma na osi Y, vsako debeline 8 mm, ki zagotavljata dolgotrajno stabilnost med tiskanjem.<\/p>\n<h2>Zanesljiv\u00a0 &#8220;Sprite&#8221; ekstruder z direktnim pogonom<\/h2>\n<p>Tiskalnik Ender 3 V3 SE je opremljen s\u00a0 &#8220;Sprite&#8221; ekstruderjem z direktnim pogonom, ki zagotavlja zanesljivost in vsestranskost. Ta ekstruder se spopada z razli\u010dnimi materiali, kot so PLA, PETG in TPU. Poleg tega omogo\u010da tudi hitro tiskanje s najve\u010djo hitrostjo 250 mm\/s in pospe\u0161kom 2500 mm\/s\u00b2.<\/p>\n<h2>Poenostavljena uporaba in spremljanje<\/h2>\n<p>Ender 3 V3 SE olaj\u0161a tiskanje z avtomatsko nastavitvijo tiskalne povr\u0161ine, ki jo omogo\u010da senzor CR-Touch in senzor napetosti za os Z. Spremljanje napredka tiskanja je enostavno s 3,2-pal\u010dnim barvnim zaslonom na dotik, ki ga preprosto upravljate s pomo\u010djo vrtljivega gumba.<\/p>\n<h2>Enostavno upravljanje s filamentom<\/h2>\n<p>Nalaganje in odstranjevanje filamenta \u0161e nikoli nista bila tako enostavna. Tiskalnik ponuja mo\u017enosti &#8220;iztiskanja&#8221; in &#8220;umikanja&#8221; filamenta, kar izbolj\u0161a celotno uporabni\u0161ko izku\u0161njo.<\/p>\n<h2>Kompaktna in funkcionalna zasnova<\/h2>\n<p>Ender 3 V3 SE zdru\u017euje kompaktno zasnovo z zanesljivimi funkcijami. V ospredje vsekakor postavlja visoko funkcionalnost, a hkrati ohranja eleganten videz.<\/p>\n","protected":false},"excerpt":{"rendered":"<p>Creality Ender 3 V3 SE je 3D tiskalnik, ki poenostavi va\u0161 ustvarjalni potencial in je enostaven za uporabo.<\/p>\n","protected":false},"featured_media":11759,"comment_status":"closed","ping_status":"closed","template":"","meta":{"_acf_changed":false},"product_brand":[],"product_cat":[733,739,736,735,759],"product_tag":[],"brand":[],"class_list":{"0":"post-16010","1":"product","2":"type-product","3":"status-publish","4":"has-post-thumbnail","6":"product_cat-3d-tiskalnik","7":"product_cat-creality","8":"product_cat-fdm-tiskalnik","9":"product_cat-vsi-3d-tiskalniki","10":"product_cat-znizano","12":"first","13":"instock","14":"sale","15":"featured","16":"taxable","17":"shipping-taxable","18":"purchasable","19":"product-type-simple"},"acf":[],"_links":{"self":[{"href":"https:\/\/azurefilm.com\/sl\/wp-json\/wp\/v2\/product\/16010","targetHints":{"allow":["GET"]}}],"collection":[{"href":"https:\/\/azurefilm.com\/sl\/wp-json\/wp\/v2\/product"}],"about":[{"href":"https:\/\/azurefilm.com\/sl\/wp-json\/wp\/v2\/types\/product"}],"replies":[{"embeddable":true,"href":"https:\/\/azurefilm.com\/sl\/wp-json\/wp\/v2\/comments?post=16010"}],"wp:featuredmedia":[{"embeddable":true,"href":"https:\/\/azurefilm.com\/sl\/wp-json\/wp\/v2\/media\/11759"}],"wp:attachment":[{"href":"https:\/\/azurefilm.com\/sl\/wp-json\/wp\/v2\/media?parent=16010"}],"wp:term":[{"taxonomy":"product_brand","embeddable":true,"href":"https:\/\/azurefilm.com\/sl\/wp-json\/wp\/v2\/product_brand?post=16010"},{"taxonomy":"product_cat","embeddable":true,"href":"https:\/\/azurefilm.com\/sl\/wp-json\/wp\/v2\/product_cat?post=16010"},{"taxonomy":"product_tag","embeddable":true,"href":"https:\/\/azurefilm.com\/sl\/wp-json\/wp\/v2\/product_tag?post=16010"},{"taxonomy":"brand","embeddable":true,"href":"https:\/\/azurefilm.com\/sl\/wp-json\/wp\/v2\/brand?post=16010"}],"curies":[{"name":"wp","href":"https:\/\/api.w.org\/{rel}","templated":true}]}}