
{"id":16011,"date":"2023-10-29T14:44:31","date_gmt":"2023-10-29T14:44:31","guid":{"rendered":"https:\/\/azurefilm.com\/?post_type=product&#038;p=16011"},"modified":"2024-05-29T18:39:08","modified_gmt":"2024-05-29T18:39:08","slug":"bambu-visokotemperaturna-plosca-gladka-pei-plosca","status":"publish","type":"product","link":"https:\/\/azurefilm.com\/sl\/izdelek\/bambu-visokotemperaturna-plosca-gladka-pei-plosca\/","title":{"rendered":"Bambu visokotemperaturna plo\u0161\u010da (gladka PEI plo\u0161\u010da)"},"content":{"rendered":"<p>Bambu visokotemperaturna plo\u0161\u010da in Bambu in\u017eenirska plo\u0161\u010da: 2 v 1 plo\u0161\u010da za razli\u010dne potrebe 3D tiskanja.<\/p>\n<h2>Dvojna funkcionalnost<\/h2>\n<p>Ta plo\u0161\u010da zdru\u017euje dve razli\u010dni tiskalni povr\u0161ini, in sicer na eni strani Bambu visokotemperaturno plo\u0161\u010do, na drugi strani pa Bambu in\u017eenirsko plo\u0161\u010do.<\/p>\n<h2>Bambu visokotemperaturna plo\u0161\u010da<\/h2>\n<h3>Prednosti<\/h3>\n<ul>\n<li>Plo\u0161\u010da je kompatibilna z ve\u010dino filamentov za 3D tiskanje.<\/li>\n<li>Odli\u010dno deluje s samodejno kalibracijo za pretok in ne moti sistema LIDAR.<\/li>\n<li>Gladka tekstura na povr\u0161ini daje va\u0161im tiskom eleganten prvi sloj.<\/li>\n<li>Plo\u0161\u010da nudi odli\u010den oprijem in enostavno odstranjevanje tiskov<\/li>\n<li>Je uporabniku prijazna ter omogo\u010da enostavno in samostojno zamenjavo.<\/li>\n<\/ul>\n<h3>Premisleki<\/h3>\n<ul>\n<li>Plo\u0161\u010da zahteva ogrevano tiskalno povr\u0161ino.<\/li>\n<li>Je nekoliko bolj krhka kot Bambu in\u017eenirska plo\u0161\u010da ali teksturirana PEI plo\u0161\u010da.<\/li>\n<\/ul>\n<h2>Bambu in\u017eenirska plo\u0161\u010da<\/h2>\n<h3>Prednosti<\/h3>\n<ul>\n<li>Ta plo\u0161\u010da je zasnovana za tehni\u010dne filamente, kot so Flexible (TPU), PETG, PET-CF, ABS, PC, PA in ostali.<\/li>\n<li>Ima premaz, ki pomaga pri oprijemu prve plasti za tiskanje z visokotemperaturnimi ali upogljivimi materiali.<\/li>\n<\/ul>\n<h2>Namestitev<\/h2>\n<p>Namestitev te plo\u0161\u010de je enostavna in traja nekaj sekund.<\/p>\n<p>1. korak: Poravnajte plo\u0161\u010do s fiksnimi to\u010dkami povr\u0161ine na na\u010din, da je ime plo\u0161\u010de obrnjeno proti vam.<\/p>\n<p>2. korak: Spustite plo\u0161\u010do in jo pritrdite na magnetno povr\u0161ino.<\/p>\n<p><img decoding=\"async\" class=\"alignnone size-medium wp-image-32441\" src=\"https:\/\/azurefilm.com\/wp-content\/uploads\/2023\/10\/Instalation-1-Enhanced-SR.jpg\" alt=\" width=\" height=\"400\" title=\"\"> <img decoding=\"async\" class=\"alignnone size-medium wp-image-32445\" src=\"https:\/\/azurefilm.com\/wp-content\/uploads\/2023\/10\/Instalation-2-Enhanced-SR.jpg\" alt=\" width=\" height=\"400\" title=\"\"><\/p>\n","protected":false},"excerpt":{"rendered":"<p><span style=\"font-weight: 400;\">Bambu visokotemperaturna plo\u0161\u010da je prava izbira za odli\u010den oprijem in enostavno odstranitev va\u0161ih 3D tiskov.<\/span><\/p>\n","protected":false},"featured_media":11784,"comment_status":"closed","ping_status":"closed","template":"","meta":{"_acf_changed":false},"product_brand":[],"product_cat":[769,760,766,761],"product_tag":[],"brand":[],"class_list":{"0":"post-16011","1":"product","2":"type-product","3":"status-publish","4":"has-post-thumbnail","6":"product_cat-pei-plosce","7":"product_cat-rezervni-deli","8":"product_cat-tiskalne-povrsine","9":"product_cat-vsi-rezervni-deli","10":"pa_compatible-with-bambulab-fdm-3d-printers","11":"pa_fits-printer-all-bambu-lab-x1-series-p1-series","13":"first","14":"outofstock","15":"taxable","16":"shipping-taxable","17":"purchasable","18":"product-type-simple"},"acf":[],"_links":{"self":[{"href":"https:\/\/azurefilm.com\/sl\/wp-json\/wp\/v2\/product\/16011","targetHints":{"allow":["GET"]}}],"collection":[{"href":"https:\/\/azurefilm.com\/sl\/wp-json\/wp\/v2\/product"}],"about":[{"href":"https:\/\/azurefilm.com\/sl\/wp-json\/wp\/v2\/types\/product"}],"replies":[{"embeddable":true,"href":"https:\/\/azurefilm.com\/sl\/wp-json\/wp\/v2\/comments?post=16011"}],"wp:featuredmedia":[{"embeddable":true,"href":"https:\/\/azurefilm.com\/sl\/wp-json\/wp\/v2\/media\/11784"}],"wp:attachment":[{"href":"https:\/\/azurefilm.com\/sl\/wp-json\/wp\/v2\/media?parent=16011"}],"wp:term":[{"taxonomy":"product_brand","embeddable":true,"href":"https:\/\/azurefilm.com\/sl\/wp-json\/wp\/v2\/product_brand?post=16011"},{"taxonomy":"product_cat","embeddable":true,"href":"https:\/\/azurefilm.com\/sl\/wp-json\/wp\/v2\/product_cat?post=16011"},{"taxonomy":"product_tag","embeddable":true,"href":"https:\/\/azurefilm.com\/sl\/wp-json\/wp\/v2\/product_tag?post=16011"},{"taxonomy":"brand","embeddable":true,"href":"https:\/\/azurefilm.com\/sl\/wp-json\/wp\/v2\/brand?post=16011"}],"curies":[{"name":"wp","href":"https:\/\/api.w.org\/{rel}","templated":true}]}}