
{"id":16012,"date":"2023-10-29T14:44:31","date_gmt":"2023-10-29T14:44:31","guid":{"rendered":"https:\/\/azurefilm.com\/?post_type=product&#038;p=16012"},"modified":"2026-03-06T16:00:14","modified_gmt":"2026-03-06T16:00:14","slug":"bambu-teksturirana-pei-plosca","status":"publish","type":"product","link":"https:\/\/azurefilm.com\/sl\/izdelek\/bambu-teksturirana-pei-plosca\/","title":{"rendered":"Bambu teksturirana PEI plo\u0161\u010da"},"content":{"rendered":"<h2>Bambu teksturirana PEI plo\u0161\u010da<\/h2>\n<p>Dosezite odli\u010den oprijem in enostavno odstranjevanje svojih 3D tiskov z Bambu teksturirano PEI plo\u0161\u010do. Ta plo\u0161\u010da je zasnovana na na\u010din, ki zagotavlja vrhunsko izku\u0161njo 3D tiskanja, hkrati pa omogo\u010da zanimivo teksturo prve plasti.<\/p>\n<h3>Prednosti<\/h3>\n<ul>\n<li>Odli\u010den oprijem prve plasti.<\/li>\n<li>Izbolj\u0161ana vzdr\u017eljivost.<\/li>\n<li>Zdru\u017eljivost z razli\u010dnimi filamenti, kot so PLA, TPU, PETG, ABS in Nylon.<\/li>\n<\/ul>\n<h2>Funkcija samodejnega odlepljanja<\/h2>\n<p>PEI je znan po svoji odpornosti na temperaturna nihanja ter zagotavlja enostavno odstranjevanje tiskov, ko se tiskalna plo\u0161\u010da ohladi. Le po\u010dakajte, da temperatura dose\u017ee 35 \u00b0C ali manj; \u010de se po tem tisk \u0161e dr\u017ei, ne\u017eno upognite jekleno plo\u0161\u010do in va\u0161 izdelek se bo brez te\u017eav odlepil.<\/p>\n<h2>Zanesljiv magnetni oprijem<\/h2>\n<p>Bambu teksturirana PEI plo\u0161\u010da je sestavljena iz 0,5 mm debele plo\u0161\u010de iz nerjave\u010dega jekla in nudi izbolj\u0161an magnetni oprijem. Ta funkcija prepre\u010duje zvijanje in zagotavlja stabilno kakovost tiskanja. Va\u0161i za\u010detni sloji se bodo odli\u010dno oprijeli, \u010detudi imate opravka z ve\u010djimi modeli ali materiali, kot so ABS, PC in Nylon, ki se radi zvijajo.<\/p>\n<h2>Edinstvena teksturirana povr\u0161ina<\/h2>\n<p>Z natan\u010dnim postopkom pra\u0161kastega lakiranja Bambu teksturirana PEI plo\u0161\u010da zagotavlja zna\u010dilno teksturirano povr\u0161ino za va\u0161e tiske in doda zna\u010daj va\u0161im kreacijam.<\/p>\n<h2>Namestitev<\/h2>\n<p>Namestitev te plo\u0161\u010de je enostavna in traja le nekaj sekund.<\/p>\n<p>1. korak: Poravnajte plo\u0161\u010do s fiksnimi to\u010dkami povr\u0161ine na na\u010din, da bo ime plo\u0161\u010de obrnjeno proti vam.<\/p>\n<p>2. korak: Plo\u0161\u010do spustite na magnetno povr\u0161ino in jo pritrdite na mesto.<\/p>\n<p><img decoding=\"async\" class=\"alignnone size-medium wp-image-32465\" src=\"https:\/\/azurefilm.com\/wp-content\/uploads\/2023\/10\/step-1.jpg\" alt=\" width=\" height=\"400\" title=\"\"> <img decoding=\"async\" class=\"alignnone size-medium wp-image-32469\" src=\"https:\/\/azurefilm.com\/wp-content\/uploads\/2023\/10\/step-2.jpg\" alt=\" width=\" height=\"400\" title=\"\"><\/p>\n","protected":false},"excerpt":{"rendered":"<p><span style=\"font-weight: 400;\">Odpravite pomisleke povezane z upogibanjem, izbolj\u0161ajte kakovost tiska in preizkusite kaj ponuja Bambu teksturirana PEI plo\u0161\u010da.<\/span><\/p>\n","protected":false},"featured_media":11805,"comment_status":"closed","ping_status":"closed","template":"","meta":{"_acf_changed":false},"product_brand":[],"product_cat":[769,760,766,761],"product_tag":[],"brand":[],"class_list":{"0":"post-16012","1":"product","2":"type-product","3":"status-publish","4":"has-post-thumbnail","6":"product_cat-pei-plosce","7":"product_cat-rezervni-deli","8":"product_cat-tiskalne-povrsine","9":"product_cat-vsi-rezervni-deli","10":"pa_compatible-with-bambulab-fdm-3d-printers","11":"pa_fits-printer-all-bambu-lab-x1-series-p1-series","13":"first","14":"instock","15":"taxable","16":"shipping-taxable","17":"purchasable","18":"product-type-simple"},"acf":[],"_links":{"self":[{"href":"https:\/\/azurefilm.com\/sl\/wp-json\/wp\/v2\/product\/16012","targetHints":{"allow":["GET"]}}],"collection":[{"href":"https:\/\/azurefilm.com\/sl\/wp-json\/wp\/v2\/product"}],"about":[{"href":"https:\/\/azurefilm.com\/sl\/wp-json\/wp\/v2\/types\/product"}],"replies":[{"embeddable":true,"href":"https:\/\/azurefilm.com\/sl\/wp-json\/wp\/v2\/comments?post=16012"}],"wp:featuredmedia":[{"embeddable":true,"href":"https:\/\/azurefilm.com\/sl\/wp-json\/wp\/v2\/media\/11805"}],"wp:attachment":[{"href":"https:\/\/azurefilm.com\/sl\/wp-json\/wp\/v2\/media?parent=16012"}],"wp:term":[{"taxonomy":"product_brand","embeddable":true,"href":"https:\/\/azurefilm.com\/sl\/wp-json\/wp\/v2\/product_brand?post=16012"},{"taxonomy":"product_cat","embeddable":true,"href":"https:\/\/azurefilm.com\/sl\/wp-json\/wp\/v2\/product_cat?post=16012"},{"taxonomy":"product_tag","embeddable":true,"href":"https:\/\/azurefilm.com\/sl\/wp-json\/wp\/v2\/product_tag?post=16012"},{"taxonomy":"brand","embeddable":true,"href":"https:\/\/azurefilm.com\/sl\/wp-json\/wp\/v2\/brand?post=16012"}],"curies":[{"name":"wp","href":"https:\/\/api.w.org\/{rel}","templated":true}]}}