
{"id":16013,"date":"2023-10-29T14:44:31","date_gmt":"2023-10-29T14:44:31","guid":{"rendered":"https:\/\/azurefilm.com\/?post_type=product&#038;p=16013"},"modified":"2025-12-09T08:50:55","modified_gmt":"2025-12-09T08:50:55","slug":"bambu-vroci-konec-hotend-s-sobo","status":"publish","type":"product","link":"https:\/\/azurefilm.com\/sl\/izdelek\/bambu-vroci-konec-hotend-s-sobo\/","title":{"rendered":"Bambu vro\u010di konec (hotend) s \u0161obo"},"content":{"rendered":"<p>Zagotovite si Bambu vro\u010di konec (hotend) s \u0161obo ter s tem izbolj\u0161ajte delovanje svojega 3D tiskalnika. Izbirate lahko med 4-imi razli\u010dnimi velikostmi.<\/p>\n<p><strong>\u0160oba iz nerjave\u010dega jekla dimenzije 0,2 mm<\/strong> je optimalna za fino tiskanje. Njen majhen premer ekstrudira zelo tanko, kar omogo\u010da visokolo\u010dljivostne tiske na vodoravni tiskalni povr\u0161ini.<\/p>\n<p><strong>\u0160oba iz kaljenega jekla dimenzije 0,4 mm<\/strong> ponuja odli\u010dno ravnovesje med kakovostjo tiskanja in hitrostjo, zaradi \u010desar je idealna za \u0161irok spekter materialov.<\/p>\n<p><strong>\u0160oba iz kaljenega jekla dimenzije 0,6 mm<\/strong> je popolna za abrazivne materiale, saj je pri uporabi le-teh ve\u010dja verjetnost za zama\u0161itev \u0161obe. \u0160obo v tej dimenziji priporo\u010damo pri tiskanju z materiali kot so PLA Wood, PLA Glitter in Carbon Fiber.<\/p>\n<p><strong>\u0160oba iz kaljenega jekla dimenzije 0,8 mm<\/strong> omogo\u010da ve\u010djo hitrost tiskanja, saj ve\u010dji premer omogo\u010da ve\u010d ekstrudiranega materiala na sekundo.<\/p>\n<h2>Bambu vro\u010di konec (hotend) z nadomestno \u0161obo iz kaljenega jekla<\/h2>\n<p>Ko morate zamenjati \u0161obo, <a href=\"https:\/\/wiki.bambulab.com\/en\/x1\/maintenance\/replace-hotend\" target=\"_blank\" rel=\"noopener\"><strong>sledite navodilom, ki jih je pripravil Bambu Lab<\/strong><\/a>. Ogledate si lahko tudi spodnji video ter s tem la\u017eje sledite navodilom po korakih.<\/p>\n<h2>Tehni\u010dne specifikacije<\/h2>\n<h3>Vsebina paketa:<\/h3>\n<ul>\n<li>Vro\u010di konec (hotend) s \u0161obo<\/li>\n<li>Silikonska nogavica<\/li>\n<li>Termi\u010dna mast<\/li>\n<li>M3-14 stopni\u010dasti vijaki<\/li>\n<\/ul>\n","protected":false},"excerpt":{"rendered":"<p><span style=\"font-weight: 400;\">Bambu vro\u010di konec (hotend) s \u0161obo lahko izbolj\u0161a in na novo definira va\u0161e tiske. Zdru\u017eljiv je z vsemi serijami Bambu Lab X1 in P1.<\/span><\/p>\n","protected":false},"featured_media":11814,"comment_status":"closed","ping_status":"closed","template":"","meta":{"_acf_changed":false},"product_brand":[],"product_cat":[775,774,773,812,760,785,786,780,761],"product_tag":[],"brand":[268],"class_list":{"0":"post-16013","1":"product","2":"type-product","3":"status-publish","4":"has-post-thumbnail","6":"product_cat-deli-ekstruderja","7":"product_cat-ekstruder-sl","8":"product_cat-ekstruderji","9":"product_cat-nadgradnje-ekstruderja","10":"product_cat-rezervni-deli","11":"product_cat-sobe","12":"product_cat-utrjene-sobe-odporne-proti-obrabi","13":"product_cat-vroci-konci-hotends","14":"product_cat-vsi-rezervni-deli","15":"pa_compatible-with-bambulab-fdm-3d-printers","16":"pa_fits-printer-all-bambu-lab-x1-series-p1-series","17":"pa_nozzle-diameter-0-2mm","18":"pa_nozzle-diameter-0-4mm","19":"pa_nozzle-diameter-0-6mm","20":"pa_nozzle-diameter-0-8mm","21":"pa_nozzle-material-hardened-steel","22":"pa_nozzle-material-stainless-steel","23":"brand-bambu-lab","25":"first","26":"instock","27":"taxable","28":"shipping-taxable","29":"purchasable","30":"product-type-variable"},"acf":[],"_links":{"self":[{"href":"https:\/\/azurefilm.com\/sl\/wp-json\/wp\/v2\/product\/16013","targetHints":{"allow":["GET"]}}],"collection":[{"href":"https:\/\/azurefilm.com\/sl\/wp-json\/wp\/v2\/product"}],"about":[{"href":"https:\/\/azurefilm.com\/sl\/wp-json\/wp\/v2\/types\/product"}],"replies":[{"embeddable":true,"href":"https:\/\/azurefilm.com\/sl\/wp-json\/wp\/v2\/comments?post=16013"}],"wp:featuredmedia":[{"embeddable":true,"href":"https:\/\/azurefilm.com\/sl\/wp-json\/wp\/v2\/media\/11814"}],"wp:attachment":[{"href":"https:\/\/azurefilm.com\/sl\/wp-json\/wp\/v2\/media?parent=16013"}],"wp:term":[{"taxonomy":"product_brand","embeddable":true,"href":"https:\/\/azurefilm.com\/sl\/wp-json\/wp\/v2\/product_brand?post=16013"},{"taxonomy":"product_cat","embeddable":true,"href":"https:\/\/azurefilm.com\/sl\/wp-json\/wp\/v2\/product_cat?post=16013"},{"taxonomy":"product_tag","embeddable":true,"href":"https:\/\/azurefilm.com\/sl\/wp-json\/wp\/v2\/product_tag?post=16013"},{"taxonomy":"brand","embeddable":true,"href":"https:\/\/azurefilm.com\/sl\/wp-json\/wp\/v2\/brand?post=16013"}],"curies":[{"name":"wp","href":"https:\/\/api.w.org\/{rel}","templated":true}]}}