
{"id":16018,"date":"2023-10-29T14:44:31","date_gmt":"2023-10-29T14:44:31","guid":{"rendered":"https:\/\/azurefilm.com\/?post_type=product&#038;p=16018"},"modified":"2025-10-10T06:08:54","modified_gmt":"2025-10-10T06:08:54","slug":"bambu-komplet-za-montazo-vrocega-konca-hotenda","status":"publish","type":"product","link":"https:\/\/azurefilm.com\/sl\/izdelek\/bambu-komplet-za-montazo-vrocega-konca-hotenda\/","title":{"rendered":"Bambu komplet za monta\u017eo vro\u010dega konca (hotenda)"},"content":{"rendered":"<p>Nadgradite svoj 3D tiskalnik z Bambu kompletom za vro\u010di konec (hotend) iz kaljenega jekla. Izdelek ima \u0161obo dimenzije 0,4 mm, ki je splo\u0161no priznana kot standardni premer \u0161obe. Poleg tega ima optimalno razmerje med kakovostjo in hitrostjo tiskanja.<\/p>\n<h2>Bambu zamenjava kompleta za monta\u017eo vro\u010dega konca (hotenda)<\/h2>\n<p>Ko morate zamenjati va\u0161 hotend, <a href=\"https:\/\/wiki.bambulab.com\/en\/p1\/maintenance\/complete-hot-end-assembly\" target=\"_blank\" rel=\"noopener\"><strong>sledite navodilom, ki jih je pripravil Bambu Lab<\/strong><\/a>. Ogledate pa si lahko tudi spodnji video in sledite navodilom po korakih.<\/p>\n<h2>Tehni\u010dne specifikacije<\/h2>\n<h3>Vsebina paketa:<\/h3>\n<ul>\n<li>Celoten komplet za hotend (kaljeno jeklo)<\/li>\n<li>M3-14 stopni\u010dasti vijaki<\/li>\n<\/ul>\n","protected":false},"excerpt":{"rendered":"<p><span style=\"font-weight: 400;\">Izbolj\u0161ajte kakovost tiskanja tako, da izberete Bambu komplet za monta\u017eo vro\u010dega konca (hotenda). <\/span><b>Zdru\u017eljiv samo s serijo Bambu Lab X1!<\/b><\/p>\n<p>&nbsp;<\/p>\n","protected":false},"featured_media":11835,"comment_status":"closed","ping_status":"closed","template":"","meta":{"_acf_changed":false},"product_brand":[],"product_cat":[775,774,773,812,760,780,761],"product_tag":[],"brand":[268],"class_list":{"0":"post-16018","1":"product","2":"type-product","3":"status-publish","4":"has-post-thumbnail","6":"product_cat-deli-ekstruderja","7":"product_cat-ekstruder-sl","8":"product_cat-ekstruderji","9":"product_cat-nadgradnje-ekstruderja","10":"product_cat-rezervni-deli","11":"product_cat-vroci-konci-hotends","12":"product_cat-vsi-rezervni-deli","13":"pa_compatible-with-bambulab-fdm-3d-printers","14":"pa_fits-printer-bambu-lab-x1-carbon-combo","15":"pa_fits-printer-bambu-lab-x1-series-only","16":"pa_fits-printer-bambu-lab-x1-carbon","17":"pa_nozzle-diameter-0-4mm","18":"pa_nozzle-material-hardened-steel","19":"brand-bambu-lab","21":"first","22":"instock","23":"taxable","24":"shipping-taxable","25":"purchasable","26":"product-type-variable"},"acf":[],"_links":{"self":[{"href":"https:\/\/azurefilm.com\/sl\/wp-json\/wp\/v2\/product\/16018","targetHints":{"allow":["GET"]}}],"collection":[{"href":"https:\/\/azurefilm.com\/sl\/wp-json\/wp\/v2\/product"}],"about":[{"href":"https:\/\/azurefilm.com\/sl\/wp-json\/wp\/v2\/types\/product"}],"replies":[{"embeddable":true,"href":"https:\/\/azurefilm.com\/sl\/wp-json\/wp\/v2\/comments?post=16018"}],"wp:featuredmedia":[{"embeddable":true,"href":"https:\/\/azurefilm.com\/sl\/wp-json\/wp\/v2\/media\/11835"}],"wp:attachment":[{"href":"https:\/\/azurefilm.com\/sl\/wp-json\/wp\/v2\/media?parent=16018"}],"wp:term":[{"taxonomy":"product_brand","embeddable":true,"href":"https:\/\/azurefilm.com\/sl\/wp-json\/wp\/v2\/product_brand?post=16018"},{"taxonomy":"product_cat","embeddable":true,"href":"https:\/\/azurefilm.com\/sl\/wp-json\/wp\/v2\/product_cat?post=16018"},{"taxonomy":"product_tag","embeddable":true,"href":"https:\/\/azurefilm.com\/sl\/wp-json\/wp\/v2\/product_tag?post=16018"},{"taxonomy":"brand","embeddable":true,"href":"https:\/\/azurefilm.com\/sl\/wp-json\/wp\/v2\/brand?post=16018"}],"curies":[{"name":"wp","href":"https:\/\/api.w.org\/{rel}","templated":true}]}}