
{"id":17509,"date":"2023-11-04T09:47:41","date_gmt":"2023-11-04T09:47:41","guid":{"rendered":"https:\/\/azurefilm.com\/?post_type=product&#038;p=17509"},"modified":"2026-04-09T14:52:19","modified_gmt":"2026-04-09T14:52:19","slug":"soba-e3d-v5-v6-m6-2","status":"publish","type":"product","link":"https:\/\/azurefilm.com\/sl\/izdelek\/soba-e3d-v5-v6-m6-2\/","title":{"rendered":"\u0160oba E3D V5-V6 M6"},"content":{"rendered":"<h4><span style=\"vertical-align: inherit;\">Ugello E3D V5-V6 M6<\/span><\/h4>\n<h3><b><span style=\"vertical-align: inherit;\">Glavne lastnosti<\/span><\/b><b><span style=\"vertical-align: inherit;\">:<\/span><\/b><\/h3>\n<ul>\n<li><span style=\"vertical-align: inherit;\">\u0160oba E3D V5-V6 M6 izstopa s svojimi klju\u010dnimi zna\u010dilnostmi, prilagojenimi za optimalno izku\u0161njo 3D tiskanja:<\/span><\/li>\n<li><strong><span style=\"vertical-align: inherit;\">Vsestranska zdru\u017eljivost:<\/span><\/strong><span style=\"vertical-align: inherit;\"> Posebej zasnovan za zdru\u017eljivost z vrsto 3D-tiskalnikov Creality, vklju\u010dno s priljubljenimi modeli, kot so Creality CR-10 V2, Creality Ender 3, Creality Ender 5 in drugi . To zagotavlja brezhibno integracijo s tiskalniki, ki se pogosto uporabljajo v skupnosti 3D tiskanja.<\/span><\/li>\n<li><strong><span style=\"vertical-align: inherit;\">Nastavljiv vhodni premer:<\/span><\/strong><span style=\"vertical-align: inherit;\"> Ta \u0161oba z vhodnim premerom 1,75 mm omogo\u010da razli\u010dne vrste filamentov, kar uporabnikom omogo\u010da prilagodljivost pri eksperimentiranju z materiali, ki se razlikujejo glede na njihove potrebe tiskanja. &lt; \/span&gt;<\/span><\/li>\n<li><strong><span style=\"vertical-align: inherit;\">Mo\u017enosti natan\u010dnega izpisa:<\/span><\/strong><span style=\"vertical-align: inherit;\"> Ponudba izbire izhodnih premerov (0,2 mm, 0,3 mm, 0,4 mm, 0,5 mm, 0, 6 mm, 0, 8 mm, 1,0 mm), uporabnikom lahko natan\u010dno prilagodijo svoje tiskarske projekte, da dose\u017eejo \u017eeleno raven podrobnosti in debeline plasti.<\/span><\/li>\n<li><strong><span style=\"vertical-align: inherit;\">Univerzalni navoj M6:<\/span><\/strong><span style=\"vertical-align: inherit;\"> Velikost navoja M6 zagotavlja zdru\u017eljivost s \u0161iroko paleto 3D tiskalnikov, kar zagotavlja preprosto namestitev in uporabo za Creality CR-10 V2, serijo Creality Ender in druge zdru\u017eljive modeli.&lt; \/span&gt;<\/span><\/li>\n<li><strong><span style=\"vertical-align: inherit;\">Visokokakovostna medeninasta konstrukcija:<\/span><\/strong><span style=\"vertical-align: inherit;\"> Te \u0161obe so narejene iz visokokakovostnega medeninastega materiala in so izdelane tako, da prenesejo zahteve 3D-tiskanja. Trdnost materiala zagotavlja vzdr\u017eljivost in dosledno delovanje med dalj\u0161imi tiskarskimi sejami.<\/span><\/li>\n<\/ul>\n<p><span style=\"vertical-align: inherit;\">Nozzle E3D V5-V6 M6 v bistvu zdru\u017euje vsestranskost, natan\u010dnost in vzdr\u017eljivost, zaradi \u010desar je idealna izbira za navdu\u0161ence nad 3D tiskanjem, ki uporabljajo tiskalnike Creality. Ne glede na to, ali delate na zapletenih na\u010drtih ali obse\u017enih projektih, ta \u0161oba zagotavlja bistvene funkcije, potrebne za zanesljivo, visokokakovostno 3D-tiskanje.<\/span><\/p>\n","protected":false},"excerpt":{"rendered":"<p><strong>\u0160oba E3D V5-V6 M6 <\/strong>izdelana iz visokokakovostnega medeninastega materiala, visoka vzdr\u017eljivost.<\/p>\n","protected":false},"featured_media":9886,"comment_status":"closed","ping_status":"closed","template":"","meta":{"_acf_changed":false},"product_brand":[],"product_cat":[787,760,785,761,759],"product_tag":[],"brand":[270],"class_list":{"0":"post-17509","1":"product","2":"type-product","3":"status-publish","4":"has-post-thumbnail","6":"product_cat-navadne-sobe","7":"product_cat-rezervni-deli","8":"product_cat-sobe","9":"product_cat-vsi-rezervni-deli","10":"product_cat-znizano","11":"pa_nozzle-diameter-0-2mm","12":"pa_nozzle-diameter-0-3mm","13":"pa_nozzle-diameter-0-4mm","14":"pa_nozzle-diameter-0-5mm","15":"pa_nozzle-diameter-0-6mm","16":"pa_nozzle-diameter-0-8mm","17":"pa_nozzle-diameter-1-0mm","18":"brand-creality","20":"first","21":"instock","22":"sale","23":"taxable","24":"shipping-taxable","25":"purchasable","26":"product-type-variable"},"acf":[],"_links":{"self":[{"href":"https:\/\/azurefilm.com\/sl\/wp-json\/wp\/v2\/product\/17509","targetHints":{"allow":["GET"]}}],"collection":[{"href":"https:\/\/azurefilm.com\/sl\/wp-json\/wp\/v2\/product"}],"about":[{"href":"https:\/\/azurefilm.com\/sl\/wp-json\/wp\/v2\/types\/product"}],"replies":[{"embeddable":true,"href":"https:\/\/azurefilm.com\/sl\/wp-json\/wp\/v2\/comments?post=17509"}],"wp:featuredmedia":[{"embeddable":true,"href":"https:\/\/azurefilm.com\/sl\/wp-json\/wp\/v2\/media\/9886"}],"wp:attachment":[{"href":"https:\/\/azurefilm.com\/sl\/wp-json\/wp\/v2\/media?parent=17509"}],"wp:term":[{"taxonomy":"product_brand","embeddable":true,"href":"https:\/\/azurefilm.com\/sl\/wp-json\/wp\/v2\/product_brand?post=17509"},{"taxonomy":"product_cat","embeddable":true,"href":"https:\/\/azurefilm.com\/sl\/wp-json\/wp\/v2\/product_cat?post=17509"},{"taxonomy":"product_tag","embeddable":true,"href":"https:\/\/azurefilm.com\/sl\/wp-json\/wp\/v2\/product_tag?post=17509"},{"taxonomy":"brand","embeddable":true,"href":"https:\/\/azurefilm.com\/sl\/wp-json\/wp\/v2\/brand?post=17509"}],"curies":[{"name":"wp","href":"https:\/\/api.w.org\/{rel}","templated":true}]}}