
{"id":18761,"date":"2023-10-29T11:02:19","date_gmt":"2023-10-29T11:02:19","guid":{"rendered":"https:\/\/azurefilm.com\/?post_type=product&#038;p=18761"},"modified":"2025-08-22T10:33:49","modified_gmt":"2025-08-22T10:33:49","slug":"phrozen-water-washable-grey-smola","status":"publish","type":"product","link":"https:\/\/azurefilm.com\/sl\/izdelek\/phrozen-water-washable-grey-smola\/","title":{"rendered":"Phrozen Water Washable Grey smola"},"content":{"rendered":"<h2><b>Phrozen Water Washable Grey<\/b><\/h2>\n<p><span style=\"font-weight: 400;\">Phrozen water-washable Grey smola, ki jo je mogo\u010de oprati z vodo, je zasnovana za <\/span><b>preprostost <\/b><span style=\"font-weight: 400;\">in <\/span><b>u\u010dinkovitost<\/b><span style=\"font-weight: 400;\">. Te smole, zasnovane za enostavno \u010di\u0161\u010denje z vodo, nudijo <\/span><b>vzdr\u017eljivost, hitro tiskanje in odli\u010dno zdru\u017eljivost z za\u010detnikom prijaznimi 3D tiskalniki<\/b><span style=\"font-weight: 400;\">. Idealna za izdelavo 3D natisnjenih figur, miniatur in prototipov izdelkov, prina\u0161a udobje na va\u0161i poti 3D tiskanja.<\/span><\/p>\n<p><span style=\"font-weight: 400;\">Ta smola prina\u0161a vrsto prednosti. Prvi\u010d, <\/span><b>brez truda lahko odstranite ostanke<\/b><span style=\"font-weight: 400;\">, s \u010dimer odpravite potrebo po IPA \u010di\u0161\u010denju. Drugi\u010d, njihova <\/span><b>nizka viskoznost zagotavlja gladko tiskanje in naknadno obdelavo<\/b><span style=\"font-weight: 400;\">. Poleg tega je ta smola brez vonja. Nazadnje ponuja izjemno trdnost, zaradi \u010desar je popolna za ustvarjanje robustnih 3D natisnjenih figur, miniatur in prototipov.<\/span><\/p>\n<h3><strong>Lastnosti:<\/strong><\/h3>\n<ul>\n<li style=\"font-weight: 400;\" aria-level=\"1\"><span style=\"font-weight: 400;\">Preprosto odstranite ostanke<\/span><\/li>\n<li style=\"font-weight: 400;\" aria-level=\"1\"><span style=\"font-weight: 400;\">Nizka viskoznost<\/span><\/li>\n<li style=\"font-weight: 400;\" aria-level=\"1\"><span style=\"font-weight: 400;\">\u0160ibek vonj<\/span><\/li>\n<li style=\"font-weight: 400;\" aria-level=\"1\"><span style=\"font-weight: 400;\">Ni lomljiva<\/span><\/li>\n<\/ul>\n","protected":false},"excerpt":{"rendered":"<p>Stopite v svet preprostosti in u\u010dinkovitosti s Phrozen Water Washable Grey smolo (500 g), idealno za izdelavo 3D-natisnjenih figur, miniatur in prototipov izdelkov.<\/p>\n","protected":false},"featured_media":11300,"comment_status":"closed","ping_status":"closed","template":"","meta":{"_acf_changed":false},"product_brand":[],"product_cat":[659,699,661,706],"product_tag":[],"brand":[],"class_list":{"0":"post-18761","1":"product","2":"type-product","3":"status-publish","4":"has-post-thumbnail","6":"product_cat-3d-filamenti","7":"product_cat-smola","8":"product_cat-vsi-filamenti","9":"product_cat-water-washable-resin-sl","10":"pa_colour-gray","11":"pa_resin-technology-dlp","12":"pa_resin-technology-lcd-msla","13":"pa_resin-type-water-washable","14":"pa_resin-weight-1000g","16":"first","17":"outofstock","18":"taxable","19":"shipping-taxable","20":"purchasable","21":"product-type-simple"},"acf":[],"_links":{"self":[{"href":"https:\/\/azurefilm.com\/sl\/wp-json\/wp\/v2\/product\/18761","targetHints":{"allow":["GET"]}}],"collection":[{"href":"https:\/\/azurefilm.com\/sl\/wp-json\/wp\/v2\/product"}],"about":[{"href":"https:\/\/azurefilm.com\/sl\/wp-json\/wp\/v2\/types\/product"}],"replies":[{"embeddable":true,"href":"https:\/\/azurefilm.com\/sl\/wp-json\/wp\/v2\/comments?post=18761"}],"wp:featuredmedia":[{"embeddable":true,"href":"https:\/\/azurefilm.com\/sl\/wp-json\/wp\/v2\/media\/11300"}],"wp:attachment":[{"href":"https:\/\/azurefilm.com\/sl\/wp-json\/wp\/v2\/media?parent=18761"}],"wp:term":[{"taxonomy":"product_brand","embeddable":true,"href":"https:\/\/azurefilm.com\/sl\/wp-json\/wp\/v2\/product_brand?post=18761"},{"taxonomy":"product_cat","embeddable":true,"href":"https:\/\/azurefilm.com\/sl\/wp-json\/wp\/v2\/product_cat?post=18761"},{"taxonomy":"product_tag","embeddable":true,"href":"https:\/\/azurefilm.com\/sl\/wp-json\/wp\/v2\/product_tag?post=18761"},{"taxonomy":"brand","embeddable":true,"href":"https:\/\/azurefilm.com\/sl\/wp-json\/wp\/v2\/brand?post=18761"}],"curies":[{"name":"wp","href":"https:\/\/api.w.org\/{rel}","templated":true}]}}