
{"id":19087,"date":"2023-11-13T10:41:57","date_gmt":"2023-11-13T10:41:57","guid":{"rendered":"https:\/\/azurefilm.com\/?post_type=product&#038;p=19087"},"modified":"2023-11-24T13:10:15","modified_gmt":"2023-11-24T13:10:15","slug":"motherboard-for-creator-3-pro","status":"publish","type":"product","link":"https:\/\/azurefilm.com\/sl\/izdelek\/motherboard-for-creator-3-pro\/","title":{"rendered":"Mati\u010dna plo\u0161\u010da za Creator 3 PRO"},"content":{"rendered":"<h4>Mati\u010dna plo\u0161\u010da za Creator 3 PRO<\/h4>\n<h3><strong><span style=\"vertical-align: inherit;\">Klju\u010dne funkcije:<\/span><\/strong><\/h3>\n<ul>\n<li><strong><span style=\"vertical-align: inherit;\">Natan\u010dnost in zmogljivost:<\/span><\/strong>\n<ul>\n<li><span style=\"vertical-align: inherit;\">Napredna 32-bitna arhitektura za ve\u010djo natan\u010dnost in splo\u0161no zmogljivost tiskanja.<\/span><\/li>\n<li><span style=\"vertical-align: inherit;\">Dosezite novo raven podrobnosti in kakovosti svojih 3D-tiskov.<\/span><\/li>\n<\/ul>\n<\/li>\n<li><strong><span style=\"vertical-align: inherit;\">Tiho delovanje:<\/span><\/strong>\n<ul>\n<li><span style=\"vertical-align: inherit;\">Gonilniki TMC2208 zagotavljajo tiho izku\u0161njo tiskanja in zmanj\u0161ujejo hrup med delovanjem.<\/span><\/li>\n<li><span style=\"vertical-align: inherit;\">Idealno za uporabnike, ki i\u0161\u010dejo ti\u0161je delovno okolje med sejami 3D tiskanja.<\/span><\/li>\n<\/ul>\n<\/li>\n<li><strong><span style=\"vertical-align: inherit;\">Plug &amp; Namestitev predvajanja:<\/span><\/strong>\n<ul>\n<li><span style=\"vertical-align: inherit;\">Vnaprej name\u0161\u010dena vdelana programska oprema in vnaprej konfigurirane nastavitve za Creator 3 Pro poskrbijo, da je namestitev brezhiben postopek plug-and-play.<\/span><\/li>\n<li><span style=\"vertical-align: inherit;\">Poenostavljen postopek nadgradnje za uporabnike, ki i\u0161\u010dejo enostavno in preprosto namestitev.<\/span><\/li>\n<\/ul>\n<\/li>\n<li><strong><span style=\"vertical-align: inherit;\">Optimizirano toplotno upravljanje:<\/span><\/strong>\n<ul>\n<li><span style=\"vertical-align: inherit;\">Zasnova vezja je optimizirana za u\u010dinkovito upravljanje toplote.<\/span><\/li>\n<li><span style=\"vertical-align: inherit;\">Stabilne temperature med delovanjem, prepre\u010devanje te\u017eav, kot je toplotni umik, in zagotavljanje dosledne kakovosti tiskanja.<\/span><\/li>\n<\/ul>\n<\/li>\n<li><strong><span style=\"vertical-align: inherit;\">Vsestranska zdru\u017eljivost:<\/span><\/strong>\n<ul>\n<li><span style=\"vertical-align: inherit;\">Zdru\u017eljiv z razli\u010dnimi pogonskimi osmi, vklju\u010dno z E\/Z\/Y\/X, ki ponuja vsestranskost za razli\u010dne zahteve projekta.<\/span><\/li>\n<li><span style=\"vertical-align: inherit;\">Zagotavlja dinami\u010dno in prilagodljivo platformo za ustvarjalnost, ki uporabnikom omogo\u010da prilagajanje 3D-tiskalnika posebnim potrebam projekta.<\/span><\/li>\n<\/ul>\n<\/li>\n<li><strong><span style=\"vertical-align: inherit;\">Zanesljiva konstrukcija:<\/span><\/strong>\n<ul>\n<li><span style=\"vertical-align: inherit;\">Trpe\u017ena in zanesljiva konstrukcija zagotavlja dolgo \u017eivljenjsko dobo mati\u010dne plo\u0161\u010de.<\/span><\/li>\n<li><span style=\"vertical-align: inherit;\">Zasnovan tako, da prenese obremenitve 3D-tiskanja in zagotavlja stabilno in dosledno delovanje skozi \u010das.<\/span><\/li>\n<\/ul>\n<\/li>\n<li><strong><span style=\"vertical-align: inherit;\">Uporabniku prijazen vmesnik:<\/span><\/strong>\n<ul>\n<li><span style=\"vertical-align: inherit;\">Intuitiven in uporabniku prijazen vmesnik za enostavno navigacijo in nadzor.<\/span><\/li>\n<li><span style=\"vertical-align: inherit;\">Izbolj\u0161a uporabni\u0161ko izku\u0161njo, zaradi \u010desar je dostopna tako za\u010detnikom kot izku\u0161enim uporabnikom.<\/span><\/li>\n<\/ul>\n<\/li>\n<\/ul>\n<p><span style=\"vertical-align: inherit;\">Opomba:<\/span><\/p>\n<ul>\n<li><span style=\"vertical-align: inherit;\">Ko je napajanje vklopljeno, ne priklju\u010dujte mati\u010dne plo\u0161\u010de ali zamenjajte katerega koli vmesnika modula (razen SD in USB).<\/span><\/li>\n<li><span style=\"vertical-align: inherit;\">Pred vklopom bodite pozorni na pozitivni in negativni pol napajalnega voda in vseh povezovalnih vrat. Izogibajte se po\u0161kodbam mati\u010dne plo\u0161\u010de.<\/span><\/li>\n<li><span style=\"vertical-align: inherit;\">Ne dotikajte se mati\u010dne plo\u0161\u010de z mokrimi rokami in jo hranite na suhem.<\/span><\/li>\n<li><span style=\"vertical-align: inherit;\">V nujnih primerih pravo\u010dasno izklopite napajanje.<\/span><\/li>\n<\/ul>\n<p><iframe loading=\"lazy\" title=\"Flashforge Creator 3 Pro: How to Replace The Motherboard\" width=\"1020\" height=\"574\" src=\"https:\/\/www.youtube.com\/embed\/Ed9Xcpigdqc?feature=oembed&#038;enablejsapi=1&#038;origin=https:\/\/azurefilm.com\" frameborder=\"0\" allow=\"accelerometer; autoplay; clipboard-write; encrypted-media; gyroscope; picture-in-picture; web-share\" allowfullscreen><\/iframe><\/p>\n","protected":false},"excerpt":{"rendered":"<p>Mati\u010dna plo\u0161\u010da za Creator 3 PRO<\/p>\n","protected":false},"featured_media":19096,"comment_status":"closed","ping_status":"closed","template":"","meta":{"_acf_changed":false},"product_brand":[],"product_cat":[760,781,759],"product_tag":[],"brand":[],"class_list":{"0":"post-19087","1":"product","2":"type-product","3":"status-publish","4":"has-post-thumbnail","6":"product_cat-rezervni-deli","7":"product_cat-maticne-plosce","8":"product_cat-znizano","10":"first","11":"instock","12":"sale","13":"taxable","14":"shipping-taxable","15":"purchasable","16":"product-type-simple"},"acf":[],"_links":{"self":[{"href":"https:\/\/azurefilm.com\/sl\/wp-json\/wp\/v2\/product\/19087","targetHints":{"allow":["GET"]}}],"collection":[{"href":"https:\/\/azurefilm.com\/sl\/wp-json\/wp\/v2\/product"}],"about":[{"href":"https:\/\/azurefilm.com\/sl\/wp-json\/wp\/v2\/types\/product"}],"replies":[{"embeddable":true,"href":"https:\/\/azurefilm.com\/sl\/wp-json\/wp\/v2\/comments?post=19087"}],"wp:featuredmedia":[{"embeddable":true,"href":"https:\/\/azurefilm.com\/sl\/wp-json\/wp\/v2\/media\/19096"}],"wp:attachment":[{"href":"https:\/\/azurefilm.com\/sl\/wp-json\/wp\/v2\/media?parent=19087"}],"wp:term":[{"taxonomy":"product_brand","embeddable":true,"href":"https:\/\/azurefilm.com\/sl\/wp-json\/wp\/v2\/product_brand?post=19087"},{"taxonomy":"product_cat","embeddable":true,"href":"https:\/\/azurefilm.com\/sl\/wp-json\/wp\/v2\/product_cat?post=19087"},{"taxonomy":"product_tag","embeddable":true,"href":"https:\/\/azurefilm.com\/sl\/wp-json\/wp\/v2\/product_tag?post=19087"},{"taxonomy":"brand","embeddable":true,"href":"https:\/\/azurefilm.com\/sl\/wp-json\/wp\/v2\/brand?post=19087"}],"curies":[{"name":"wp","href":"https:\/\/api.w.org\/{rel}","templated":true}]}}