
{"id":19312,"date":"2023-11-14T08:42:23","date_gmt":"2023-11-14T08:42:23","guid":{"rendered":"https:\/\/azurefilm.com\/?post_type=product&#038;p=19312"},"modified":"2025-08-22T10:34:13","modified_gmt":"2025-08-22T10:34:13","slug":"petg-pastel-filament-banana-yellow","status":"publish","type":"product","link":"https:\/\/azurefilm.com\/sl\/izdelek\/petg-pastel-filament-banana-yellow\/","title":{"rendered":"PETG Pastel filament Banana Yellow"},"content":{"rendered":"<h2><b>PETG Pastel<\/b><\/h2>\n<p><span style=\"font-weight: 400;\">PETG Pastel filamente odlikuje vrsta <\/span><b>ne\u017enih in mehkih odtenkov<\/b><span style=\"font-weight: 400;\">. Ta kolekcija predstavlja <\/span><b>milo barvno paleto<\/b><span style=\"font-weight: 400;\">, primerno za \u0161tevilne razli\u010dne aplikacije, kot so okrasni kosi, elektronski pripomo\u010dki, figurice in drugo. PETG Pastel filamenti izstopajo zaradi svojih <\/span><b>uporabniku prijaznih lastnostih<\/b><span style=\"font-weight: 400;\">, kar pomeni, da so tudi odli\u010dna izbira za za\u010detnike.<\/span><\/p>\n<h3><strong>PETG Pastel filament Banana Yellow<\/strong><\/h3>\n<p><span style=\"font-weight: 400;\">Ustvarite osupljive pastelne mojstrovine z na\u0161im PETG Pastel filament Banana Yellow. <\/span><\/p>\n<p><span style=\"font-weight: 400;\">\u010ce \u017eelite izvedeti ve\u010d o PETG filamentih, preberite na\u0161 <a href=\"https:\/\/azurefilm.com\/sl\/2023\/07\/10\/petg-filamenti-vse-kar-morate-vedeti\/\" target=\"_blank\" rel=\"noopener\"><strong>blog<\/strong><\/a>.<\/span><\/p>\n<p><span style=\"font-weight: 400;\">Tukaj lahko dostopate do <a href=\"https:\/\/azurefilm.com\/sl\/technical-data-sheets\/\" target=\"_blank\" rel=\"noopener\"><strong>tehni\u010dnega lista<\/strong><\/a>.<\/span><\/p>\n<h3><strong>Priporo\u010dila za tiskanje:<\/strong><\/h3>\n<ul>\n<li style=\"font-weight: 400;\" aria-level=\"1\"><span style=\"font-weight: 400;\">Za najbolj\u0161e rezultate tiskajte pri temperaturi 220\u2013240 \u00b0C*.\u00a0<\/span><\/li>\n<li style=\"font-weight: 400;\" aria-level=\"1\"><span style=\"font-weight: 400;\">Priporo\u010dena temperatura grelne mize je 80 \u00b0C.<\/span><\/li>\n<li style=\"font-weight: 400;\" aria-level=\"1\"><span style=\"font-weight: 400;\">Uporabite stekleno plo\u0161\u010do, PEI folijo, kapton ali modri trak za tiskalno povr\u0161ino s pr\u0161ilom 3Dlac.<\/span><\/li>\n<\/ul>\n<p><i><span style=\"font-weight: 400;\">*Idealna temperatura se lahko razlikuje pri uporabi razli\u010dnih tiskalnikov.<\/span><\/i><\/p>\n","protected":false},"excerpt":{"rendered":"<p><span style=\"font-weight: 400;\">Ustvarite osupljive pastelne mojstrovine z na\u0161im PETG Pastel filament Banana Yellow. <\/span><\/p>\n","protected":false},"featured_media":109673,"comment_status":"closed","ping_status":"closed","template":"","meta":{"_acf_changed":false},"product_brand":[],"product_cat":[1292,659,679,661],"product_tag":[],"brand":[267],"class_list":{"0":"post-19312","1":"product","2":"type-product","3":"status-publish","4":"has-post-thumbnail","6":"product_cat-petg-pastelni-sl","7":"product_cat-3d-filamenti","8":"product_cat-petg-filament-sl","9":"product_cat-vsi-filamenti","10":"pa_colour-yellow","11":"pa_filament-diameter-1-75mm","12":"pa_filament-weight-1000g","13":"brand-azurefilm","15":"first","16":"instock","17":"taxable","18":"shipping-taxable","19":"purchasable","20":"product-type-variable"},"acf":[],"_links":{"self":[{"href":"https:\/\/azurefilm.com\/sl\/wp-json\/wp\/v2\/product\/19312","targetHints":{"allow":["GET"]}}],"collection":[{"href":"https:\/\/azurefilm.com\/sl\/wp-json\/wp\/v2\/product"}],"about":[{"href":"https:\/\/azurefilm.com\/sl\/wp-json\/wp\/v2\/types\/product"}],"replies":[{"embeddable":true,"href":"https:\/\/azurefilm.com\/sl\/wp-json\/wp\/v2\/comments?post=19312"}],"wp:featuredmedia":[{"embeddable":true,"href":"https:\/\/azurefilm.com\/sl\/wp-json\/wp\/v2\/media\/109673"}],"wp:attachment":[{"href":"https:\/\/azurefilm.com\/sl\/wp-json\/wp\/v2\/media?parent=19312"}],"wp:term":[{"taxonomy":"product_brand","embeddable":true,"href":"https:\/\/azurefilm.com\/sl\/wp-json\/wp\/v2\/product_brand?post=19312"},{"taxonomy":"product_cat","embeddable":true,"href":"https:\/\/azurefilm.com\/sl\/wp-json\/wp\/v2\/product_cat?post=19312"},{"taxonomy":"product_tag","embeddable":true,"href":"https:\/\/azurefilm.com\/sl\/wp-json\/wp\/v2\/product_tag?post=19312"},{"taxonomy":"brand","embeddable":true,"href":"https:\/\/azurefilm.com\/sl\/wp-json\/wp\/v2\/brand?post=19312"}],"curies":[{"name":"wp","href":"https:\/\/api.w.org\/{rel}","templated":true}]}}