
{"id":20004,"date":"2023-11-18T12:05:42","date_gmt":"2023-11-18T12:05:42","guid":{"rendered":"https:\/\/azurefilm.com\/?post_type=product&#038;p=20004"},"modified":"2026-03-16T08:03:32","modified_gmt":"2026-03-16T08:03:32","slug":"teflonska-cev","status":"publish","type":"product","link":"https:\/\/azurefilm.com\/sl\/izdelek\/teflonska-cev\/","title":{"rendered":"Teflonska cev"},"content":{"rendered":"<h4>Teflonska cev<\/h4>\n<h3><strong><span style=\"vertical-align: inherit;\">Glavne lastnosti:<\/span><\/strong><\/h3>\n<ul>\n<li><strong><span style=\"vertical-align: inherit;\">Teflonska cev<\/span><\/strong><span style=\"vertical-align: inherit;\"> za povezavo filamenta od motorja do ekstruderja in originalne jeklene celice v bloku vro\u010dega konca.<\/span><\/li>\n<li><strong><span style=\"vertical-align: inherit;\">Izbolj\u0161anje tiskanja:<\/span><\/strong><span style=\"vertical-align: inherit;\"> Redno \u010di\u0161\u010denje Bowdenove cevi lahko povzro\u010di obrabo, bru\u0161enje ekstruderja pa zmanj\u0161a kakovost tiskanja.<\/span><\/li>\n<li><strong><span style=\"vertical-align: inherit;\">Cev: <\/span><\/strong><span style=\"vertical-align: inherit;\">PTFE Bowden cevi ponujajo izjemno prilagodljivost.<\/span><\/li>\n<li><strong><span style=\"vertical-align: inherit;\">Material: <\/span><\/strong><span style=\"vertical-align: inherit;\">izdelan iz mo\u010dnega, trpe\u017enega in prilagodljivega PTFE.<\/span><\/li>\n<li><strong><span style=\"font-size: 14.4px;\"><span style=\"vertical-align: inherit;\">Na voljo imamo 4 razli\u010dne velikosti priklju\u010dne cevi: <\/span><\/span><\/strong><span style=\"font-size: 14.4px;\"><span style=\"vertical-align: inherit;\">2\/4 mm, 2\/3 mm, 3\/4 mm, 4\/6 mm<\/span><\/span><\/li>\n<li><strong><span style=\"vertical-align: inherit;\">1 kos = 1 meter\u00a0<\/span><\/strong><\/li>\n<\/ul>\n<p><iframe loading=\"lazy\" title=\"Service tutorial Ender 3 Max teflon tube replacement\" width=\"1020\" height=\"574\" src=\"https:\/\/www.youtube.com\/embed\/ALkpqM85sWc?feature=oembed&#038;enablejsapi=1&#038;origin=https:\/\/azurefilm.com\" frameborder=\"0\" allow=\"accelerometer; autoplay; clipboard-write; encrypted-media; gyroscope; picture-in-picture; web-share\" allowfullscreen><\/iframe><\/p>\n","protected":false},"excerpt":{"rendered":"<p><span style=\"vertical-align: inherit;\">Teflonska cev: Izbolj\u0161ajte kakovost tiskanja z na\u0161o PTFE teflonsko Bowden cevjo, ki ponuja gladko podajanje filamentov, optimalno toplotno stabilnost in zdru\u017eljivost z razli\u010dnimi 3D tiskalniki za izbolj\u0161ano delovanje in brezhibne rezultate.<\/span><\/p>\n","protected":false},"featured_media":20067,"comment_status":"closed","ping_status":"closed","template":"","meta":{"_acf_changed":false},"product_brand":[],"product_cat":[760,765,761,759],"product_tag":[],"brand":[],"class_list":{"0":"post-20004","1":"product","2":"type-product","3":"status-publish","4":"has-post-thumbnail","6":"product_cat-rezervni-deli","7":"product_cat-bowdenove-cevi","8":"product_cat-vsi-rezervni-deli","9":"product_cat-znizano","11":"first","12":"instock","13":"sale","14":"taxable","15":"shipping-taxable","16":"purchasable","17":"product-type-variable"},"acf":[],"_links":{"self":[{"href":"https:\/\/azurefilm.com\/sl\/wp-json\/wp\/v2\/product\/20004","targetHints":{"allow":["GET"]}}],"collection":[{"href":"https:\/\/azurefilm.com\/sl\/wp-json\/wp\/v2\/product"}],"about":[{"href":"https:\/\/azurefilm.com\/sl\/wp-json\/wp\/v2\/types\/product"}],"replies":[{"embeddable":true,"href":"https:\/\/azurefilm.com\/sl\/wp-json\/wp\/v2\/comments?post=20004"}],"wp:featuredmedia":[{"embeddable":true,"href":"https:\/\/azurefilm.com\/sl\/wp-json\/wp\/v2\/media\/20067"}],"wp:attachment":[{"href":"https:\/\/azurefilm.com\/sl\/wp-json\/wp\/v2\/media?parent=20004"}],"wp:term":[{"taxonomy":"product_brand","embeddable":true,"href":"https:\/\/azurefilm.com\/sl\/wp-json\/wp\/v2\/product_brand?post=20004"},{"taxonomy":"product_cat","embeddable":true,"href":"https:\/\/azurefilm.com\/sl\/wp-json\/wp\/v2\/product_cat?post=20004"},{"taxonomy":"product_tag","embeddable":true,"href":"https:\/\/azurefilm.com\/sl\/wp-json\/wp\/v2\/product_tag?post=20004"},{"taxonomy":"brand","embeddable":true,"href":"https:\/\/azurefilm.com\/sl\/wp-json\/wp\/v2\/brand?post=20004"}],"curies":[{"name":"wp","href":"https:\/\/api.w.org\/{rel}","templated":true}]}}