
{"id":20955,"date":"2023-11-22T14:35:52","date_gmt":"2023-11-22T14:35:52","guid":{"rendered":"https:\/\/azurefilm.com\/?post_type=product&#038;p=20955"},"modified":"2025-08-22T10:34:37","modified_gmt":"2025-08-22T10:34:37","slug":"creality-standard-orange-smola","status":"publish","type":"product","link":"https:\/\/azurefilm.com\/sl\/izdelek\/creality-standard-orange-smola\/","title":{"rendered":"Creality Standard Orange smola"},"content":{"rendered":"<h2><strong>Creality Standard Orange smola<\/strong><\/h2>\n<p><span style=\"font-weight: 400;\">Creality Standard Orange smola je zelo natan\u010dna smola, ki se utrjuje z UV \u017earki, zasnovana za tiskalnike LCD, ki delujejo pri 405 nm. Ta smola se odlikuje po <\/span><b>minimalnem kr\u010denju<\/b><span style=\"font-weight: 400;\"> med postopkom utrjevanja, kar zagotavlja, da va\u0161i tiskalni modeli ohranjajo <\/span><b>visoko natan\u010dnost z gladko kon\u010dno obdelavo<\/b><span style=\"font-weight: 400;\">. Prednost daje va\u0161emu udobju s svojim <\/span><b>\u0161ibkim vonjem<\/b><span style=\"font-weight: 400;\">. Poleg tega se smola Creality pona\u0161a z <\/span><b>\u017eivimi in \u010distimi barvnimi u\u010dinki<\/b><span style=\"font-weight: 400;\">, zahvaljujo\u010d visokokakovostnim pigmentom.<\/span><\/p>\n<p><span style=\"font-weight: 400;\">Ta smola je varno zapakirana v stekleni\u010dki iz odebeljenega aluminija, ki jo \u0161\u010diti pred izpostavljenostjo svetlobi. <\/span><b>Zasnova emala\u017ee, ki ne pu\u0161\u010da<\/b><span style=\"font-weight: 400;\">, je dodatno za\u0161\u010ditena s plasti\u010dno vre\u010dko z mehur\u010dki, ki zagotavlja, da va\u0161a smola ostane v popolnem stanju. <\/span><b>Zdru\u017eljiva s \u0161iroko paleto LCD tiskalnikov<\/b><span style=\"font-weight: 400;\">, kot so Elegoo Mars, Creality LD002R, Anycubic Photon, SainSmart KL9 in podobni modeli, smola Creality Standard zagotavlja vrhunske rezultate za va\u0161e potrebe 3D tiskanja.<\/span><\/p>\n<h3><strong>Lastnosti:<\/strong><\/h3>\n<ul>\n<li style=\"font-weight: 400;\" aria-level=\"1\"><span style=\"font-weight: 400;\">Nizka stopnja kr\u010denja<\/span><\/li>\n<li style=\"font-weight: 400;\" aria-level=\"1\"><span style=\"font-weight: 400;\">\u0160ibek vonj<\/span><\/li>\n<li style=\"font-weight: 400;\" aria-level=\"1\"><span style=\"font-weight: 400;\">Gladka kon\u010dna povr\u0161ina<\/span><\/li>\n<\/ul>\n","protected":false},"excerpt":{"rendered":"<p>Pohvalite se z \u017eivahnimi in \u010distimi barvnimi u\u010dinki s smolo Creality Standard Orange (500 g).<\/p>\n","protected":false},"featured_media":20974,"comment_status":"closed","ping_status":"closed","template":"","meta":{"_acf_changed":false},"product_brand":[],"product_cat":[659,699,705,661],"product_tag":[],"brand":[],"class_list":{"0":"post-20955","1":"product","2":"type-product","3":"status-publish","4":"has-post-thumbnail","6":"product_cat-3d-filamenti","7":"product_cat-smola","8":"product_cat-standard-resin-sl","9":"product_cat-vsi-filamenti","10":"pa_colour-orange","11":"pa_resin-technology-dlp","12":"pa_resin-technology-lcd-msla","13":"pa_resin-type-standard","14":"pa_resin-weight-500g","16":"first","17":"outofstock","18":"taxable","19":"shipping-taxable","20":"purchasable","21":"product-type-simple"},"acf":[],"_links":{"self":[{"href":"https:\/\/azurefilm.com\/sl\/wp-json\/wp\/v2\/product\/20955","targetHints":{"allow":["GET"]}}],"collection":[{"href":"https:\/\/azurefilm.com\/sl\/wp-json\/wp\/v2\/product"}],"about":[{"href":"https:\/\/azurefilm.com\/sl\/wp-json\/wp\/v2\/types\/product"}],"replies":[{"embeddable":true,"href":"https:\/\/azurefilm.com\/sl\/wp-json\/wp\/v2\/comments?post=20955"}],"wp:featuredmedia":[{"embeddable":true,"href":"https:\/\/azurefilm.com\/sl\/wp-json\/wp\/v2\/media\/20974"}],"wp:attachment":[{"href":"https:\/\/azurefilm.com\/sl\/wp-json\/wp\/v2\/media?parent=20955"}],"wp:term":[{"taxonomy":"product_brand","embeddable":true,"href":"https:\/\/azurefilm.com\/sl\/wp-json\/wp\/v2\/product_brand?post=20955"},{"taxonomy":"product_cat","embeddable":true,"href":"https:\/\/azurefilm.com\/sl\/wp-json\/wp\/v2\/product_cat?post=20955"},{"taxonomy":"product_tag","embeddable":true,"href":"https:\/\/azurefilm.com\/sl\/wp-json\/wp\/v2\/product_tag?post=20955"},{"taxonomy":"brand","embeddable":true,"href":"https:\/\/azurefilm.com\/sl\/wp-json\/wp\/v2\/brand?post=20955"}],"curies":[{"name":"wp","href":"https:\/\/api.w.org\/{rel}","templated":true}]}}