
{"id":21218,"date":"2023-11-24T09:08:41","date_gmt":"2023-11-24T09:08:41","guid":{"rendered":"https:\/\/azurefilm.com\/?post_type=product&#038;p=21218"},"modified":"2026-04-04T18:39:08","modified_gmt":"2026-04-04T18:39:08","slug":"petg-original-filament-fuchsia-pink","status":"publish","type":"product","link":"https:\/\/azurefilm.com\/sl\/izdelek\/petg-original-filament-fuchsia-pink\/","title":{"rendered":"PETG Hyper Speed filament Fuchsia Pink"},"content":{"rendered":"<h2><b>PETG Original<\/b><\/h2>\n<p><span style=\"font-weight: 400;\">PETG Original ima odli\u010dne lastnosti in je eden izmed najbolj priljubljenih filamentov poleg PLA. PETG ima zaradi svoje strukture <\/span><b>trdne<\/b><span style=\"font-weight: 400;\">, <\/span><b>temperaturno obstojne<\/b><span style=\"font-weight: 400;\"> (do 80 \u00b0C) in <\/span><b>vzdr\u017eljive lastnosti<\/b><span style=\"font-weight: 400;\">. Z na\u0161imi PETG filamenti bo tiskanje enostavno in so zato <\/span><b>dobra izbira za za\u010detnike<\/b><span style=\"font-weight: 400;\">. Zaradi svojih lastnosti se PETG lahko uporablja za <\/span><b>\u0161tevilne razli\u010dne aplikacije<\/b><span style=\"font-weight: 400;\">, od okraskov, orodij in protetike do mehanskih izdelkov in robotike.<\/span><\/p>\n<h2><strong>PETG Original filament Fuchsia Pink <\/strong><\/h2>\n<p><span style=\"font-weight: 400;\">Ustvarjajte osupljive in igrive dizajne z AzureFilm PETG Original filament Fuchsia Pink.<\/span><\/p>\n<p><span style=\"font-weight: 400;\">\u010ce \u017eelite izvedeti ve\u010d o PETG filamentih, preberite na\u0161 <a href=\"https:\/\/azurefilm.com\/sl\/2023\/07\/10\/petg-filamenti\/\" target=\"_blank\" rel=\"noopener\">blog<\/a>.\u00a0<\/span><\/p>\n<p><span style=\"font-weight: 400;\">Tukaj lahko dostopate do <a href=\"https:\/\/azurefilm.com\/sl\/technical-data-sheets\/\" target=\"_blank\" rel=\"noopener\">tehni\u010dnega lista<\/a>.<\/span><\/p>\n<h3><strong>Priporo\u010dila za tiskanje:<\/strong><\/h3>\n<ul>\n<li style=\"font-weight: 400;\" aria-level=\"1\"><span style=\"font-weight: 400;\">Za najbolj\u0161e rezultate tiskajte pri temperaturi 220\u2013240 \u00b0C*.\u00a0<\/span><\/li>\n<li style=\"font-weight: 400;\" aria-level=\"1\"><span style=\"font-weight: 400;\">Priporo\u010dena temperatura grelne mize je 80 \u00b0C.<\/span><\/li>\n<li style=\"font-weight: 400;\" aria-level=\"1\"><span style=\"font-weight: 400;\">Uporabite stekleno plo\u0161\u010do, PEI folijo, kapton ali modri trak za tiskalno povr\u0161ino s pr\u0161ilom 3Dlac.<\/span><\/li>\n<\/ul>\n<p><i><span style=\"font-weight: 400;\">*Idealna temperatura se lahko razlikuje pri uporabi razli\u010dnih tiskalnikov.<\/span><\/i><\/p>\n","protected":false},"excerpt":{"rendered":"<p><span style=\"font-weight: 400;\">Ustvarjajte osupljive in igrive dizajne z AzureFilm PETG Hyper Speed filament Fuchsia Pink.<\/span><\/p>\n<p><b>Prosimo upo\u0161tevajte:<\/b><span style=\"font-weight: 400;\"> Gre za isto zaupanja vredno formulo PETG Original, ki je sedaj preimenovana v <\/span><b>PETG Hyper Speed<\/b><span style=\"font-weight: 400;\">, zaradi mo\u017enosti zelo visoke hitrosti tiskanja. Nakupujte zdaj in do\u017eivite novo raven PETG!<\/span><\/p>\n","protected":false},"featured_media":109553,"comment_status":"closed","ping_status":"closed","template":"","meta":{"_acf_changed":false},"product_brand":[],"product_cat":[682,659,679,661,759],"product_tag":[1532],"brand":[267],"class_list":{"0":"post-21218","1":"product","2":"type-product","3":"status-publish","4":"has-post-thumbnail","6":"product_cat-petg-original-sl","7":"product_cat-3d-filamenti","8":"product_cat-petg-filament-sl","9":"product_cat-vsi-filamenti","10":"product_cat-znizano","11":"product_tag-high-speed","12":"pa_colour-pink","13":"pa_filament-diameter-1-75mm","14":"pa_filament-weight-1000g","15":"brand-azurefilm","17":"first","18":"instock","19":"sale","20":"taxable","21":"shipping-taxable","22":"purchasable","23":"product-type-variable","24":"has-default-attributes"},"acf":[],"_links":{"self":[{"href":"https:\/\/azurefilm.com\/sl\/wp-json\/wp\/v2\/product\/21218","targetHints":{"allow":["GET"]}}],"collection":[{"href":"https:\/\/azurefilm.com\/sl\/wp-json\/wp\/v2\/product"}],"about":[{"href":"https:\/\/azurefilm.com\/sl\/wp-json\/wp\/v2\/types\/product"}],"replies":[{"embeddable":true,"href":"https:\/\/azurefilm.com\/sl\/wp-json\/wp\/v2\/comments?post=21218"}],"wp:featuredmedia":[{"embeddable":true,"href":"https:\/\/azurefilm.com\/sl\/wp-json\/wp\/v2\/media\/109553"}],"wp:attachment":[{"href":"https:\/\/azurefilm.com\/sl\/wp-json\/wp\/v2\/media?parent=21218"}],"wp:term":[{"taxonomy":"product_brand","embeddable":true,"href":"https:\/\/azurefilm.com\/sl\/wp-json\/wp\/v2\/product_brand?post=21218"},{"taxonomy":"product_cat","embeddable":true,"href":"https:\/\/azurefilm.com\/sl\/wp-json\/wp\/v2\/product_cat?post=21218"},{"taxonomy":"product_tag","embeddable":true,"href":"https:\/\/azurefilm.com\/sl\/wp-json\/wp\/v2\/product_tag?post=21218"},{"taxonomy":"brand","embeddable":true,"href":"https:\/\/azurefilm.com\/sl\/wp-json\/wp\/v2\/brand?post=21218"}],"curies":[{"name":"wp","href":"https:\/\/api.w.org\/{rel}","templated":true}]}}