
{"id":21332,"date":"2023-11-24T11:03:04","date_gmt":"2023-11-24T11:03:04","guid":{"rendered":"https:\/\/azurefilm.com\/?post_type=product&#038;p=21332"},"modified":"2025-08-22T10:34:44","modified_gmt":"2025-08-22T10:34:44","slug":"mix-flexible-98a","status":"publish","type":"product","link":"https:\/\/azurefilm.com\/sl\/izdelek\/mix-flexible-98a\/","title":{"rendered":"Mix Flexible 98A"},"content":{"rendered":"<h2><b>Flexible 98A<\/b><\/h2>\n<p><span style=\"font-weight: 400;\">Flexible 98A filamenti so narejeni iz <\/span><b>TPU <\/b><span style=\"font-weight: 400;\">(termoplasti\u010dnega poliuretana) in imajo <\/span><b>lastnosti, podobne gumi<\/b><span style=\"font-weight: 400;\">. To pomeni, da je material izjemno <\/span><b>fleksibilen<\/b><span style=\"font-weight: 400;\">, a tudi zelo <\/span><b>vzdr\u017eljiv<\/b><span style=\"font-weight: 400;\">. Flexible filamenti se pogosto uporabljajo za proizvodnjo gospodinjskih aparatov, igra\u010d, etuijev za telefone, zapestnic, avtomobilskih delov in medicinskih materialov. \u010ce potrebujete nekaj, kar se mora upogibati, raztezati ali stiskati, bo ta filament kos tej nalogi.<\/span><\/p>\n<p><span style=\"font-weight: 400;\">Obstajajo <\/span><b>razli\u010dne vrste trdot <\/b><span style=\"font-weight: 400;\">Flexible filamentov, ozna\u010dene s \u0161tevilkami od 0 do 100 in \u010drkami od A do D. Material postaja tr\u0161i in tr\u0161i, ko se \u0161tevilo ali \u010drka pove\u010duje. <\/span><b>98A Shore pomeni<\/b><span style=\"font-weight: 400;\">, da je filament zelo trd in ga je mogo\u010de primerjati s trdoto kolesa nakupovalnega vozi\u010dka.<\/span><\/p>\n<p><b>Opozorilo:<\/b><span style=\"font-weight: 400;\"> \u010ce med 3D tiskanjem sli\u0161ite pokanje filamenta, to pomeni, da je filament vla\u017een in ga je treba za bolj\u0161e rezultate posu\u0161iti. Uporabite su\u0161ilnik filamentov, kot je <strong>Creality Dry Box<\/strong>.<\/span><\/p>\n<p>&nbsp;<\/p>\n<p><img decoding=\"async\" class=\"alignnone size-medium wp-image-17898\" src=\"https:\/\/azurefilm.com\/wp-content\/uploads\/2023\/10\/Flexible-filament-table.jpg\" alt=\" width=\" height=\"400\" title=\"\"><\/p>\n<h2><strong>Mix Flexible 98A<\/strong><\/h2>\n<p><b>Kako so izdelani Mix filamenti?<\/b><span style=\"font-weight: 400;\"> Med proizvodnjo prehajamo med barvami, ne da bi ustavili proizvodni proces, saj s tem <\/span><b>prihranimo \u010das, vire in energijo<\/b><span style=\"font-weight: 400;\">. Posledi\u010dno, ko spremenimo barvo, pride do postopnega prehoda v filamentu iz ene barve v drugo. Namesto da zavr\u017eemo filament, kjer pride do prehoda, smo se odlo\u010dili ustvariti Mix filamente. <\/span><b>Zavezani smo k okolju prijaznemu delovanju in zmanj\u0161evanju koli\u010dine odpadkov<\/b><span style=\"font-weight: 400;\">.<\/span><\/p>\n<p><span style=\"font-weight: 400;\">Mix Flexible 98A je <\/span><b>me\u0161anica razli\u010dnih Flexible barv<\/b><span style=\"font-weight: 400;\"> iz na\u0161e ponudbe. <\/span><b>Barve in \u0161tevilo barv v <\/b><span style=\"font-weight: 400;\">Mix Flexible 98A<\/span><b> so popolnoma naklju\u010dne in se spreminjajo z vsakim naro\u010dilom<\/b><span style=\"font-weight: 400;\">. AzureFilm Mix Flexible 98A je popoln za vsakogar, ki ne potrebuje posebne barve filamenta ali pa bo kon\u010dni izdelek pobarval. Z nakupom tega artikla se strinjate, da prejmete naklju\u010dni kolut po na\u0161i izbiri.<\/span><\/p>\n<p><span style=\"font-weight: 400;\">\u010ce \u017eelite izvedeti ve\u010d o Flexible filamentih, preberite na\u0161 <a href=\"https:\/\/azurefilm.com\/sl\/2023\/08\/09\/flexible-filamenti\/\" target=\"_blank\" rel=\"noopener\"><strong>blog<\/strong><\/a>. <\/span><\/p>\n<p><span style=\"font-weight: 400;\">Tukaj lahko dostopate do <a href=\"https:\/\/azurefilm.com\/sl\/technical-data-sheets\/\" target=\"_blank\" rel=\"noopener\"><strong> tehni\u010dnega lista<\/strong><\/a>.<\/span><\/p>\n<h3><strong>Priporo\u010dila za tiskanje:<\/strong><\/h3>\n<ul>\n<li><span style=\"font-weight: 400;\">Za najbolj\u0161e rezultate tiskajte pri temperaturi 220\u2013240 \u00b0C*.<\/span><\/li>\n<li><span style=\"font-weight: 400;\">Priporo\u010dena temperatura grelne mize je 80 \u00b0C.<\/span><\/li>\n<li><b>Tiskajte pri nizki hitrosti 10\u201330 mm\/s<\/b><\/li>\n<li><span style=\"font-weight: 400;\">Uporabite stekleno plo\u0161\u010do, PEI folijo, kapton ali modri trak za tiskalno povr\u0161ino s pr\u0161ilom 3Dlac<\/span><i><span style=\"font-weight: 400;\">.<\/span><\/i><\/li>\n<\/ul>\n<p><i><span style=\"font-weight: 400;\">*Idealna temperatura se lahko razlikuje pri uporabi razli\u010dnih tiskalnikov.<\/span><\/i><\/p>\n","protected":false},"excerpt":{"rendered":"<p><span style=\"font-weight: 400;\">Izbolj\u0161ajte svoje sposobnosti 3D tiskanja in uporabite na\u0161 Mix Flexible 98A za popolno me\u0161anico vsestranskosti, mo\u010di in prilagodljivosti.\u00a0<\/span><\/p>\n","protected":false},"featured_media":21337,"comment_status":"closed","ping_status":"closed","template":"","meta":{"_acf_changed":false},"product_brand":[],"product_cat":[669,659,1564,670,1379,667,661],"product_tag":[1524,1528],"brand":[267],"class_list":{"0":"post-21332","1":"product","2":"type-product","3":"status-publish","4":"has-post-thumbnail","6":"product_cat-tpu-98a-sl","7":"product_cat-3d-filamenti","8":"product_cat-eko-filament-za-ekolosko-3d-tiskanje","9":"product_cat-mix-filamenti-sl","10":"product_cat-mix-flexible-98a-sl","11":"product_cat-fleksibilni-tpu-filament","12":"product_cat-vsi-filamenti","13":"product_tag-eko","14":"product_tag-nakljucna-barva","15":"pa_colour-random","16":"pa_filament-diameter-1-75mm","17":"pa_filament-weight-300g","18":"brand-azurefilm","20":"first","21":"instock","22":"taxable","23":"shipping-taxable","24":"product-type-simple"},"acf":[],"_links":{"self":[{"href":"https:\/\/azurefilm.com\/sl\/wp-json\/wp\/v2\/product\/21332","targetHints":{"allow":["GET"]}}],"collection":[{"href":"https:\/\/azurefilm.com\/sl\/wp-json\/wp\/v2\/product"}],"about":[{"href":"https:\/\/azurefilm.com\/sl\/wp-json\/wp\/v2\/types\/product"}],"replies":[{"embeddable":true,"href":"https:\/\/azurefilm.com\/sl\/wp-json\/wp\/v2\/comments?post=21332"}],"wp:featuredmedia":[{"embeddable":true,"href":"https:\/\/azurefilm.com\/sl\/wp-json\/wp\/v2\/media\/21337"}],"wp:attachment":[{"href":"https:\/\/azurefilm.com\/sl\/wp-json\/wp\/v2\/media?parent=21332"}],"wp:term":[{"taxonomy":"product_brand","embeddable":true,"href":"https:\/\/azurefilm.com\/sl\/wp-json\/wp\/v2\/product_brand?post=21332"},{"taxonomy":"product_cat","embeddable":true,"href":"https:\/\/azurefilm.com\/sl\/wp-json\/wp\/v2\/product_cat?post=21332"},{"taxonomy":"product_tag","embeddable":true,"href":"https:\/\/azurefilm.com\/sl\/wp-json\/wp\/v2\/product_tag?post=21332"},{"taxonomy":"brand","embeddable":true,"href":"https:\/\/azurefilm.com\/sl\/wp-json\/wp\/v2\/brand?post=21332"}],"curies":[{"name":"wp","href":"https:\/\/api.w.org\/{rel}","templated":true}]}}