
{"id":22241,"date":"2023-12-08T12:26:15","date_gmt":"2023-12-08T12:26:15","guid":{"rendered":"https:\/\/azurefilm.com\/?post_type=product&#038;p=22241"},"modified":"2026-03-31T04:55:47","modified_gmt":"2026-03-31T04:55:47","slug":"komplet-za-vakuumsko-shranjevanje-filamentov-10-kosov","status":"publish","type":"product","link":"https:\/\/azurefilm.com\/sl\/izdelek\/komplet-za-vakuumsko-shranjevanje-filamentov-10-kosov\/","title":{"rendered":"Komplet za vakuumsko shranjevanje filamentov (10 kosov)"},"content":{"rendered":"<p><span style=\"vertical-align: inherit;\">Komplet za vakuumsko shranjevanje filamentov (10 kosov)<\/span><\/p>\n<h2><strong><span style=\"vertical-align: inherit;\">Klju\u010dne lastnosti:<\/span><\/strong><\/h2>\n<ul>\n<li><strong><span style=\"vertical-align: inherit;\">Stanje \u017earilne nitke:<\/span><\/strong>\n<ul>\n<li><span style=\"vertical-align: inherit;\">Klju\u010d do visokokakovostnega 3D tiskanja.<\/span><\/li>\n<li><span style=\"vertical-align: inherit;\">Varno shranjevanje filamenta v vrhunskem stanju.<\/span><\/li>\n<\/ul>\n<\/li>\n<li><strong><span style=\"vertical-align: inherit;\">Vzdr\u017eljiva vakuumska za\u0161\u010dita:<\/span><\/strong>\n<ul>\n<li><span style=\"vertical-align: inherit;\">Kompresijske vre\u010dke iz trpe\u017enega materiala.<\/span><\/li>\n<li><span style=\"vertical-align: inherit;\">Zmogljiv vakuumski tesnilni ventil.<\/span><\/li>\n<li><span style=\"vertical-align: inherit;\">Dvojno zapiranje za popolno hermeti\u010dnost.<\/span><\/li>\n<\/ul>\n<\/li>\n<li><strong><span style=\"vertical-align: inherit;\">Za\u0161\u010dita pred vlago:<\/span><\/strong>\n<ul>\n<li><span style=\"vertical-align: inherit;\">Zagotavlja za\u0161\u010dito pred vlago, ohranja filamente optimalno suhe.<\/span><\/li>\n<\/ul>\n<\/li>\n<li><strong><span style=\"vertical-align: inherit;\">Enostavno sledenje:<\/span><\/strong>\n<ul>\n<li><span style=\"vertical-align: inherit;\">Prozorne vakuumske vre\u010dke omogo\u010dajo vizualni pregled brez odpiranja.<\/span><\/li>\n<\/ul>\n<\/li>\n<li><strong><span style=\"vertical-align: inherit;\">Nastavljiva velikost torbe:<\/span><\/strong>\n<ul>\n<li><span style=\"vertical-align: inherit;\">Velikosti: 30 cm \u00d7 40 cm; 40 cm x 40 cm.<\/span><\/li>\n<li><span style=\"vertical-align: inherit;\">Prilagodljivo na 0,5 kg\/0,75 kg\/1 kg 1,75 mm\/2,85 mm\/3 mm snope filamentov.<\/span><\/li>\n<\/ul>\n<\/li>\n<li><strong><span style=\"vertical-align: inherit;\">Enostaven za uporabo:<\/span><\/strong>\n<ul>\n<li><span style=\"vertical-align: inherit;\">Uporabniku prijazen dizajn omogo\u010da enostavno uporabo in shranjevanje.<\/span><\/li>\n<\/ul>\n<\/li>\n<li><strong><span style=\"vertical-align: inherit;\">Zanesljiva za\u0161\u010dita tiska:<\/span><\/strong><\/li>\n<li><span style=\"vertical-align: inherit;\">Paket vsebuje 10 kosov vakuumske vre\u010dke + 1 \u010drpalko<\/span><\/li>\n<\/ul>\n<p>&nbsp;<\/p>\n","protected":false},"excerpt":{"rendered":"<p>Komplet za vakuumsko shranjevanje filamentov (10 kosov)<\/p>\n","protected":false},"featured_media":23738,"comment_status":"closed","ping_status":"closed","template":"","meta":{"_acf_changed":false},"product_brand":[],"product_cat":[760,788,790,761],"product_tag":[],"brand":[],"class_list":{"0":"post-22241","1":"product","2":"type-product","3":"status-publish","4":"has-post-thumbnail","6":"product_cat-rezervni-deli","7":"product_cat-drugi-predmeti","8":"product_cat-orodja","9":"product_cat-vsi-rezervni-deli","11":"first","12":"instock","13":"taxable","14":"shipping-taxable","15":"purchasable","16":"product-type-simple"},"acf":[],"_links":{"self":[{"href":"https:\/\/azurefilm.com\/sl\/wp-json\/wp\/v2\/product\/22241","targetHints":{"allow":["GET"]}}],"collection":[{"href":"https:\/\/azurefilm.com\/sl\/wp-json\/wp\/v2\/product"}],"about":[{"href":"https:\/\/azurefilm.com\/sl\/wp-json\/wp\/v2\/types\/product"}],"replies":[{"embeddable":true,"href":"https:\/\/azurefilm.com\/sl\/wp-json\/wp\/v2\/comments?post=22241"}],"wp:featuredmedia":[{"embeddable":true,"href":"https:\/\/azurefilm.com\/sl\/wp-json\/wp\/v2\/media\/23738"}],"wp:attachment":[{"href":"https:\/\/azurefilm.com\/sl\/wp-json\/wp\/v2\/media?parent=22241"}],"wp:term":[{"taxonomy":"product_brand","embeddable":true,"href":"https:\/\/azurefilm.com\/sl\/wp-json\/wp\/v2\/product_brand?post=22241"},{"taxonomy":"product_cat","embeddable":true,"href":"https:\/\/azurefilm.com\/sl\/wp-json\/wp\/v2\/product_cat?post=22241"},{"taxonomy":"product_tag","embeddable":true,"href":"https:\/\/azurefilm.com\/sl\/wp-json\/wp\/v2\/product_tag?post=22241"},{"taxonomy":"brand","embeddable":true,"href":"https:\/\/azurefilm.com\/sl\/wp-json\/wp\/v2\/brand?post=22241"}],"curies":[{"name":"wp","href":"https:\/\/api.w.org\/{rel}","templated":true}]}}