
{"id":22381,"date":"2024-05-13T11:33:41","date_gmt":"2024-05-13T11:33:41","guid":{"rendered":"https:\/\/azurefilm.com\/?post_type=product&#038;p=22381"},"modified":"2025-10-26T11:58:45","modified_gmt":"2025-10-26T11:58:45","slug":"creality-mk8-medeninaste-sobe-5-pack","status":"publish","type":"product","link":"https:\/\/azurefilm.com\/sl\/izdelek\/creality-mk8-medeninaste-sobe-5-pack\/","title":{"rendered":"Creality MK8 medeninaste \u0161obe (5 pack)"},"content":{"rendered":"<h2><span style=\"font-weight: 400;\">Klju\u010dne lastnosti<\/span><\/h2>\n<p><span style=\"font-weight: 400;\">Creality MK8 medeninaste \u0161obe 5 pack vsebuje:<\/span><\/p>\n<ul>\n<li style=\"font-weight: 400;\" aria-level=\"1\"><span style=\"font-weight: 400;\">1x 0,25 mm medeninasta \u0161oba<\/span><\/li>\n<li style=\"font-weight: 400;\" aria-level=\"1\"><span style=\"font-weight: 400;\">2x 0,40 mm medeninasta \u0161oba<\/span><\/li>\n<li style=\"font-weight: 400;\" aria-level=\"1\"><span style=\"font-weight: 400;\">1x 0,60 mm medeninasta \u0161oba<\/span><\/li>\n<li style=\"font-weight: 400;\" aria-level=\"1\"><span style=\"font-weight: 400;\">1x 0,80 mm medeninasta \u0161oba<\/span><\/li>\n<\/ul>\n<p><span style=\"font-weight: 400;\">Vsaka od teh \u0161ob ima druga\u010den premer odprtine, kar vpliva na debelino nanosa filamenta med tiskanjem. Na splo\u0161no velja, da manj\u0161a \u0161oba omogo\u010da bolj natan\u010dno in podrobno tiskanje, medtem ko ve\u010dje \u0161obe pospe\u0161ujejo postopek tiskanja, vendar z nekoliko manj\u0161o natan\u010dnostjo.<\/span><\/p>\n<p><span style=\"font-weight: 400;\">Pred uporabo katere koli nove \u0161obe je priporo\u010dljivo preveriti in prilagoditi nastavitve tiskalnika glede na izbrano velikost \u0161obe. Poleg tega je vedno dobro imeti rezervne \u0161obe, \u010de pride do obrabe ali po\u0161kodbe med tiskanjem.<\/span><\/p>\n","protected":false},"excerpt":{"rendered":"<p><span style=\"font-weight: 400;\">Vsaka \u0161oba v Creality MK8 medeninaste \u0161obe (5 pack) ima razli\u010den diameter, kar uporabniku omog\u010da izbiro med \u017eeljenim premerom diametra glede na specifi\u010dne zahteve 3D tiskanja.<\/span><\/p>\n","protected":false},"featured_media":34254,"comment_status":"closed","ping_status":"closed","template":"","meta":{"_acf_changed":false},"product_brand":[],"product_cat":[760,785,786,761,759],"product_tag":[],"brand":[],"class_list":{"0":"post-22381","1":"product","2":"type-product","3":"status-publish","4":"has-post-thumbnail","6":"product_cat-rezervni-deli","7":"product_cat-sobe","8":"product_cat-utrjene-sobe-odporne-proti-obrabi","9":"product_cat-vsi-rezervni-deli","10":"product_cat-znizano","12":"first","13":"instock","14":"sale","15":"taxable","16":"shipping-taxable","17":"purchasable","18":"product-type-simple"},"acf":[],"_links":{"self":[{"href":"https:\/\/azurefilm.com\/sl\/wp-json\/wp\/v2\/product\/22381","targetHints":{"allow":["GET"]}}],"collection":[{"href":"https:\/\/azurefilm.com\/sl\/wp-json\/wp\/v2\/product"}],"about":[{"href":"https:\/\/azurefilm.com\/sl\/wp-json\/wp\/v2\/types\/product"}],"replies":[{"embeddable":true,"href":"https:\/\/azurefilm.com\/sl\/wp-json\/wp\/v2\/comments?post=22381"}],"wp:featuredmedia":[{"embeddable":true,"href":"https:\/\/azurefilm.com\/sl\/wp-json\/wp\/v2\/media\/34254"}],"wp:attachment":[{"href":"https:\/\/azurefilm.com\/sl\/wp-json\/wp\/v2\/media?parent=22381"}],"wp:term":[{"taxonomy":"product_brand","embeddable":true,"href":"https:\/\/azurefilm.com\/sl\/wp-json\/wp\/v2\/product_brand?post=22381"},{"taxonomy":"product_cat","embeddable":true,"href":"https:\/\/azurefilm.com\/sl\/wp-json\/wp\/v2\/product_cat?post=22381"},{"taxonomy":"product_tag","embeddable":true,"href":"https:\/\/azurefilm.com\/sl\/wp-json\/wp\/v2\/product_tag?post=22381"},{"taxonomy":"brand","embeddable":true,"href":"https:\/\/azurefilm.com\/sl\/wp-json\/wp\/v2\/brand?post=22381"}],"curies":[{"name":"wp","href":"https:\/\/api.w.org\/{rel}","templated":true}]}}