
{"id":24290,"date":"2023-12-13T12:06:06","date_gmt":"2023-12-13T12:06:06","guid":{"rendered":"https:\/\/azurefilm.com\/?post_type=product&#038;p=24290"},"modified":"2026-04-01T10:12:41","modified_gmt":"2026-04-01T10:12:41","slug":"unset-pla-glitter","status":"publish","type":"product","link":"https:\/\/azurefilm.com\/sl\/izdelek\/unset-pla-glitter\/","title":{"rendered":"Unset PLA Glitter"},"content":{"rendered":"<h2><b>PLA Glitter<\/b><\/h2>\n<p><span style=\"font-weight: 400;\">PLA Glitter filamenti so izdelani iz na\u0161ega PLA Original in vsebujejo <\/span><b>ble\u0161\u010de\u010de delce<\/b><span style=\"font-weight: 400;\"> za bolj ble\u0161\u010de\u010d u\u010dinek na va\u0161ih odtisih. PLA Glitter je podoben PLA Original, kar pomeni, da je <\/span><b>biolo\u0161ko razgradljiv<\/b><span style=\"font-weight: 400;\">, se <\/span><b>enostavno tiska<\/b><span style=\"font-weight: 400;\"> in daje <\/span><b>dosledne rezultate<\/b><span style=\"font-weight: 400;\">.\u00a0 Pri tiskanju s PLA Glitter filamenti pa morate biti previdni, saj so ble\u0161\u010de\u010di delci rahlo abrazivni in lahko obrabijo \u0161obo. Priporo\u010damo <\/span><b>uporabo 0,6 mm \u0161obe, ki je odporna proti obrabi<\/b><span style=\"font-weight: 400;\">.\u00a0<\/span><\/p>\n<h2><strong>Unset PLA Glitter<\/strong><\/h2>\n<p><span style=\"font-weight: 400;\">Unset filamenti so va\u0161a <\/span><b>ekolo\u0161ka izbira<\/b><span style=\"font-weight: 400;\"> za prihajajo\u010de projekte. Ti filamenti so narejeni iz odve\u010dnega materiala, ki nastane med na\u0161imi proizvodnimi procesi. To pomeni, da je Unset filament izdelan iz <\/span><b>100 % recikliranih materialov<\/b><span style=\"font-weight: 400;\"> in <\/span><b>pripomore k zmanj\u0161anju odpadkov<\/b><span style=\"font-weight: 400;\">. Barva teh filamentov se spreminja z vsakim naro\u010dilom zaradi razli\u010dnih kombinacij barv recikliranih materialov.<\/span><\/p>\n<p><span style=\"font-weight: 400;\">\u010ce \u017eelite izvedeti ve\u010d o PLA filamentih, preberite na\u0161 <a href=\"https:\/\/azurefilm.com\/sl\/2023\/07\/04\/pla-filamenti\/\" target=\"_blank\" rel=\"noopener\">blog<\/a>.\u00a0<\/span><\/p>\n<p><span style=\"font-weight: 400;\">Tukaj lahko dostopate do <a href=\"https:\/\/azurefilm.com\/sl\/technical-data-sheets\/\" target=\"_blank\" rel=\"noopener\">tehni\u010dnega lista<\/a>.<\/span><\/p>\n<h3><strong>Priporo\u010dila za tiskanje:<\/strong><\/h3>\n<ul>\n<li style=\"font-weight: 400;\" aria-level=\"1\"><span style=\"font-weight: 400;\">Za najbolj\u0161e rezultate tiskajte pri temperaturi 220\u2013230 \u00b0C*.\u00a0<\/span><\/li>\n<li style=\"font-weight: 400;\" aria-level=\"1\"><span style=\"font-weight: 400;\">Ogrevane tiskalne plo\u0161\u010de ne potrebujete, vendar priporo\u010damo, da jo segrejete na 50\u201360 \u00b0C.\u00a0<\/span><\/li>\n<li style=\"font-weight: 400;\" aria-level=\"1\"><span style=\"font-weight: 400;\">Uporabite stekleno plo\u0161\u010do, PEI folijo, kapton ali modri trak za tiskalno povr\u0161ino s pr\u0161ilom 3Dlac.<\/span><\/li>\n<li style=\"font-weight: 400;\" aria-level=\"1\"><span style=\"font-weight: 400;\">Svetujemo uporabo vsaj 0,6 mm \u0161obe, da se ne zama\u0161i<\/span><i><span style=\"font-weight: 400;\">.<\/span><\/i><\/li>\n<\/ul>\n<p><i><span style=\"font-weight: 400;\">*Idealna temperatura se lahko razlikuje pri uporabi razli\u010dnih tiskalnikov.<\/span><\/i><\/p>\n","protected":false},"excerpt":{"rendered":"<p>Preizkusite na\u0161 Unset PLA Glitter in za\u010dnite ustvarjati okolju prijazne dizajne z ble\u0161\u010de\u010do ter sijo\u010do povr\u0161ino.<\/p>\n","protected":false},"featured_media":114559,"comment_status":"closed","ping_status":"closed","template":"","meta":{"_acf_changed":false},"product_brand":[],"product_cat":[659,685,686,725,661,759],"product_tag":[],"brand":[],"class_list":{"0":"post-24290","1":"product","2":"type-product","3":"status-publish","4":"has-post-thumbnail","6":"product_cat-3d-filamenti","7":"product_cat-pla-filament-sl","8":"product_cat-pla-blesceci-sl","9":"product_cat-unset-reciklirani-filament","10":"product_cat-vsi-filamenti","11":"product_cat-znizano","12":"pa_colour-random","13":"pa_filament-diameter-1-75mm","14":"pa_filament-weight-1000g","16":"first","17":"instock","18":"sale","19":"taxable","20":"shipping-taxable","21":"purchasable","22":"product-type-variable","23":"has-default-attributes"},"acf":[],"_links":{"self":[{"href":"https:\/\/azurefilm.com\/sl\/wp-json\/wp\/v2\/product\/24290","targetHints":{"allow":["GET"]}}],"collection":[{"href":"https:\/\/azurefilm.com\/sl\/wp-json\/wp\/v2\/product"}],"about":[{"href":"https:\/\/azurefilm.com\/sl\/wp-json\/wp\/v2\/types\/product"}],"replies":[{"embeddable":true,"href":"https:\/\/azurefilm.com\/sl\/wp-json\/wp\/v2\/comments?post=24290"}],"wp:featuredmedia":[{"embeddable":true,"href":"https:\/\/azurefilm.com\/sl\/wp-json\/wp\/v2\/media\/114559"}],"wp:attachment":[{"href":"https:\/\/azurefilm.com\/sl\/wp-json\/wp\/v2\/media?parent=24290"}],"wp:term":[{"taxonomy":"product_brand","embeddable":true,"href":"https:\/\/azurefilm.com\/sl\/wp-json\/wp\/v2\/product_brand?post=24290"},{"taxonomy":"product_cat","embeddable":true,"href":"https:\/\/azurefilm.com\/sl\/wp-json\/wp\/v2\/product_cat?post=24290"},{"taxonomy":"product_tag","embeddable":true,"href":"https:\/\/azurefilm.com\/sl\/wp-json\/wp\/v2\/product_tag?post=24290"},{"taxonomy":"brand","embeddable":true,"href":"https:\/\/azurefilm.com\/sl\/wp-json\/wp\/v2\/brand?post=24290"}],"curies":[{"name":"wp","href":"https:\/\/api.w.org\/{rel}","templated":true}]}}