
{"id":24632,"date":"2023-12-18T13:48:06","date_gmt":"2023-12-18T13:48:06","guid":{"rendered":"https:\/\/azurefilm.com\/?post_type=product&#038;p=24632"},"modified":"2026-02-10T10:20:34","modified_gmt":"2026-02-10T10:20:34","slug":"bambu-lab-a1-combo-pro-pack","status":"publish","type":"product","link":"https:\/\/azurefilm.com\/sl\/izdelek\/bambu-lab-a1-combo-pro-pack\/","title":{"rendered":"Bambu Lab A1 Combo BUNDLE"},"content":{"rendered":"<p><iframe loading=\"lazy\" title=\"YouTube video player\" src=\"https:\/\/www.youtube.com\/embed\/Lb-0C0a3j4g?si=C6wzAf2hXxnWbU8f\" width=\"560\" height=\"315\" frameborder=\"0\" allowfullscreen=\"allowfullscreen\"><\/iframe><\/p>\n<h2>Ve\u010dbarvni tisk<\/h2>\n<p>AMS Lite je inovativen ve\u010dbarvni sistem, ki olaj\u0161a delo za\u010detnikom.<\/p>\n<h2>Aktivna kompenzacija pretoka<\/h2>\n<p>Izkusite revolucionarni nadzor pretoka. Visokofrekven\u010dni tokovni senzor visoke lo\u010dljivosti Bambu Lab meri tlak v \u0161obi in aktivno prilagaja pretok za natan\u010dno ekstruzijo. Ni\u010d ve\u010d neenakomernih odtisov.<\/p>\n<h2>Popolna samodejna kalibracija<\/h2>\n<p>A1 vse kalibracije opravi sam. Od Z-odmika do nivoja postelje, vibracij in tlaka \u0161ob, samodejno prilagodi vse za vsak tisk.<\/p>\n<h2>Hitra menjava \u0161obe<\/h2>\n<p>Zamenjava \u0161ob je z novo zasnovo enostavna \u2013 vtaknite in izvlecite jo s samo eno sponko.<\/p>\n<h2>Aktivno du\u0161enje hrupa motorja<\/h2>\n<p>Bambu Lab A1 se prilagaja majhnim razlikam v motorju, zaradi \u010desar je va\u0161e tiskanje ti\u0161je z odpravljanjem ne\u017eelenega hrupa.<\/p>\n<h2>Dr\u017ealo za podlogo s hitrostjo in kakovostjo CoreXY<\/h2>\n<p>Z mo\u010dnimi kovinskimi tirnicami, robustnim okvirjem, posebnimi senzorji, merilniki pospe\u0161ka, zmogljivim ra\u010dunalnikom in pametnim nadzorom gibanja A1 tiska hitro in natan\u010dno.<\/p>\n<h2>Sinhronizacija z Bambu Studio in Bambu Handy<\/h2>\n<p>Z lahkoto nadzorujte in opazujte svoj tiskalnik prek programa Bambu Studio ali Bambu Handy. Ujemite svoje natise v akciji z vgrajeno kamero.<\/p>\n","protected":false},"excerpt":{"rendered":"<p>U\u017eivajte v neomejenih mo\u017enostih 3D tiskanja z Bambu Lab A1 Combo v kombinaciji s \u0161tirimi kilogrami AzureFilm Refill filamentov in 4 Master Spool-i.<\/p>\n","protected":false},"featured_media":86547,"comment_status":"closed","ping_status":"closed","template":"","meta":{"_acf_changed":false},"product_brand":[],"product_cat":[733,796,736,755,735,759],"product_tag":[],"brand":[268],"class_list":{"0":"post-24632","1":"product","2":"type-product","3":"status-publish","4":"has-post-thumbnail","6":"product_cat-3d-tiskalnik","7":"product_cat-bambu-lab","8":"product_cat-fdm-tiskalnik","9":"product_cat-posebni-paketi","10":"product_cat-vsi-3d-tiskalniki","11":"product_cat-znizano","12":"pa_colour-black","13":"pa_colour-blue","14":"pa_colour-gray","15":"pa_colour-green","16":"pa_colour-white","17":"pa_filament-diameter-1-75mm","18":"pa_filament-weight-1000g","19":"brand-bambu-lab","21":"first","22":"instock","23":"sale","24":"taxable","25":"shipping-taxable","26":"purchasable","27":"product-type-variable"},"acf":[],"_links":{"self":[{"href":"https:\/\/azurefilm.com\/sl\/wp-json\/wp\/v2\/product\/24632","targetHints":{"allow":["GET"]}}],"collection":[{"href":"https:\/\/azurefilm.com\/sl\/wp-json\/wp\/v2\/product"}],"about":[{"href":"https:\/\/azurefilm.com\/sl\/wp-json\/wp\/v2\/types\/product"}],"replies":[{"embeddable":true,"href":"https:\/\/azurefilm.com\/sl\/wp-json\/wp\/v2\/comments?post=24632"}],"wp:featuredmedia":[{"embeddable":true,"href":"https:\/\/azurefilm.com\/sl\/wp-json\/wp\/v2\/media\/86547"}],"wp:attachment":[{"href":"https:\/\/azurefilm.com\/sl\/wp-json\/wp\/v2\/media?parent=24632"}],"wp:term":[{"taxonomy":"product_brand","embeddable":true,"href":"https:\/\/azurefilm.com\/sl\/wp-json\/wp\/v2\/product_brand?post=24632"},{"taxonomy":"product_cat","embeddable":true,"href":"https:\/\/azurefilm.com\/sl\/wp-json\/wp\/v2\/product_cat?post=24632"},{"taxonomy":"product_tag","embeddable":true,"href":"https:\/\/azurefilm.com\/sl\/wp-json\/wp\/v2\/product_tag?post=24632"},{"taxonomy":"brand","embeddable":true,"href":"https:\/\/azurefilm.com\/sl\/wp-json\/wp\/v2\/brand?post=24632"}],"curies":[{"name":"wp","href":"https:\/\/api.w.org\/{rel}","templated":true}]}}