
{"id":26388,"date":"2024-01-22T11:05:56","date_gmt":"2024-01-22T11:05:56","guid":{"rendered":"https:\/\/azurefilm.com\/?post_type=product&#038;p=26388"},"modified":"2026-03-23T18:52:48","modified_gmt":"2026-03-23T18:52:48","slug":"petg-skin-filament-espresso","status":"publish","type":"product","link":"https:\/\/azurefilm.com\/sl\/izdelek\/petg-skin-filament-espresso\/","title":{"rendered":"PETG Skin filament Espresso"},"content":{"rendered":"<h2><strong>PETG Skin<\/strong><\/h2>\n<p><span style=\"font-weight: 400;\">Spoznajte filamente PETG Skin! Ta kolekcija je bila zasnovana za vse, ki \u017eelijo ustvarjati realisti\u010dne 3D tiske. <\/span><b>Vse barve posnemajo videz in teksturo \u010dlove\u0161ke ko\u017ee.<\/b><span style=\"font-weight: 400;\"> Izbirajte med razli\u010dnimi odtenki in dosezite \u017eeleni videz svojega tiska. PETG Skin lahko uporabite za cosplay rekvizite, \u010dlove\u0161ke figure, protetiko in druge umetni\u0161ke projekte, ki zahtevajo realisti\u010den videz ali teksturo ko\u017ee. S PETG Skin filamenti je zelo enostavno tiskati, zato so <\/span><b>primerna izbira za za\u010detnike<\/b><span style=\"font-weight: 400;\">.<\/span><\/p>\n<h2><strong>PETG Skin filament Espresso<\/strong><\/h2>\n<p><span style=\"font-weight: 400;\">Naj bodo va\u0161i dizajni drzni in obogateni z odtenkom PETG Skin filament Espresso.<\/span><\/p>\n<p><span style=\"font-weight: 400;\">\u010ce \u017eelite izvedeti ve\u010d o PETG filamentih, preberite na\u0161 <a href=\"https:\/\/azurefilm.com\/sl\/2023\/07\/10\/petg-filamenti\/\" target=\"_blank\" rel=\"noopener\">blog<\/a>.\u00a0<\/span><\/p>\n<p><span style=\"font-weight: 400;\">Tukaj lahko dostopate do <a href=\"https:\/\/azurefilm.com\/sl\/technical-data-sheets\/\" target=\"_blank\" rel=\"noopener\">tehni\u010dnega lista<\/a>.<\/span><\/p>\n<h3><strong>Priporo\u010dila za tiskanje:<\/strong><\/h3>\n<ul>\n<li style=\"font-weight: 400;\" aria-level=\"1\"><span style=\"font-weight: 400;\">Za najbolj\u0161e rezultate tiskajte pri temperaturi 220\u2013240 \u00b0C*.\u00a0<\/span><\/li>\n<li style=\"font-weight: 400;\" aria-level=\"1\"><span style=\"font-weight: 400;\">Priporo\u010dena temperatura grelne mize je 80 \u00b0C.<\/span><\/li>\n<li style=\"font-weight: 400;\" aria-level=\"1\"><span style=\"font-weight: 400;\">Uporabite stekleno plo\u0161\u010do, PEI folijo, kapton ali modri trak za tiskalno povr\u0161ino s pr\u0161ilom 3Dlac.<\/span><\/li>\n<\/ul>\n<p><i><span style=\"font-weight: 400;\">*Idealna temperatura se lahko razlikuje pri uporabi razli\u010dnih tiskalnikov.<\/span><\/i><\/p>\n","protected":false},"excerpt":{"rendered":"<p><span style=\"font-weight: 400;\">Naj bodo va\u0161i dizajni drzni in obogateni z odtenkom PETG Skin filament Espresso.<\/span><\/p>\n","protected":false},"featured_media":109746,"comment_status":"closed","ping_status":"closed","template":"","meta":{"_acf_changed":false},"product_brand":[],"product_cat":[1514,659,679,661],"product_tag":[],"brand":[267],"class_list":{"0":"post-26388","1":"product","2":"type-product","3":"status-publish","4":"has-post-thumbnail","6":"product_cat-petg-barva-koze-sl","7":"product_cat-3d-filamenti","8":"product_cat-petg-filament-sl","9":"product_cat-vsi-filamenti","10":"pa_colour-brown","11":"pa_colour-skin","12":"pa_filament-diameter-1-75mm","13":"pa_filament-weight-1000g","14":"brand-azurefilm","16":"first","17":"instock","18":"taxable","19":"shipping-taxable","20":"purchasable","21":"product-type-variable","22":"has-default-attributes"},"acf":[],"_links":{"self":[{"href":"https:\/\/azurefilm.com\/sl\/wp-json\/wp\/v2\/product\/26388","targetHints":{"allow":["GET"]}}],"collection":[{"href":"https:\/\/azurefilm.com\/sl\/wp-json\/wp\/v2\/product"}],"about":[{"href":"https:\/\/azurefilm.com\/sl\/wp-json\/wp\/v2\/types\/product"}],"replies":[{"embeddable":true,"href":"https:\/\/azurefilm.com\/sl\/wp-json\/wp\/v2\/comments?post=26388"}],"wp:featuredmedia":[{"embeddable":true,"href":"https:\/\/azurefilm.com\/sl\/wp-json\/wp\/v2\/media\/109746"}],"wp:attachment":[{"href":"https:\/\/azurefilm.com\/sl\/wp-json\/wp\/v2\/media?parent=26388"}],"wp:term":[{"taxonomy":"product_brand","embeddable":true,"href":"https:\/\/azurefilm.com\/sl\/wp-json\/wp\/v2\/product_brand?post=26388"},{"taxonomy":"product_cat","embeddable":true,"href":"https:\/\/azurefilm.com\/sl\/wp-json\/wp\/v2\/product_cat?post=26388"},{"taxonomy":"product_tag","embeddable":true,"href":"https:\/\/azurefilm.com\/sl\/wp-json\/wp\/v2\/product_tag?post=26388"},{"taxonomy":"brand","embeddable":true,"href":"https:\/\/azurefilm.com\/sl\/wp-json\/wp\/v2\/brand?post=26388"}],"curies":[{"name":"wp","href":"https:\/\/api.w.org\/{rel}","templated":true}]}}